{"id":78153,"date":"2023-03-17T18:38:38","date_gmt":"2023-03-17T17:38:38","guid":{"rendered":"https:\/\/watchdeluxe.it\/prodotto\/indicador-de-fecha-nomos-metro-ref-1101\/"},"modified":"2026-04-13T09:55:15","modified_gmt":"2026-04-13T07:55:15","slug":"nomos-indicador-medidor-ref-1101","status":"publish","type":"product","link":"https:\/\/watchdeluxe.it\/es\/prodotto\/nomos-indicador-medidor-ref-1101\/","title":{"rendered":"Indicador de fecha Nomos Metro ref. 1101"},"content":{"rendered":"<p>Indicador de fecha Nomos Metro ref. 1101<\/p>\n<div class=\"list-couple\">\n<div class=\"specs-list\">\n<dl>\n<dt>Caso<\/dt>\n<dd>acero inoxidable<br \/>\ntrasera de cristal de zafiro<\/dd>\n<\/dl>\n<dl>\n<dt>Vidrio<\/dt>\n<dd>cristal de zafiro abombado<\/dd>\n<\/dl>\n<dl>\n<dt>Carga<\/dt>\n<dd>manual<\/dd>\n<\/dl>\n<dl>\n<dt>Dimensiones<\/dt>\n<dd>di\u00e1metro <span class=\"size-property\"> 37,0 mm <\/span><br \/>\ngrosor 7 <span class=\"size-property\">,7 mm <\/span><br \/>\nTama\u00f1o del bucle exterior <span class=\"size-property\"> 43,6 mm <\/span> <\/dd>\n<\/dl>\n<dl>\n<dt>Resistencia al agua<\/dt>\n<dd>3 atm (a prueba de salpicaduras)<\/dd>\n<\/dl>\n<\/div>\n<div class=\"specs-list\">\n<dl>\n<dt>Marque<\/dt>\n<dd>galvanizado, plateado blanco<br \/>\n\u00edndices verde menta a las tres, nueve y doce horas<\/dd>\n<\/dl>\n<dl>\n<dt>Manos<\/dt>\n<dd>negro oxidado, segundero rojo<\/dd>\n<\/dl>\n<dl>\n<dt>correa<\/dt>\n<dd>Horween Genuine Shell Cordovan negro, con pasadores de cierre r\u00e1pido<br \/>\n<span class=\"size-property\">  ancho de bucle 18 mm  <\/span><\/dd>\n<\/dl>\n<\/div>\n<\/div>\n","protected":false},"excerpt":{"rendered":"<p>Indicador de fecha Nomos Metro ref. 1101 Caso acero inoxidable trasera de cristal de zafiro Vidrio cristal de zafiro abombado Carga manual Dimensiones di\u00e1metro 37,0 mm grosor 7 ,7 mm Tama\u00f1o del bucle exterior 43,6 mm Resistencia al agua 3 atm (a prueba de salpicaduras) Marque galvanizado, plateado blanco \u00edndices verde menta a las tres, [&hellip;]<\/p>\n","protected":false},"featured_media":173423,"template":"","meta":{"_crdt_document":"","advanced_seo_description":"","jetpack_seo_html_title":"","jetpack_seo_noindex":false},"product_brand":[],"product_cat":[1919],"product_tag":[1589],"berocket_brand":[],"woo-feed-brand":[],"class_list":{"0":"post-78153","1":"product","2":"type-product","3":"status-publish","4":"has-post-thumbnail","6":"product_cat-nomos-glashutte","7":"product_tag-metro","9":"first","10":"instock","11":"sale","12":"taxable","13":"shipping-taxable","14":"purchasable","15":"product-type-simple"},"bundled_by":[],"bundle_stock_status":"instock","bundle_stock_quantity":1,"bundle_virtual":false,"bundle_layout":"","bundle_add_to_cart_form_location":"","bundle_editable_in_cart":false,"bundle_sold_individually_context":"","bundle_item_grouping":"","bundle_min_size":"","bundle_max_size":"","bundle_price":[],"bundled_items":[],"bundle_sell_ids":[],"group_of_quantity":0,"min_quantity":0,"max_quantity":"","exclude_order_quantity_value_rules":"no","exclude_category_quantity_rules":"no","combine_variations":"no","exclude_global_add_ons":[],"addons":[],"jetpack_sharing_enabled":true,"jetpack_likes_enabled":true,"_links":{"self":[{"href":"https:\/\/watchdeluxe.it\/es\/wp-json\/wp\/v2\/product\/78153","targetHints":{"allow":["GET"]}}],"collection":[{"href":"https:\/\/watchdeluxe.it\/es\/wp-json\/wp\/v2\/product"}],"about":[{"href":"https:\/\/watchdeluxe.it\/es\/wp-json\/wp\/v2\/types\/product"}],"wp:featuredmedia":[{"embeddable":true,"href":"https:\/\/watchdeluxe.it\/es\/wp-json\/wp\/v2\/media\/173423"}],"wp:attachment":[{"href":"https:\/\/watchdeluxe.it\/es\/wp-json\/wp\/v2\/media?parent=78153"}],"wp:term":[{"taxonomy":"product_brand","embeddable":true,"href":"https:\/\/watchdeluxe.it\/es\/wp-json\/wp\/v2\/product_brand?post=78153"},{"taxonomy":"product_cat","embeddable":true,"href":"https:\/\/watchdeluxe.it\/es\/wp-json\/wp\/v2\/product_cat?post=78153"},{"taxonomy":"product_tag","embeddable":true,"href":"https:\/\/watchdeluxe.it\/es\/wp-json\/wp\/v2\/product_tag?post=78153"},{"taxonomy":"berocket_brand","embeddable":true,"href":"https:\/\/watchdeluxe.it\/es\/wp-json\/wp\/v2\/berocket_brand?post=78153"},{"taxonomy":"woo-feed-brand","embeddable":true,"href":"https:\/\/watchdeluxe.it\/es\/wp-json\/wp\/v2\/woo-feed-brand?post=78153"}],"curies":[{"name":"wp","href":"https:\/\/api.w.org\/{rel}","templated":true}]}}