{"id":78135,"date":"2023-03-17T18:38:36","date_gmt":"2023-03-17T17:38:36","guid":{"rendered":"https:\/\/watchdeluxe.it\/prodotto\/longines-conquest-cuarzo-ref-l37004786\/"},"modified":"2026-04-14T14:26:14","modified_gmt":"2026-04-14T12:26:14","slug":"longines-conquest-quarzo-ref-l37004786","status":"publish","type":"product","link":"https:\/\/watchdeluxe.it\/es\/prodotto\/longines-conquest-quarzo-ref-l37004786\/","title":{"rendered":"Longines Conquest cuarzo ref. L37004786"},"content":{"rendered":"<p>Longines Conquest Cuarzo ref. L37004786<\/p>\n<ul>\n<li><label>Marca <a href=\"https:\/\/yourwatches.it\/longines\/\">Longines<\/a> <\/label><\/li>\n<li><label>Serie <a href=\"https:\/\/yourwatches.it\/longines\/longines-conquest\/\">Longines Conquest<\/a> <\/label><\/li>\n<li><label>Modelo L37004786  <\/label><\/li>\n<li><label>Sexo Masculino  <\/label><\/li>\n<li>\n<\/li>\n<li>Marque<\/li>\n<li>\n<\/li>\n<li><label>Color Plata  <\/label><\/li>\n<li><label>Acabado pulido  <\/label><\/li>\n<li><label>\u00cdndices \u00cdndices  <\/label><\/li>\n<li><label>Esferas luminosas plateadas  <\/label><\/li>\n<li>\n<\/li>\n<li>Caso<\/li>\n<li><label>Material Acero inoxidable <\/label><\/li>\n<li><label>Cristal de zafiro <\/label><\/li>\n<li><label>Espalda completa  <\/label><\/li>\n<li><label>Forma redonda<\/label><\/li>\n<li><label>Di\u00e1metro 41 mm  <\/label><\/li>\n<li><label>Altura 15,15 mm  <\/label><\/li>\n<li><label>Anchura de la luz 21 mm  <\/label><\/li>\n<li>\n<\/li>\n<li>Movimiento<\/li>\n<li>Tipo Cuarzo<\/li>\n<li>\n<\/li>\n<li>Correa<\/li>\n<li><label>Material Acero inoxidable <\/label><\/li>\n<li>\n<\/li>\n<li>\n<\/li>\n<li><label>Resistente al agua 300 m  <\/label><\/li>\n<\/ul>\n","protected":false},"excerpt":{"rendered":"<p>Longines Conquest Cuarzo ref. L37004786 Marca Longines Serie Longines Conquest Modelo L37004786 Sexo Masculino Marque Color Plata Acabado pulido \u00cdndices \u00cdndices Esferas luminosas plateadas Caso Material Acero inoxidable Cristal de zafiro Espalda completa Forma redonda Di\u00e1metro 41 mm Altura 15,15 mm Anchura de la luz 21 mm Movimiento Tipo Cuarzo Correa Material Acero inoxidable Resistente [&hellip;]<\/p>\n","protected":false},"featured_media":174744,"template":"","meta":{"_crdt_document":"","advanced_seo_description":"","jetpack_seo_html_title":"","jetpack_seo_noindex":false},"product_brand":[],"product_cat":[2187],"product_tag":[2416],"berocket_brand":[],"woo-feed-brand":[],"class_list":{"0":"post-78135","1":"product","2":"type-product","3":"status-publish","4":"has-post-thumbnail","6":"product_cat-longines-es","7":"product_tag-conquista","9":"first","10":"instock","11":"sale","12":"taxable","13":"shipping-taxable","14":"purchasable","15":"product-type-simple"},"bundled_by":[],"bundle_stock_status":"instock","bundle_stock_quantity":1,"bundle_virtual":false,"bundle_layout":"","bundle_add_to_cart_form_location":"","bundle_editable_in_cart":false,"bundle_sold_individually_context":"","bundle_item_grouping":"","bundle_min_size":"","bundle_max_size":"","bundle_price":[],"bundled_items":[],"bundle_sell_ids":[],"group_of_quantity":0,"min_quantity":0,"max_quantity":"","exclude_order_quantity_value_rules":"no","exclude_category_quantity_rules":"no","combine_variations":"no","jetpack_sharing_enabled":true,"jetpack_likes_enabled":true,"_links":{"self":[{"href":"https:\/\/watchdeluxe.it\/es\/wp-json\/wp\/v2\/product\/78135","targetHints":{"allow":["GET"]}}],"collection":[{"href":"https:\/\/watchdeluxe.it\/es\/wp-json\/wp\/v2\/product"}],"about":[{"href":"https:\/\/watchdeluxe.it\/es\/wp-json\/wp\/v2\/types\/product"}],"wp:featuredmedia":[{"embeddable":true,"href":"https:\/\/watchdeluxe.it\/es\/wp-json\/wp\/v2\/media\/174744"}],"wp:attachment":[{"href":"https:\/\/watchdeluxe.it\/es\/wp-json\/wp\/v2\/media?parent=78135"}],"wp:term":[{"taxonomy":"product_brand","embeddable":true,"href":"https:\/\/watchdeluxe.it\/es\/wp-json\/wp\/v2\/product_brand?post=78135"},{"taxonomy":"product_cat","embeddable":true,"href":"https:\/\/watchdeluxe.it\/es\/wp-json\/wp\/v2\/product_cat?post=78135"},{"taxonomy":"product_tag","embeddable":true,"href":"https:\/\/watchdeluxe.it\/es\/wp-json\/wp\/v2\/product_tag?post=78135"},{"taxonomy":"berocket_brand","embeddable":true,"href":"https:\/\/watchdeluxe.it\/es\/wp-json\/wp\/v2\/berocket_brand?post=78135"},{"taxonomy":"woo-feed-brand","embeddable":true,"href":"https:\/\/watchdeluxe.it\/es\/wp-json\/wp\/v2\/woo-feed-brand?post=78135"}],"curies":[{"name":"wp","href":"https:\/\/api.w.org\/{rel}","templated":true}]}}