{"id":77871,"date":"2023-03-17T18:39:11","date_gmt":"2023-03-17T17:39:11","guid":{"rendered":"https:\/\/watchdeluxe.it\/prodotto\/tag-heuer-carrera-ref-wbn2410-ba0621\/"},"modified":"2026-04-07T12:00:54","modified_gmt":"2026-04-07T10:00:54","slug":"tag-heuer-carrera-ref-wbn2410-ba0621","status":"publish","type":"product","link":"https:\/\/watchdeluxe.it\/es\/prodotto\/tag-heuer-carrera-ref-wbn2410-ba0621\/","title":{"rendered":"TAG Heuer Carrera REF. WBN2410.BA0621"},"content":{"rendered":"<p>TAG Heuer Carrera REF. WBN2410.BA0621<\/p>\n<div class=\"card\" data-mce-fragment=\"1\">\n<div id=\"headingcase\" class=\"card-header\" data-mce-fragment=\"1\">\n<h3 class=\"mb-0\" data-mce-fragment=\"1\"><\/h3>\n<\/div>\n<div id=\"collapsecase\" class=\"collapse show\" aria-labelledby=\"headingcase\" data-parent=\"#tech-accordion\" data-mce-fragment=\"1\">\n<div class=\"card-body\" data-mce-fragment=\"1\">\n<div class=\"row\" data-mce-fragment=\"1\">\n<div class=\"col-12 col-lg-6\" data-mce-fragment=\"1\">\n<p data-mce-fragment=\"1\"> <span class=\"spec-title\" data-mce-fragment=\"1\"> Tama\u00f1o <\/span> <span class=\"spec-value\" data-mce-fragment=\"1\"> 29 mm <\/span> <\/p>\n<\/div>\n<div class=\"col-12 col-lg-6\" data-mce-fragment=\"1\">\n<p data-mce-fragment=\"1\"> <span class=\"spec-title\" data-mce-fragment=\"1\"> Espesor <\/span> <span class=\"spec-value\" data-mce-fragment=\"1\"> 10,75 mm <\/span> <\/p>\n<\/div>\n<div class=\"col-12 col-lg-6\" data-mce-fragment=\"1\">\n<p data-mce-fragment=\"1\"> <span class=\"spec-title\" data-mce-fragment=\"1\"> Distancia entre leng\u00fcetas <\/span> <span class=\"spec-value\" data-mce-fragment=\"1\"> 15,00 mm <\/span> <\/p>\n<\/div>\n<div class=\"col-12 col-lg-6\" data-mce-fragment=\"1\">\n<p data-mce-fragment=\"1\"> <span class=\"spec-title\" data-mce-fragment=\"1\"> Resistencia al agua <\/span> <span class=\"spec-value\" data-mce-fragment=\"1\"> 100 m <\/span> <\/p>\n<\/div>\n<div class=\"col-12 col-lg-6\" data-mce-fragment=\"1\">\n<p data-mce-fragment=\"1\"> <span class=\"spec-title\" data-mce-fragment=\"1\"> Cuerpo de la caja <\/span> <span class=\"spec-value\" data-mce-fragment=\"1\"> Acero pulido <\/span> <\/p>\n<\/div>\n<div class=\"col-12 col-lg-6\" data-mce-fragment=\"1\">\n<p data-mce-fragment=\"1\"> <span class=\"spec-title\" data-mce-fragment=\"1\"> Bisel <\/span> <span class=\"spec-value\" data-mce-fragment=\"1\"> Bisel fijo Acero <\/span> <\/p>\n<\/div>\n<div class=\"col-12 col-lg-6\" data-mce-fragment=\"1\">\n<p data-mce-fragment=\"1\"> <span class=\"spec-title\" data-mce-fragment=\"1\"> Volver <\/span> <span class=\"spec-value\" data-mce-fragment=\"1\"> Acero <\/span> <\/p>\n<div class=\"card\">\n<div id=\"headingmovement\" class=\"card-header\"><\/div>\n<div id=\"collapsemovement\" class=\"collapse show\" data-parent=\"#tech-accordion\" aria-labelledby=\"headingmovement\">\n<div class=\"card-body\">\n<div class=\"row\">\n<div class=\"col-12 col-lg-6\">\n<p> <span class=\"spec-title\"> Calibre <\/span> <span class=\"spec-value\"> Calibre 9 autom\u00e1tico <\/span> <\/p>\n<\/div>\n<div class=\"col-12 col-lg-6\">\n<p> <span class=\"spec-title\"> Movimiento <\/span> <span class=\"spec-value\"> Reloj autom\u00e1tico <\/span> <\/p>\n<\/div>\n<div class=\"col-12 col-lg-6\">\n<p> <span class=\"spec-title\"> Reserva de marcha (horas) <\/span> <span class=\"spec-value\"> 40 <\/span> <\/p>\n<\/div>\n<div class=\"col-12 col-lg-6\">\n<p> <span class=\"spec-title\"> Frecuencia del balanc\u00edn <\/span> <span class=\"spec-value\"> 28&#8217;800 (4 Hz) <\/span> <\/p>\n<\/div>\n<div class=\"col-12 col-lg-6\">\n<p> <span class=\"spec-title\"> Funciones <\/span> <span class=\"spec-value\"> Horas, minutos, segundos, fecha <\/span> <\/p>\n<\/div>\n<\/div>\n<\/div>\n<\/div>\n<\/div>\n<\/div>\n<\/div>\n<\/div>\n<\/div>\n<\/div>\n","protected":false},"excerpt":{"rendered":"<p>TAG Heuer Carrera REF. WBN2410.BA0621 Tama\u00f1o 29 mm Espesor 10,75 mm Distancia entre leng\u00fcetas 15,00 mm Resistencia al agua 100 m Cuerpo de la caja Acero pulido Bisel Bisel fijo Acero Volver Acero Calibre Calibre 9 autom\u00e1tico Movimiento Reloj autom\u00e1tico Reserva de marcha (horas) 40 Frecuencia del balanc\u00edn 28&#8217;800 (4 Hz) Funciones Horas, minutos, segundos, [&hellip;]<\/p>\n","protected":false},"featured_media":146348,"template":"","meta":{"_crdt_document":"","advanced_seo_description":"","jetpack_seo_html_title":"","jetpack_seo_noindex":false},"product_brand":[],"product_cat":[2264],"product_tag":[2375],"berocket_brand":[],"woo-feed-brand":[],"class_list":{"0":"post-77871","1":"product","2":"type-product","3":"status-publish","4":"has-post-thumbnail","6":"product_cat-tag-heuer-es","7":"product_tag-carrera-es","9":"first","10":"instock","11":"sale","12":"taxable","13":"shipping-taxable","14":"purchasable","15":"product-type-simple"},"bundled_by":[],"bundle_stock_status":"instock","bundle_stock_quantity":1,"bundle_virtual":false,"bundle_layout":"","bundle_add_to_cart_form_location":"","bundle_editable_in_cart":false,"bundle_sold_individually_context":"","bundle_item_grouping":"","bundle_min_size":"","bundle_max_size":"","bundle_price":[],"bundled_items":[],"bundle_sell_ids":[],"group_of_quantity":0,"min_quantity":0,"max_quantity":"","exclude_order_quantity_value_rules":"no","exclude_category_quantity_rules":"no","combine_variations":"no","exclude_global_add_ons":[],"addons":[],"jetpack_sharing_enabled":true,"jetpack_likes_enabled":true,"_links":{"self":[{"href":"https:\/\/watchdeluxe.it\/es\/wp-json\/wp\/v2\/product\/77871","targetHints":{"allow":["GET"]}}],"collection":[{"href":"https:\/\/watchdeluxe.it\/es\/wp-json\/wp\/v2\/product"}],"about":[{"href":"https:\/\/watchdeluxe.it\/es\/wp-json\/wp\/v2\/types\/product"}],"wp:featuredmedia":[{"embeddable":true,"href":"https:\/\/watchdeluxe.it\/es\/wp-json\/wp\/v2\/media\/146348"}],"wp:attachment":[{"href":"https:\/\/watchdeluxe.it\/es\/wp-json\/wp\/v2\/media?parent=77871"}],"wp:term":[{"taxonomy":"product_brand","embeddable":true,"href":"https:\/\/watchdeluxe.it\/es\/wp-json\/wp\/v2\/product_brand?post=77871"},{"taxonomy":"product_cat","embeddable":true,"href":"https:\/\/watchdeluxe.it\/es\/wp-json\/wp\/v2\/product_cat?post=77871"},{"taxonomy":"product_tag","embeddable":true,"href":"https:\/\/watchdeluxe.it\/es\/wp-json\/wp\/v2\/product_tag?post=77871"},{"taxonomy":"berocket_brand","embeddable":true,"href":"https:\/\/watchdeluxe.it\/es\/wp-json\/wp\/v2\/berocket_brand?post=77871"},{"taxonomy":"woo-feed-brand","embeddable":true,"href":"https:\/\/watchdeluxe.it\/es\/wp-json\/wp\/v2\/woo-feed-brand?post=77871"}],"curies":[{"name":"wp","href":"https:\/\/api.w.org\/{rel}","templated":true}]}}