{"id":77859,"date":"2025-10-24T10:24:50","date_gmt":"2025-10-24T08:24:50","guid":{"rendered":"https:\/\/watchdeluxe.it\/prodotto\/actualizacion-nomos-glashutte-metro-neomatik-ref-1165\/"},"modified":"2026-04-10T09:27:05","modified_gmt":"2026-04-10T07:27:05","slug":"nomos-glashutte-metro-neomatik-update-ref-1165","status":"publish","type":"product","link":"https:\/\/watchdeluxe.it\/es\/prodotto\/nomos-glashutte-metro-neomatik-update-ref-1165\/","title":{"rendered":"Actualizaci\u00f3n Nomos Glashutte Metro Neomatik REF. 1165"},"content":{"rendered":"<p>Actualizaci\u00f3n Nomos Glashutte Metro Neomatik REF. 1165<\/p>\n<div class=\"specs-list\">\n<dl>\n<dt>Caso<\/dt>\n<dd>acero inoxidable, bipartito<br \/>\ntrasera de cristal de zafiro<\/dd>\n<\/dl>\n<dl>\n<dt>Vidrio<\/dt>\n<dd>cristal de zafiro abombado<\/dd>\n<\/dl>\n<dl>\n<dt>Carga<\/dt>\n<dd>autom\u00e1tico<\/dd>\n<\/dl>\n<dl>\n<dt>Dimensiones<\/dt>\n<dd><span class=\"size-property\"> 40,5 mm <\/span> de di\u00e1metro<br \/>\ngrosor 9 <span class=\"size-property\">,1 mm <\/span><br \/>\nTama\u00f1o del bucle exterior <span class=\"size-property\"> 47,5 mm <\/span> <\/dd>\n<\/dl>\n<dl>\n<dt>Resistencia al agua<\/dt>\n<dd>5 atm (resistente al agua en la ducha)<\/dd>\n<\/dl>\n<\/div>\n<div class=\"specs-list\">\n<dl>\n<dt>Marque<\/dt>\n<dd>galvanizado, plateado blanco, \u00edndices a las 3, 9 y 12 horas<br \/>\nanillo de fecha<br \/>\nindicador de fecha patentado<\/dd>\n<\/dl>\n<dl>\n<dt>Manos<\/dt>\n<dd>negro oxidado<\/dd>\n<\/dl>\n<dl>\n<dt>correa<\/dt>\n<dd>correa de tejido impermeable de color gris oscuro con pasadores de cierre r\u00e1pido<br \/>\n<span class=\"size-property\">  ancho de bucle 20 mm  <\/span><\/dd>\n<\/dl>\n<dl>\n<dt>Hebilla<\/dt>\n<dd>Hebilla redonda de acero inoxidable<\/dd>\n<\/dl>\n<\/div>\n","protected":false},"excerpt":{"rendered":"<p>Actualizaci\u00f3n Nomos Glashutte Metro Neomatik REF. 1165 Caso acero inoxidable, bipartito trasera de cristal de zafiro Vidrio cristal de zafiro abombado Carga autom\u00e1tico Dimensiones 40,5 mm de di\u00e1metro grosor 9 ,1 mm Tama\u00f1o del bucle exterior 47,5 mm Resistencia al agua 5 atm (resistente al agua en la ducha) Marque galvanizado, plateado blanco, \u00edndices a [&hellip;]<\/p>\n","protected":false},"featured_media":167503,"template":"","meta":{"_crdt_document":"","advanced_seo_description":"","jetpack_seo_html_title":"","jetpack_seo_noindex":false},"product_brand":[],"product_cat":[1919],"product_tag":[1589],"berocket_brand":[],"woo-feed-brand":[],"class_list":{"0":"post-77859","1":"product","2":"type-product","3":"status-publish","4":"has-post-thumbnail","6":"product_cat-nomos-glashutte","7":"product_tag-metro","9":"first","10":"instock","11":"sale","12":"taxable","13":"shipping-taxable","14":"purchasable","15":"product-type-simple"},"bundled_by":[],"bundle_stock_status":"instock","bundle_stock_quantity":1,"bundle_virtual":false,"bundle_layout":"","bundle_add_to_cart_form_location":"","bundle_editable_in_cart":false,"bundle_sold_individually_context":"","bundle_item_grouping":"","bundle_min_size":"","bundle_max_size":"","bundle_price":[],"bundled_items":[],"bundle_sell_ids":[],"group_of_quantity":0,"min_quantity":0,"max_quantity":"","exclude_order_quantity_value_rules":"no","exclude_category_quantity_rules":"no","combine_variations":"no","jetpack_sharing_enabled":true,"jetpack_likes_enabled":true,"_links":{"self":[{"href":"https:\/\/watchdeluxe.it\/es\/wp-json\/wp\/v2\/product\/77859","targetHints":{"allow":["GET"]}}],"collection":[{"href":"https:\/\/watchdeluxe.it\/es\/wp-json\/wp\/v2\/product"}],"about":[{"href":"https:\/\/watchdeluxe.it\/es\/wp-json\/wp\/v2\/types\/product"}],"wp:featuredmedia":[{"embeddable":true,"href":"https:\/\/watchdeluxe.it\/es\/wp-json\/wp\/v2\/media\/167503"}],"wp:attachment":[{"href":"https:\/\/watchdeluxe.it\/es\/wp-json\/wp\/v2\/media?parent=77859"}],"wp:term":[{"taxonomy":"product_brand","embeddable":true,"href":"https:\/\/watchdeluxe.it\/es\/wp-json\/wp\/v2\/product_brand?post=77859"},{"taxonomy":"product_cat","embeddable":true,"href":"https:\/\/watchdeluxe.it\/es\/wp-json\/wp\/v2\/product_cat?post=77859"},{"taxonomy":"product_tag","embeddable":true,"href":"https:\/\/watchdeluxe.it\/es\/wp-json\/wp\/v2\/product_tag?post=77859"},{"taxonomy":"berocket_brand","embeddable":true,"href":"https:\/\/watchdeluxe.it\/es\/wp-json\/wp\/v2\/berocket_brand?post=77859"},{"taxonomy":"woo-feed-brand","embeddable":true,"href":"https:\/\/watchdeluxe.it\/es\/wp-json\/wp\/v2\/woo-feed-brand?post=77859"}],"curies":[{"name":"wp","href":"https:\/\/api.w.org\/{rel}","templated":true}]}}