{"id":77745,"date":"2023-03-17T18:39:24","date_gmt":"2023-03-17T17:39:24","guid":{"rendered":"https:\/\/watchdeluxe.it\/prodotto\/omega-constellation-ref-127-15-27-20-55-001\/"},"modified":"2023-07-16T20:05:21","modified_gmt":"2023-07-16T18:05:21","slug":"omega-constellation-ref-127-15-27-20-55-001","status":"publish","type":"product","link":"https:\/\/watchdeluxe.it\/es\/prodotto\/omega-constellation-ref-127-15-27-20-55-001\/","title":{"rendered":"Omega Constellation ref. 127.15.27.20.55.001"},"content":{"rendered":"<p>Omega Constellation ref. 127.15.27.20.55.001<\/p>\n<div class=\"product-info-data features pm-anim-show seen\" style=\"opacity: 1;\">\n<h3 class=\"product-info-data-title\"><span class=\"hidden-tablet\">Caracter\u00edsticas<\/span><\/h3>\n<div id=\"product-info-data-6222235c8038b\" class=\"product-info-data-content features watches\">\n<ul>\n<li>\n<div class=\"pm-feature-tooltip\">\n<p><a class=\"tooltip-toggle\" aria-expanded=\"false\" aria-describedby=\"tooltip-content-6222235c84df9\">  Antimagn\u00e9tico  <\/a><\/p>\n<\/div>\n<\/li>\n<li>\n<div class=\"pm-feature-tooltip\">\n<p><a class=\"tooltip-toggle\" aria-expanded=\"false\" aria-describedby=\"tooltip-content-6222235c86c9c\">  Cron\u00f3metro maestro certificado  <\/a><\/p>\n<\/div>\n<\/li>\n<li>\n<div class=\"pm-feature-tooltip\">\n<p><a class=\"tooltip-toggle\" aria-expanded=\"false\" aria-describedby=\"tooltip-content-6222235c879b5\">  Cron\u00f3metro  <\/a><\/p>\n<\/div>\n<\/li>\n<li>\n<div class=\"pm-feature-tooltip\">\n<p><a class=\"tooltip-toggle\" aria-expanded=\"false\" aria-describedby=\"tooltip-content-6222235c88849\">  Fecha  <\/a><\/p>\n<\/div>\n<\/li>\n<li>\n<div class=\"pm-feature-tooltip\">\n<p><a class=\"tooltip-toggle\" aria-expanded=\"false\" aria-describedby=\"tooltip-content-6222235c8969b\">  Diamante  <\/a><\/p>\n<\/div>\n<\/li>\n<li>\n<div class=\"pm-feature-tooltip\">\n<p><a class=\"tooltip-toggle\" aria-expanded=\"false\" aria-describedby=\"tooltip-content-6222235c8a5de\">  Dorso transparente  <\/a><\/p>\n<\/div>\n<\/li>\n<li>\n<div class=\"pm-feature-tooltip\">\n<p><a class=\"tooltip-toggle\" aria-expanded=\"false\" aria-describedby=\"tooltip-content-6222235c8b2b8\">  Segundos peque\u00f1os  <\/a><\/p>\n<\/div>\n<\/li>\n<\/ul>\n<\/div>\n<\/div>\n<div class=\"product-info-data technical-data pm-anim-show seen\" style=\"opacity: 1;\">\n<h3 class=\"product-info-data-title\"><span class=\"hidden-tablet\">Especificaciones t\u00e9cnicas<\/span><\/h3>\n<div id=\"product-info-data-6222235c8b98f\" class=\"product-info-data-content technical-data watches\">\n<ul>\n<li><strong>Distancia entre orejetas:<\/strong> <span class=\"technical-data-value\" data-code=\"watch_between_lugs_size\">17 mm<\/span><\/li>\n<li><strong>Brazalete\/pulsera:<\/strong> <span class=\"technical-data-value\" data-code=\"watch_bracelet\">Acero<\/span><\/li>\n<li><strong>Caja:<\/strong> <span class=\"technical-data-value\" data-code=\"watch_watchcase\">Acero<\/span><\/li>\n<li>Di\u00e1metro: 27 mm<\/li>\n<li><strong>Color de la esfera:<\/strong> <span class=\"technical-data-value\" data-code=\"watch_dial\">Blanco<\/span><\/li>\n<li><strong>Cristal:<\/strong> <span class=\"technical-data-value\" data-code=\"watch_crystal\">Cristal de zafiro abombado resistente a los ara\u00f1azos con tratamiento antirreflejos en ambas caras<\/span><\/li>\n<li><strong>Resistencia al agua:<\/strong> <span class=\"technical-data-value\" data-code=\"watch_waterresistance\">10 bares (100 metros \/ 330 pies)<\/span><\/li>\n<\/ul>\n<\/div>\n<\/div>\n","protected":false},"excerpt":{"rendered":"<p>Omega Constellation ref. 127.15.27.20.55.001 Caracter\u00edsticas Antimagn\u00e9tico Cron\u00f3metro maestro certificado Cron\u00f3metro Fecha Diamante Dorso transparente Segundos peque\u00f1os Especificaciones t\u00e9cnicas Distancia entre orejetas: 17 mm Brazalete\/pulsera: Acero Caja: Acero Di\u00e1metro: 27 mm Color de la esfera: Blanco Cristal: Cristal de zafiro abombado resistente a los ara\u00f1azos con tratamiento antirreflejos en ambas caras Resistencia al agua: 10 bares [&hellip;]<\/p>\n","protected":false},"featured_media":59282,"template":"","meta":{"_crdt_document":"","advanced_seo_description":"","jetpack_seo_html_title":"","jetpack_seo_noindex":false},"product_brand":[2155],"product_cat":[2276],"product_tag":[2974],"berocket_brand":[],"woo-feed-brand":[],"class_list":{"0":"post-77745","1":"product","2":"type-product","3":"status-publish","4":"has-post-thumbnail","6":"product_brand-omega","7":"product_cat-omega-es","8":"product_tag-constelacion","10":"first","11":"instock","12":"sale","13":"taxable","14":"shipping-taxable","15":"purchasable","16":"product-type-simple"},"bundled_by":[],"bundle_stock_status":"instock","bundle_stock_quantity":1,"bundle_virtual":false,"bundle_layout":"","bundle_add_to_cart_form_location":"","bundle_editable_in_cart":false,"bundle_sold_individually_context":"","bundle_item_grouping":"","bundle_min_size":"","bundle_max_size":"","bundle_price":[],"bundled_items":[],"bundle_sell_ids":[],"group_of_quantity":0,"min_quantity":0,"max_quantity":"","exclude_order_quantity_value_rules":"no","exclude_category_quantity_rules":"no","combine_variations":"no","jetpack_sharing_enabled":true,"jetpack_likes_enabled":true,"_links":{"self":[{"href":"https:\/\/watchdeluxe.it\/es\/wp-json\/wp\/v2\/product\/77745","targetHints":{"allow":["GET"]}}],"collection":[{"href":"https:\/\/watchdeluxe.it\/es\/wp-json\/wp\/v2\/product"}],"about":[{"href":"https:\/\/watchdeluxe.it\/es\/wp-json\/wp\/v2\/types\/product"}],"wp:featuredmedia":[{"embeddable":true,"href":"https:\/\/watchdeluxe.it\/es\/wp-json\/wp\/v2\/media\/59282"}],"wp:attachment":[{"href":"https:\/\/watchdeluxe.it\/es\/wp-json\/wp\/v2\/media?parent=77745"}],"wp:term":[{"taxonomy":"product_brand","embeddable":true,"href":"https:\/\/watchdeluxe.it\/es\/wp-json\/wp\/v2\/product_brand?post=77745"},{"taxonomy":"product_cat","embeddable":true,"href":"https:\/\/watchdeluxe.it\/es\/wp-json\/wp\/v2\/product_cat?post=77745"},{"taxonomy":"product_tag","embeddable":true,"href":"https:\/\/watchdeluxe.it\/es\/wp-json\/wp\/v2\/product_tag?post=77745"},{"taxonomy":"berocket_brand","embeddable":true,"href":"https:\/\/watchdeluxe.it\/es\/wp-json\/wp\/v2\/berocket_brand?post=77745"},{"taxonomy":"woo-feed-brand","embeddable":true,"href":"https:\/\/watchdeluxe.it\/es\/wp-json\/wp\/v2\/woo-feed-brand?post=77745"}],"curies":[{"name":"wp","href":"https:\/\/api.w.org\/{rel}","templated":true}]}}