{"id":77682,"date":"2023-03-17T18:39:45","date_gmt":"2023-03-17T17:39:45","guid":{"rendered":"https:\/\/watchdeluxe.it\/prodotto\/mido-belluna-sunray-ref-m0246301605100\/"},"modified":"2026-04-03T10:40:19","modified_gmt":"2026-04-03T08:40:19","slug":"mido-belluna-sunray-ref-m0246301605100","status":"publish","type":"product","link":"https:\/\/watchdeluxe.it\/es\/prodotto\/mido-belluna-sunray-ref-m0246301605100\/","title":{"rendered":"Mido Belluna Sunray ref. M0246301605100"},"content":{"rendered":"<p>Mido Belluna Sunraynn<\/p>\n<table width=\"120\">n<\/p>\n<tbody>n<\/p>\n<tr>n<\/p>\n<td width=\"120\"><\/td>\n<p>n<\/tr>\n<p>n<\/tbody>\n<p>n<\/table>\n<p>nnMovimiento: AUTOM\u00c1TICO<br data-mce-fragment=\"1\">Colecci\u00f3n: BELLUNA SUNRAY M024.630.16.051.00<br data-mce-fragment=\"1\">Detalles del movimiento: AUTOM\u00c1TICO MIDO CALIBRE 80 (base ETA C07.621)<br data-mce-fragment=\"1\">Material de la caja: ACERO INOXIDABLE<br data-mce-fragment=\"1\">Forma de la caja: REDONDA<br data-mce-fragment=\"1\">Tama\u00f1o de la caja: 42,5 mm<br data-mce-fragment=\"1\">Color de la esfera: NEGRO <br data-mce-fragment=\"1\">Color de la correa: NEGRO <br data-mce-fragment=\"1\">Resistencia al agua: 5 ATM<br data-mce-fragment=\"1\">Cristal: ZAFIRO<\/p>\n","protected":false},"excerpt":{"rendered":"<p>Mido Belluna Sunraynn n n n n n n nnMovimiento: AUTOM\u00c1TICOColecci\u00f3n: BELLUNA SUNRAY M024.630.16.051.00Detalles del movimiento: AUTOM\u00c1TICO MIDO CALIBRE 80 (base ETA C07.621)Material de la caja: ACERO INOXIDABLEForma de la caja: REDONDATama\u00f1o de la caja: 42,5 mmColor de la esfera: NEGRO Color de la correa: NEGRO Resistencia al agua: 5 ATMCristal: ZAFIRO<\/p>\n","protected":false},"featured_media":19913,"template":"","meta":{"_crdt_document":"","advanced_seo_description":"","jetpack_seo_html_title":"","jetpack_seo_noindex":false,"jetpack_post_was_ever_published":false},"product_brand":[],"product_cat":[2940],"product_tag":[3274],"berocket_brand":[],"woo-feed-brand":[],"class_list":{"0":"post-77682","1":"product","2":"type-product","3":"status-publish","4":"has-post-thumbnail","6":"product_cat-mido-es","7":"product_tag-belluna-es","9":"first","10":"instock","11":"sale","12":"taxable","13":"shipping-taxable","14":"purchasable","15":"product-type-simple"},"bundled_by":[],"bundle_stock_status":"instock","bundle_stock_quantity":1,"bundle_virtual":false,"bundle_layout":"","bundle_add_to_cart_form_location":"","bundle_editable_in_cart":false,"bundle_sold_individually_context":"","bundle_item_grouping":"","bundle_min_size":"","bundle_max_size":"","bundle_price":[],"bundled_items":[],"bundle_sell_ids":[],"group_of_quantity":0,"min_quantity":0,"max_quantity":"","exclude_order_quantity_value_rules":"no","exclude_category_quantity_rules":"no","combine_variations":"no","exclude_global_add_ons":[],"addons":[],"jetpack_sharing_enabled":true,"jetpack_likes_enabled":true,"_links":{"self":[{"href":"https:\/\/watchdeluxe.it\/es\/wp-json\/wp\/v2\/product\/77682","targetHints":{"allow":["GET"]}}],"collection":[{"href":"https:\/\/watchdeluxe.it\/es\/wp-json\/wp\/v2\/product"}],"about":[{"href":"https:\/\/watchdeluxe.it\/es\/wp-json\/wp\/v2\/types\/product"}],"wp:featuredmedia":[{"embeddable":true,"href":"https:\/\/watchdeluxe.it\/es\/wp-json\/wp\/v2\/media\/19913"}],"wp:attachment":[{"href":"https:\/\/watchdeluxe.it\/es\/wp-json\/wp\/v2\/media?parent=77682"}],"wp:term":[{"taxonomy":"product_brand","embeddable":true,"href":"https:\/\/watchdeluxe.it\/es\/wp-json\/wp\/v2\/product_brand?post=77682"},{"taxonomy":"product_cat","embeddable":true,"href":"https:\/\/watchdeluxe.it\/es\/wp-json\/wp\/v2\/product_cat?post=77682"},{"taxonomy":"product_tag","embeddable":true,"href":"https:\/\/watchdeluxe.it\/es\/wp-json\/wp\/v2\/product_tag?post=77682"},{"taxonomy":"berocket_brand","embeddable":true,"href":"https:\/\/watchdeluxe.it\/es\/wp-json\/wp\/v2\/berocket_brand?post=77682"},{"taxonomy":"woo-feed-brand","embeddable":true,"href":"https:\/\/watchdeluxe.it\/es\/wp-json\/wp\/v2\/woo-feed-brand?post=77682"}],"curies":[{"name":"wp","href":"https:\/\/api.w.org\/{rel}","templated":true}]}}