{"id":77453,"date":"2023-03-17T18:40:32","date_gmt":"2023-03-17T17:40:32","guid":{"rendered":"https:\/\/watchdeluxe.it\/prodotto\/tag-heuer-carrera-ref-wbn2012-ba0640\/"},"modified":"2026-04-07T11:59:06","modified_gmt":"2026-04-07T09:59:06","slug":"tag-heuer-carrera-ref-wbn2012-ba0640","status":"publish","type":"product","link":"https:\/\/watchdeluxe.it\/es\/prodotto\/tag-heuer-carrera-ref-wbn2012-ba0640\/","title":{"rendered":"Tag Heuer carrera ref. WBN2012.BA0640"},"content":{"rendered":"<p>Tag Heuer carrera ref. WBN2012.BA0640<\/p>\n<p>Tama\u00f1o: 41 mm<\/p>\n<p>Resistencia al agua: 100 m<\/p>\n<p>Material de la correa: acero<\/p>\n<p>Color de la esfera: Azul<\/p>\n<p>Movimiento: Autom\u00e1tico<\/p>\n<p>C\u00f3digo del art\u00edculo: WBN2012.BA0640<\/p>\n","protected":false},"excerpt":{"rendered":"<p>Tag Heuer carrera ref. WBN2012.BA0640 Tama\u00f1o: 41 mm Resistencia al agua: 100 m Material de la correa: acero Color de la esfera: Azul Movimiento: Autom\u00e1tico C\u00f3digo del art\u00edculo: WBN2012.BA0640<\/p>\n","protected":false},"featured_media":146456,"template":"","meta":{"_crdt_document":"","advanced_seo_description":"","jetpack_seo_html_title":"","jetpack_seo_noindex":false},"product_brand":[],"product_cat":[2264],"product_tag":[2375],"berocket_brand":[],"woo-feed-brand":[],"class_list":{"0":"post-77453","1":"product","2":"type-product","3":"status-publish","4":"has-post-thumbnail","6":"product_cat-tag-heuer-es","7":"product_tag-carrera-es","9":"first","10":"instock","11":"sale","12":"taxable","13":"shipping-taxable","14":"purchasable","15":"product-type-simple"},"bundled_by":[],"bundle_stock_status":"instock","bundle_stock_quantity":1,"bundle_virtual":false,"bundle_layout":"","bundle_add_to_cart_form_location":"","bundle_editable_in_cart":false,"bundle_sold_individually_context":"","bundle_item_grouping":"","bundle_min_size":"","bundle_max_size":"","bundle_price":[],"bundled_items":[],"bundle_sell_ids":[],"group_of_quantity":0,"min_quantity":0,"max_quantity":"","exclude_order_quantity_value_rules":"no","exclude_category_quantity_rules":"no","combine_variations":"no","exclude_global_add_ons":[],"addons":[],"jetpack_sharing_enabled":true,"jetpack_likes_enabled":true,"_links":{"self":[{"href":"https:\/\/watchdeluxe.it\/es\/wp-json\/wp\/v2\/product\/77453","targetHints":{"allow":["GET"]}}],"collection":[{"href":"https:\/\/watchdeluxe.it\/es\/wp-json\/wp\/v2\/product"}],"about":[{"href":"https:\/\/watchdeluxe.it\/es\/wp-json\/wp\/v2\/types\/product"}],"wp:featuredmedia":[{"embeddable":true,"href":"https:\/\/watchdeluxe.it\/es\/wp-json\/wp\/v2\/media\/146456"}],"wp:attachment":[{"href":"https:\/\/watchdeluxe.it\/es\/wp-json\/wp\/v2\/media?parent=77453"}],"wp:term":[{"taxonomy":"product_brand","embeddable":true,"href":"https:\/\/watchdeluxe.it\/es\/wp-json\/wp\/v2\/product_brand?post=77453"},{"taxonomy":"product_cat","embeddable":true,"href":"https:\/\/watchdeluxe.it\/es\/wp-json\/wp\/v2\/product_cat?post=77453"},{"taxonomy":"product_tag","embeddable":true,"href":"https:\/\/watchdeluxe.it\/es\/wp-json\/wp\/v2\/product_tag?post=77453"},{"taxonomy":"berocket_brand","embeddable":true,"href":"https:\/\/watchdeluxe.it\/es\/wp-json\/wp\/v2\/berocket_brand?post=77453"},{"taxonomy":"woo-feed-brand","embeddable":true,"href":"https:\/\/watchdeluxe.it\/es\/wp-json\/wp\/v2\/woo-feed-brand?post=77453"}],"curies":[{"name":"wp","href":"https:\/\/api.w.org\/{rel}","templated":true}]}}