{"id":77334,"date":"2023-03-17T18:40:47","date_gmt":"2023-03-17T17:40:47","guid":{"rendered":"https:\/\/watchdeluxe.it\/prodotto\/omega-seamaster-diver-300m-nekton-co-axial-master-chronometer-42-mm-ref-210-30-42-20-01-002\/"},"modified":"2025-04-30T17:38:34","modified_gmt":"2025-04-30T15:38:34","slug":"omega-seamaster-diver-300m-nekton-co%e2%80%91axial-master-chronometer-42-mm-ref-210-30-42-20-01-002","status":"publish","type":"product","link":"https:\/\/watchdeluxe.it\/es\/prodotto\/omega-seamaster-diver-300m-nekton-co%e2%80%91axial-master-chronometer-42-mm-ref-210-30-42-20-01-002\/","title":{"rendered":"OMEGA SEAMASTER DIVER 300M NEKTON CO-AXIAL MASTER CHRONOMETER 42 MM REF. 210.30.42.20.01.002"},"content":{"rendered":"<p>OMEGA SEAMASTER DIVER 300M NEKTON CO-AXIAL MASTER CHRONOMETER 42 MM REF. 210.30.42.20.01.002<\/p>\n<div class=\"additional-details\">\n<div class=\"manufacturer-part-number\"><span class=\"label\">Referencia:<\/span> <span id=\"mpn-18981\" class=\"value\">210.30.42.20.01.002<\/span><\/div>\n<\/div>\n<p>&nbsp;<\/p>\n<div class=\"product-collateral\">\n<div class=\"product-specs-box\">\n<div class=\"title\"><strong>Especificaciones del producto<\/strong><\/div>\n<div class=\"table-wrapper\">\n<table class=\"data-table\">\n<colgroup>\n<col width=\"25%\">\n<col> <\/colgroup>\n<tbody>\n<tr class=\"odd\">\n<td class=\"spec-name\">Marca<\/td>\n<td class=\"spec-value\">Omega<\/td>\n<\/tr>\n<tr class=\"even\">\n<td class=\"spec-name\">L\u00ednea<\/td>\n<td class=\"spec-value\">SEAMASTER<\/td>\n<\/tr>\n<tr class=\"odd\">\n<td class=\"spec-name\">Modelo<\/td>\n<td class=\"spec-value\">Buceador Seamaster 300M<\/td>\n<\/tr>\n<tr class=\"even\">\n<td class=\"spec-name\">Complicaci\u00f3n<\/td>\n<td class=\"spec-value\">SOLO TIEMPO<\/td>\n<\/tr>\n<tr class=\"odd\">\n<td class=\"spec-name\">Movimiento<\/td>\n<td class=\"spec-value\">AUTOM\u00c1TICO<\/td>\n<\/tr>\n<tr class=\"even\">\n<td class=\"spec-name\">Forma<\/td>\n<td class=\"spec-value\">REDONDA<\/td>\n<\/tr>\n<tr class=\"odd\">\n<td class=\"spec-name\">Tama\u00f1o<\/td>\n<td class=\"spec-value\">42 MM<\/td>\n<\/tr>\n<tr class=\"even\">\n<td class=\"spec-name\">Material<\/td>\n<td class=\"spec-value\">Acero<\/td>\n<\/tr>\n<tr class=\"odd\">\n<td class=\"spec-name\">Tipo de vidrio<\/td>\n<td class=\"spec-value\">ZAFIRO<\/td>\n<\/tr>\n<tr class=\"even\">\n<td class=\"spec-name\">Esfera<\/td>\n<td class=\"spec-value\">CER\u00c1MICA NEGRA<\/td>\n<\/tr>\n<tr class=\"odd\">\n<td class=\"spec-name\">Pulsera<\/td>\n<td class=\"spec-value\">ACERO<\/td>\n<\/tr>\n<tr class=\"even\">\n<td class=\"spec-name\">Impermeabilizaci\u00f3n<\/td>\n<td class=\"spec-value\">300 M<\/td>\n<\/tr>\n<\/tbody>\n<\/table>\n<\/div>\n<\/div>\n<\/div>\n","protected":false},"excerpt":{"rendered":"<p>OMEGA SEAMASTER DIVER 300M NEKTON CO-AXIAL MASTER CHRONOMETER 42 MM REF. 210.30.42.20.01.002 Referencia: 210.30.42.20.01.002 &nbsp; Especificaciones del producto Marca Omega L\u00ednea SEAMASTER Modelo Buceador Seamaster 300M Complicaci\u00f3n SOLO TIEMPO Movimiento AUTOM\u00c1TICO Forma REDONDA Tama\u00f1o 42 MM Material Acero Tipo de vidrio ZAFIRO Esfera CER\u00c1MICA NEGRA Pulsera ACERO Impermeabilizaci\u00f3n 300 M<\/p>\n","protected":false},"featured_media":59162,"template":"","meta":{"_crdt_document":"","advanced_seo_description":"","jetpack_seo_html_title":"","jetpack_seo_noindex":false},"product_brand":[2155],"product_cat":[2276],"product_tag":[2289],"berocket_brand":[],"woo-feed-brand":[],"class_list":{"0":"post-77334","1":"product","2":"type-product","3":"status-publish","4":"has-post-thumbnail","6":"product_brand-omega","7":"product_cat-omega-es","8":"product_tag-seamaster-es","10":"first","11":"instock","12":"sale","13":"taxable","14":"shipping-taxable","15":"purchasable","16":"product-type-simple"},"bundled_by":[],"bundle_stock_status":"instock","bundle_stock_quantity":1,"bundle_virtual":false,"bundle_layout":"","bundle_add_to_cart_form_location":"","bundle_editable_in_cart":false,"bundle_sold_individually_context":"","bundle_item_grouping":"","bundle_min_size":"","bundle_max_size":"","bundle_price":[],"bundled_items":[],"bundle_sell_ids":[],"group_of_quantity":0,"min_quantity":0,"max_quantity":"","exclude_order_quantity_value_rules":"no","exclude_category_quantity_rules":"no","combine_variations":"no","jetpack_sharing_enabled":true,"jetpack_likes_enabled":true,"_links":{"self":[{"href":"https:\/\/watchdeluxe.it\/es\/wp-json\/wp\/v2\/product\/77334","targetHints":{"allow":["GET"]}}],"collection":[{"href":"https:\/\/watchdeluxe.it\/es\/wp-json\/wp\/v2\/product"}],"about":[{"href":"https:\/\/watchdeluxe.it\/es\/wp-json\/wp\/v2\/types\/product"}],"wp:featuredmedia":[{"embeddable":true,"href":"https:\/\/watchdeluxe.it\/es\/wp-json\/wp\/v2\/media\/59162"}],"wp:attachment":[{"href":"https:\/\/watchdeluxe.it\/es\/wp-json\/wp\/v2\/media?parent=77334"}],"wp:term":[{"taxonomy":"product_brand","embeddable":true,"href":"https:\/\/watchdeluxe.it\/es\/wp-json\/wp\/v2\/product_brand?post=77334"},{"taxonomy":"product_cat","embeddable":true,"href":"https:\/\/watchdeluxe.it\/es\/wp-json\/wp\/v2\/product_cat?post=77334"},{"taxonomy":"product_tag","embeddable":true,"href":"https:\/\/watchdeluxe.it\/es\/wp-json\/wp\/v2\/product_tag?post=77334"},{"taxonomy":"berocket_brand","embeddable":true,"href":"https:\/\/watchdeluxe.it\/es\/wp-json\/wp\/v2\/berocket_brand?post=77334"},{"taxonomy":"woo-feed-brand","embeddable":true,"href":"https:\/\/watchdeluxe.it\/es\/wp-json\/wp\/v2\/woo-feed-brand?post=77334"}],"curies":[{"name":"wp","href":"https:\/\/api.w.org\/{rel}","templated":true}]}}