{"id":77237,"date":"2023-03-17T18:40:54","date_gmt":"2023-03-17T17:40:54","guid":{"rendered":"https:\/\/watchdeluxe.it\/prodotto\/longines-hydroconquest-41-mm-ref-l37813069\/"},"modified":"2026-04-06T07:01:42","modified_gmt":"2026-04-06T05:01:42","slug":"longines-hydroconquest-41-mm-ref-l37813069","status":"publish","type":"product","link":"https:\/\/watchdeluxe.it\/es\/prodotto\/longines-hydroconquest-41-mm-ref-l37813069\/","title":{"rendered":"LONGINES HYDROCONQUEST 41 MM REF. L37813069"},"content":{"rendered":"<p>LONGINES HYDROCONQUEST 41 MM REF. L37813069<\/p>\n<div class=\"title\"><strong>Especificaciones del producto<\/strong><\/div>\n<div class=\"table-wrapper\">\n<table class=\"data-table\">\n<colgroup>\n<col width=\"25%\">\n<col> <\/colgroup>\n<tbody>\n<tr class=\"odd\">\n<td class=\"spec-name\">Marca<\/td>\n<td class=\"spec-value\">Longines<\/td>\n<\/tr>\n<tr class=\"even\">\n<td class=\"spec-name\">L\u00ednea<\/td>\n<td class=\"spec-value\">HYDROCONQUEST<\/td>\n<\/tr>\n<tr class=\"odd\">\n<td class=\"spec-name\">Complicaci\u00f3n<\/td>\n<td class=\"spec-value\">SOLO TIEMPO<\/td>\n<\/tr>\n<tr class=\"even\">\n<td class=\"spec-name\">Movimiento<\/td>\n<td class=\"spec-value\">AUTOM\u00c1TICO<\/td>\n<\/tr>\n<tr class=\"odd\">\n<td class=\"spec-name\">Fechador<\/td>\n<td class=\"spec-value\">FECHA<\/td>\n<\/tr>\n<tr class=\"even\">\n<td class=\"spec-name\">Forma<\/td>\n<td class=\"spec-value\">REDONDA<\/td>\n<\/tr>\n<tr class=\"odd\">\n<td class=\"spec-name\">Tama\u00f1o<\/td>\n<td class=\"spec-value\">41 MM<\/td>\n<\/tr>\n<tr class=\"even\">\n<td class=\"spec-name\">Material<\/td>\n<td class=\"spec-value\">Acero y bisel en PVD oro amarillo (revestimiento)<\/td>\n<\/tr>\n<tr class=\"odd\">\n<td class=\"spec-name\">Marca<\/td>\n<td class=\"spec-value\">VERDE<\/td>\n<\/tr>\n<tr class=\"even\">\n<td class=\"spec-name\">Correa<\/td>\n<td class=\"spec-value\">CAUCCIU<\/td>\n<\/tr>\n<tr class=\"odd\">\n<td class=\"spec-name\">Impermeabilizaci\u00f3n<\/td>\n<td class=\"spec-value\">300 M<\/td>\n<\/tr>\n<\/tbody>\n<\/table>\n<\/div>\n","protected":false},"excerpt":{"rendered":"<p>LONGINES HYDROCONQUEST 41 MM REF. L37813069 Especificaciones del producto Marca Longines L\u00ednea HYDROCONQUEST Complicaci\u00f3n SOLO TIEMPO Movimiento AUTOM\u00c1TICO Fechador FECHA Forma REDONDA Tama\u00f1o 41 MM Material Acero y bisel en PVD oro amarillo (revestimiento) Marca VERDE Correa CAUCCIU Impermeabilizaci\u00f3n 300 M<\/p>\n","protected":false},"featured_media":150774,"template":"","meta":{"_crdt_document":"","advanced_seo_description":"","jetpack_seo_html_title":"","jetpack_seo_noindex":false},"product_brand":[],"product_cat":[2187],"product_tag":[],"berocket_brand":[],"woo-feed-brand":[],"class_list":{"0":"post-77237","1":"product","2":"type-product","3":"status-publish","4":"has-post-thumbnail","6":"product_cat-longines-es","8":"first","9":"instock","10":"sale","11":"taxable","12":"shipping-taxable","13":"purchasable","14":"product-type-simple"},"bundled_by":[],"bundle_stock_status":"instock","bundle_stock_quantity":1,"bundle_virtual":false,"bundle_layout":"","bundle_add_to_cart_form_location":"","bundle_editable_in_cart":false,"bundle_sold_individually_context":"","bundle_item_grouping":"","bundle_min_size":"","bundle_max_size":"","bundle_price":[],"bundled_items":[],"bundle_sell_ids":[],"group_of_quantity":0,"min_quantity":0,"max_quantity":"","exclude_order_quantity_value_rules":"no","exclude_category_quantity_rules":"no","combine_variations":"no","jetpack_sharing_enabled":true,"jetpack_likes_enabled":true,"_links":{"self":[{"href":"https:\/\/watchdeluxe.it\/es\/wp-json\/wp\/v2\/product\/77237","targetHints":{"allow":["GET"]}}],"collection":[{"href":"https:\/\/watchdeluxe.it\/es\/wp-json\/wp\/v2\/product"}],"about":[{"href":"https:\/\/watchdeluxe.it\/es\/wp-json\/wp\/v2\/types\/product"}],"wp:featuredmedia":[{"embeddable":true,"href":"https:\/\/watchdeluxe.it\/es\/wp-json\/wp\/v2\/media\/150774"}],"wp:attachment":[{"href":"https:\/\/watchdeluxe.it\/es\/wp-json\/wp\/v2\/media?parent=77237"}],"wp:term":[{"taxonomy":"product_brand","embeddable":true,"href":"https:\/\/watchdeluxe.it\/es\/wp-json\/wp\/v2\/product_brand?post=77237"},{"taxonomy":"product_cat","embeddable":true,"href":"https:\/\/watchdeluxe.it\/es\/wp-json\/wp\/v2\/product_cat?post=77237"},{"taxonomy":"product_tag","embeddable":true,"href":"https:\/\/watchdeluxe.it\/es\/wp-json\/wp\/v2\/product_tag?post=77237"},{"taxonomy":"berocket_brand","embeddable":true,"href":"https:\/\/watchdeluxe.it\/es\/wp-json\/wp\/v2\/berocket_brand?post=77237"},{"taxonomy":"woo-feed-brand","embeddable":true,"href":"https:\/\/watchdeluxe.it\/es\/wp-json\/wp\/v2\/woo-feed-brand?post=77237"}],"curies":[{"name":"wp","href":"https:\/\/api.w.org\/{rel}","templated":true}]}}