{"id":77076,"date":"2023-03-17T14:32:47","date_gmt":"2023-03-17T13:32:47","guid":{"rendered":"https:\/\/watchdeluxe.it\/prodotto\/hublot-classic-fusion-racing-titanio-gris-42-mm-ref-542-nx-7071-rx\/"},"modified":"2026-04-03T10:03:41","modified_gmt":"2026-04-03T08:03:41","slug":"hublot-classic-fusion-racing-grey-titanium-42-mm-ref-542-nx-7071-rx","status":"publish","type":"product","link":"https:\/\/watchdeluxe.it\/es\/prodotto\/hublot-classic-fusion-racing-grey-titanium-42-mm-ref-542-nx-7071-rx\/","title":{"rendered":"Hublot Classic Fusion Racing Titanio Gris 42 Mm Ref. 542.Nx.7071.Rx"},"content":{"rendered":"<p>Hublot Classic Fusion Racing Titanio Gris 42 Mm Ref. 542.Nx.7071.Rxnn<\/p>\n<table class=\"data-table\" data-mce-fragment=\"1\">n<\/p>\n<tbody data-mce-fragment=\"1\">n<\/p>\n<tr class=\"odd\" data-mce-fragment=\"1\">n<\/p>\n<td class=\"spec-name\" data-mce-fragment=\"1\">Marca<\/td>\n<p>n<\/p>\n<td class=\"spec-value\" data-mce-fragment=\"1\">Hublot<\/td>\n<p>n<\/tr>\n<p>n<\/p>\n<tr class=\"even\" data-mce-fragment=\"1\">n<\/p>\n<td class=\"spec-name\" data-mce-fragment=\"1\">L\u00ednea<\/td>\n<p>n<\/p>\n<td class=\"spec-value\" data-mce-fragment=\"1\">CLASSIC FUSION<\/td>\n<p>n<\/tr>\n<p>n<\/p>\n<tr class=\"odd\" data-mce-fragment=\"1\">n<\/p>\n<td class=\"spec-name\" data-mce-fragment=\"1\">Complicaci\u00f3n<\/td>\n<p>n<\/p>\n<td class=\"spec-value\" data-mce-fragment=\"1\">SOLO HORA<\/td>\n<p>n<\/tr>\n<p>n<\/p>\n<tr class=\"even\" data-mce-fragment=\"1\">n<\/p>\n<td class=\"spec-name\" data-mce-fragment=\"1\">Movimiento<\/td>\n<p>n<\/p>\n<td class=\"spec-value\" data-mce-fragment=\"1\">AUTOM\u00c1TICO<\/td>\n<p>n<\/tr>\n<p>n<\/p>\n<tr class=\"odd\" data-mce-fragment=\"1\">n<\/p>\n<td class=\"spec-name\" data-mce-fragment=\"1\">Calendario<\/td>\n<p>n<\/p>\n<td class=\"spec-value\" data-mce-fragment=\"1\">FECHA<\/td>\n<p>n<\/tr>\n<p>n<\/p>\n<tr class=\"even\" data-mce-fragment=\"1\">n<\/p>\n<td class=\"spec-name\" data-mce-fragment=\"1\">Forma<\/td>\n<p>n<\/p>\n<td class=\"spec-value\" data-mce-fragment=\"1\">REDONDO<\/td>\n<p>n<\/tr>\n<p>n<\/p>\n<tr class=\"odd\" data-mce-fragment=\"1\">n<\/p>\n<td class=\"spec-name\" data-mce-fragment=\"1\">Tama\u00f1o<\/td>\n<p>n<\/p>\n<td class=\"spec-value\" data-mce-fragment=\"1\">42 MM<\/td>\n<p>n<\/tr>\n<p>n<\/p>\n<tr class=\"even\" data-mce-fragment=\"1\">n<\/p>\n<td class=\"spec-name\" data-mce-fragment=\"1\">Material de la Caja<\/td>\n<p>n<\/p>\n<td class=\"spec-value\" data-mce-fragment=\"1\">Titanio<\/td>\n<p>n<\/tr>\n<p>n<\/p>\n<tr class=\"odd\" data-mce-fragment=\"1\">n<\/p>\n<td class=\"spec-name\" data-mce-fragment=\"1\">Esfera<\/td>\n<p>n<\/p>\n<td class=\"spec-value\" data-mce-fragment=\"1\">GRIS<\/td>\n<p>n<\/tr>\n<p>n<\/p>\n<tr class=\"even\" data-mce-fragment=\"1\">n<\/p>\n<td class=\"spec-name\" data-mce-fragment=\"1\">Correa<\/td>\n<p>n<\/p>\n<td class=\"spec-value\" data-mce-fragment=\"1\">CAUCHO<\/td>\n<p>n<\/tr>\n<p>n<\/p>\n<tr class=\"odd\" data-mce-fragment=\"1\">n<\/p>\n<td class=\"spec-name\" data-mce-fragment=\"1\">Hermeticidad<\/td>\n<p>n<\/p>\n<td class=\"spec-value\" data-mce-fragment=\"1\">50 M<\/td>\n<p>n<\/tr>\n<p>n<\/tbody>\n<p>n<\/table>\n","protected":false},"excerpt":{"rendered":"<p>Hublot Classic Fusion Racing Titanio Gris 42 Mm Ref. 542.Nx.7071.Rxnn n n n Marca n Hublot n n n L\u00ednea n CLASSIC FUSION n n n Complicaci\u00f3n n SOLO HORA n n n Movimiento n AUTOM\u00c1TICO n n n Calendario n FECHA n n n Forma n REDONDO n n n Tama\u00f1o n 42 MM [&hellip;]<\/p>\n","protected":false},"featured_media":142390,"template":"","meta":{"_crdt_document":"","advanced_seo_description":"","jetpack_seo_html_title":"","jetpack_seo_noindex":false},"product_brand":[],"product_cat":[2225],"product_tag":[2514],"berocket_brand":[],"woo-feed-brand":[],"class_list":{"0":"post-77076","1":"product","2":"type-product","3":"status-publish","4":"has-post-thumbnail","6":"product_cat-hublot-es","7":"product_tag-big-bang-es","9":"first","10":"instock","11":"sale","12":"taxable","13":"shipping-taxable","14":"purchasable","15":"product-type-simple"},"bundled_by":[],"bundle_stock_status":"instock","bundle_stock_quantity":1,"bundle_virtual":false,"bundle_layout":"","bundle_add_to_cart_form_location":"","bundle_editable_in_cart":false,"bundle_sold_individually_context":"","bundle_item_grouping":"","bundle_min_size":"","bundle_max_size":"","bundle_price":[],"bundled_items":[],"bundle_sell_ids":[],"group_of_quantity":0,"min_quantity":0,"max_quantity":"","exclude_order_quantity_value_rules":"no","exclude_category_quantity_rules":"no","combine_variations":"no","exclude_global_add_ons":[],"addons":[],"jetpack_sharing_enabled":true,"jetpack_likes_enabled":true,"_links":{"self":[{"href":"https:\/\/watchdeluxe.it\/es\/wp-json\/wp\/v2\/product\/77076","targetHints":{"allow":["GET"]}}],"collection":[{"href":"https:\/\/watchdeluxe.it\/es\/wp-json\/wp\/v2\/product"}],"about":[{"href":"https:\/\/watchdeluxe.it\/es\/wp-json\/wp\/v2\/types\/product"}],"wp:featuredmedia":[{"embeddable":true,"href":"https:\/\/watchdeluxe.it\/es\/wp-json\/wp\/v2\/media\/142390"}],"wp:attachment":[{"href":"https:\/\/watchdeluxe.it\/es\/wp-json\/wp\/v2\/media?parent=77076"}],"wp:term":[{"taxonomy":"product_brand","embeddable":true,"href":"https:\/\/watchdeluxe.it\/es\/wp-json\/wp\/v2\/product_brand?post=77076"},{"taxonomy":"product_cat","embeddable":true,"href":"https:\/\/watchdeluxe.it\/es\/wp-json\/wp\/v2\/product_cat?post=77076"},{"taxonomy":"product_tag","embeddable":true,"href":"https:\/\/watchdeluxe.it\/es\/wp-json\/wp\/v2\/product_tag?post=77076"},{"taxonomy":"berocket_brand","embeddable":true,"href":"https:\/\/watchdeluxe.it\/es\/wp-json\/wp\/v2\/berocket_brand?post=77076"},{"taxonomy":"woo-feed-brand","embeddable":true,"href":"https:\/\/watchdeluxe.it\/es\/wp-json\/wp\/v2\/woo-feed-brand?post=77076"}],"curies":[{"name":"wp","href":"https:\/\/api.w.org\/{rel}","templated":true}]}}