{"id":76992,"date":"2023-03-17T14:32:46","date_gmt":"2023-03-17T13:32:46","guid":{"rendered":"https:\/\/watchdeluxe.it\/prodotto\/hublot-classic-fusion-cronografo-titanio-oro-rey-42-mm-ref-541-no-1181-rx\/"},"modified":"2026-04-10T18:34:23","modified_gmt":"2026-04-10T16:34:23","slug":"hublot-classic-fusion-chronograph-titanium-king-gold-42-mm-ref-541-no-1181-rx","status":"publish","type":"product","link":"https:\/\/watchdeluxe.it\/es\/prodotto\/hublot-classic-fusion-chronograph-titanium-king-gold-42-mm-ref-541-no-1181-rx\/","title":{"rendered":"Hublot Classic Fusion Cron\u00f3grafo Titanio Oro Rey 42 Mm Ref. 541.No.1181.Rx"},"content":{"rendered":"<p>Hublot Classic Fusion Cron\u00f3grafo Titanio Oro Rey 42 Mm Ref. 541.No.1181.Rx<\/p>\n<table class=\"data-table\">\n<tbody>\n<tr class=\"even\">\n<td class=\"spec-name\">L\u00ednea<\/td>\n<td class=\"spec-value\">FUSI\u00d3N CL\u00c1SICA<\/td>\n<\/tr>\n<tr class=\"odd\">\n<td class=\"spec-name\">Complicaci\u00f3n<\/td>\n<td class=\"spec-value\">CRONOGRAF\u00cdA<\/td>\n<\/tr>\n<tr class=\"even\">\n<td class=\"spec-name\">Movimiento<\/td>\n<td class=\"spec-value\">AUTOM\u00c1TICO<\/td>\n<\/tr>\n<tr class=\"odd\">\n<td class=\"spec-name\">Fechador<\/td>\n<td class=\"spec-value\">FECHA<\/td>\n<\/tr>\n<tr class=\"even\">\n<td class=\"spec-name\">Forma<\/td>\n<td class=\"spec-value\">REDONDA<\/td>\n<\/tr>\n<tr class=\"odd\">\n<td class=\"spec-name\">Tama\u00f1o<\/td>\n<td class=\"spec-value\">42 MM<\/td>\n<\/tr>\n<tr class=\"even\">\n<td class=\"spec-name\">Material de la caja<\/td>\n<td class=\"spec-value\">Titanio y oro rosa<\/td>\n<\/tr>\n<tr class=\"odd\">\n<td class=\"spec-name\">Tipo de vidrio<\/td>\n<td class=\"spec-value\">ZAFIRO<\/td>\n<\/tr>\n<tr class=\"even\">\n<td class=\"spec-name\">Esfera<\/td>\n<td class=\"spec-value\">Negro mate<\/td>\n<\/tr>\n<tr class=\"odd\">\n<td class=\"spec-name\">Correa<\/td>\n<td class=\"spec-value\">CAUCCIU<\/td>\n<\/tr>\n<tr class=\"even\">\n<td class=\"spec-name\">Resistencia al agua<\/td>\n<td class=\"spec-value\">50 M<\/td>\n<\/tr>\n<\/tbody>\n<\/table>\n","protected":false},"excerpt":{"rendered":"<p>Hublot Classic Fusion Cron\u00f3grafo Titanio Oro Rey 42 Mm Ref. 541.No.1181.Rx L\u00ednea FUSI\u00d3N CL\u00c1SICA Complicaci\u00f3n CRONOGRAF\u00cdA Movimiento AUTOM\u00c1TICO Fechador FECHA Forma REDONDA Tama\u00f1o 42 MM Material de la caja Titanio y oro rosa Tipo de vidrio ZAFIRO Esfera Negro mate Correa CAUCCIU Resistencia al agua 50 M<\/p>\n","protected":false},"featured_media":142164,"template":"","meta":{"_crdt_document":"","advanced_seo_description":"","jetpack_seo_html_title":"","jetpack_seo_noindex":false},"product_brand":[],"product_cat":[2225],"product_tag":[2232],"berocket_brand":[],"woo-feed-brand":[],"class_list":{"0":"post-76992","1":"product","2":"type-product","3":"status-publish","4":"has-post-thumbnail","6":"product_cat-hublot-es","7":"product_tag-fusion-clasica","9":"first","10":"instock","11":"sale","12":"taxable","13":"shipping-taxable","14":"purchasable","15":"product-type-simple"},"bundled_by":[],"bundle_stock_status":"instock","bundle_stock_quantity":1,"bundle_virtual":false,"bundle_layout":"","bundle_add_to_cart_form_location":"","bundle_editable_in_cart":false,"bundle_sold_individually_context":"","bundle_item_grouping":"","bundle_min_size":"","bundle_max_size":"","bundle_price":[],"bundled_items":[],"bundle_sell_ids":[],"group_of_quantity":0,"min_quantity":0,"max_quantity":"","exclude_order_quantity_value_rules":"no","exclude_category_quantity_rules":"no","combine_variations":"no","exclude_global_add_ons":[],"addons":[],"jetpack_sharing_enabled":true,"jetpack_likes_enabled":true,"_links":{"self":[{"href":"https:\/\/watchdeluxe.it\/es\/wp-json\/wp\/v2\/product\/76992","targetHints":{"allow":["GET"]}}],"collection":[{"href":"https:\/\/watchdeluxe.it\/es\/wp-json\/wp\/v2\/product"}],"about":[{"href":"https:\/\/watchdeluxe.it\/es\/wp-json\/wp\/v2\/types\/product"}],"wp:featuredmedia":[{"embeddable":true,"href":"https:\/\/watchdeluxe.it\/es\/wp-json\/wp\/v2\/media\/142164"}],"wp:attachment":[{"href":"https:\/\/watchdeluxe.it\/es\/wp-json\/wp\/v2\/media?parent=76992"}],"wp:term":[{"taxonomy":"product_brand","embeddable":true,"href":"https:\/\/watchdeluxe.it\/es\/wp-json\/wp\/v2\/product_brand?post=76992"},{"taxonomy":"product_cat","embeddable":true,"href":"https:\/\/watchdeluxe.it\/es\/wp-json\/wp\/v2\/product_cat?post=76992"},{"taxonomy":"product_tag","embeddable":true,"href":"https:\/\/watchdeluxe.it\/es\/wp-json\/wp\/v2\/product_tag?post=76992"},{"taxonomy":"berocket_brand","embeddable":true,"href":"https:\/\/watchdeluxe.it\/es\/wp-json\/wp\/v2\/berocket_brand?post=76992"},{"taxonomy":"woo-feed-brand","embeddable":true,"href":"https:\/\/watchdeluxe.it\/es\/wp-json\/wp\/v2\/woo-feed-brand?post=76992"}],"curies":[{"name":"wp","href":"https:\/\/api.w.org\/{rel}","templated":true}]}}