{"id":76512,"date":"2023-03-17T18:40:18","date_gmt":"2023-03-17T17:40:18","guid":{"rendered":"https:\/\/watchdeluxe.it\/prodotto\/nomos-glashutte-tangente-ref-139\/"},"modified":"2026-04-07T10:47:00","modified_gmt":"2026-04-07T08:47:00","slug":"nomos-glashutte-tangent-ref-139","status":"publish","type":"product","link":"https:\/\/watchdeluxe.it\/es\/prodotto\/nomos-glashutte-tangent-ref-139\/","title":{"rendered":"NOMOS GLASHUTTE Tangente ref. 139"},"content":{"rendered":"<p>NOMOS GLASHUTTE Tangente ref. 139<\/p>\n<table class=\"woocommerce-product-attributes shop_attributes table\">\n<tbody>\n<tr class=\"woocommerce-product-attributes-item woocommerce-product-attributes-item--attribute_pa_collezione\">\n<th class=\"woocommerce-product-attributes-item__label\">Colecci\u00f3n<\/th>\n<td class=\"woocommerce-product-attributes-item__value\">Tangente<\/td>\n<\/tr>\n<tr class=\"woocommerce-product-attributes-item woocommerce-product-attributes-item--attribute_pa_movimento\">\n<th class=\"woocommerce-product-attributes-item__label\">Movimiento<\/th>\n<td class=\"woocommerce-product-attributes-item__value\">De cuerda manual<\/td>\n<\/tr>\n<tr class=\"woocommerce-product-attributes-item woocommerce-product-attributes-item--attribute_pa_tipomov\">\n<th class=\"woocommerce-product-attributes-item__label\">Funciones<\/th>\n<td class=\"woocommerce-product-attributes-item__value\">Segundos peque\u00f1os<\/td>\n<\/tr>\n<tr class=\"woocommerce-product-attributes-item woocommerce-product-attributes-item--attribute_pa_bracciale\">\n<th class=\"woocommerce-product-attributes-item__label\">Pulsera<\/th>\n<td class=\"woocommerce-product-attributes-item__value\"><a href=\"https:\/\/tomasinifrancia.it\/bracciale\/pelle\/\" rel=\"tag\">Cuero<\/a><\/td>\n<\/tr>\n<tr class=\"woocommerce-product-attributes-item woocommerce-product-attributes-item--attribute_pa_materiale\">\n<th class=\"woocommerce-product-attributes-item__label\">Material<\/th>\n<td class=\"woocommerce-product-attributes-item__value\">Acero<\/td>\n<\/tr>\n<tr class=\"woocommerce-product-attributes-item woocommerce-product-attributes-item--attribute_dimensione\">\n<th class=\"woocommerce-product-attributes-item__label\">Tama\u00f1o<\/th>\n<td class=\"woocommerce-product-attributes-item__value\">35 MM<\/td>\n<\/tr>\n<\/tbody>\n<\/table>\n","protected":false},"excerpt":{"rendered":"<p>NOMOS GLASHUTTE Tangente ref. 139 Colecci\u00f3n Tangente Movimiento De cuerda manual Funciones Segundos peque\u00f1os Pulsera Cuero Material Acero Tama\u00f1o 35 MM<\/p>\n","protected":false},"featured_media":142311,"template":"","meta":{"_crdt_document":"","advanced_seo_description":"","jetpack_seo_html_title":"","jetpack_seo_noindex":false,"jetpack_post_was_ever_published":false},"product_brand":[],"product_cat":[2360],"product_tag":[2424],"berocket_brand":[],"woo-feed-brand":[],"class_list":{"0":"post-76512","1":"product","2":"type-product","3":"status-publish","4":"has-post-thumbnail","6":"product_cat-nomos-glashutte-es","7":"product_tag-tangente-es","9":"first","10":"instock","11":"sale","12":"taxable","13":"shipping-taxable","14":"purchasable","15":"product-type-simple"},"bundled_by":[],"bundle_stock_status":"instock","bundle_stock_quantity":1,"bundle_virtual":false,"bundle_layout":"","bundle_add_to_cart_form_location":"","bundle_editable_in_cart":false,"bundle_sold_individually_context":"","bundle_item_grouping":"","bundle_min_size":"","bundle_max_size":"","bundle_price":[],"bundled_items":[],"bundle_sell_ids":[],"group_of_quantity":0,"min_quantity":0,"max_quantity":"","exclude_order_quantity_value_rules":"no","exclude_category_quantity_rules":"no","combine_variations":"no","exclude_global_add_ons":[],"addons":[],"jetpack_sharing_enabled":true,"jetpack_likes_enabled":true,"_links":{"self":[{"href":"https:\/\/watchdeluxe.it\/es\/wp-json\/wp\/v2\/product\/76512","targetHints":{"allow":["GET"]}}],"collection":[{"href":"https:\/\/watchdeluxe.it\/es\/wp-json\/wp\/v2\/product"}],"about":[{"href":"https:\/\/watchdeluxe.it\/es\/wp-json\/wp\/v2\/types\/product"}],"wp:featuredmedia":[{"embeddable":true,"href":"https:\/\/watchdeluxe.it\/es\/wp-json\/wp\/v2\/media\/142311"}],"wp:attachment":[{"href":"https:\/\/watchdeluxe.it\/es\/wp-json\/wp\/v2\/media?parent=76512"}],"wp:term":[{"taxonomy":"product_brand","embeddable":true,"href":"https:\/\/watchdeluxe.it\/es\/wp-json\/wp\/v2\/product_brand?post=76512"},{"taxonomy":"product_cat","embeddable":true,"href":"https:\/\/watchdeluxe.it\/es\/wp-json\/wp\/v2\/product_cat?post=76512"},{"taxonomy":"product_tag","embeddable":true,"href":"https:\/\/watchdeluxe.it\/es\/wp-json\/wp\/v2\/product_tag?post=76512"},{"taxonomy":"berocket_brand","embeddable":true,"href":"https:\/\/watchdeluxe.it\/es\/wp-json\/wp\/v2\/berocket_brand?post=76512"},{"taxonomy":"woo-feed-brand","embeddable":true,"href":"https:\/\/watchdeluxe.it\/es\/wp-json\/wp\/v2\/woo-feed-brand?post=76512"}],"curies":[{"name":"wp","href":"https:\/\/api.w.org\/{rel}","templated":true}]}}