{"id":76361,"date":"2023-03-17T18:41:41","date_gmt":"2023-03-17T17:41:41","guid":{"rendered":"https:\/\/watchdeluxe.it\/prodotto\/reloj-longines-primaluna-stainless-de-cuarzo-para-senora-ref-l81125786\/"},"modified":"2025-04-30T17:30:00","modified_gmt":"2025-04-30T15:30:00","slug":"longines-primaluna-reloj-de-cuarzo-inoxidable-dama-ref-l81125786","status":"publish","type":"product","link":"https:\/\/watchdeluxe.it\/es\/prodotto\/longines-primaluna-reloj-de-cuarzo-inoxidable-dama-ref-l81125786\/","title":{"rendered":"Reloj Longines Primaluna Stainless de cuarzo para se\u00f1ora ref. L81125786"},"content":{"rendered":"<p>Reloj Longines Primaluna Stainless de cuarzo para se\u00f1ora ref. L81125786<\/p>\n<table class=\"data-table\">\n<tbody>\n<tr class=\"odd\">\n<td class=\"spec-name\">Marca<\/td>\n<td class=\"spec-value\">Longines<\/td>\n<\/tr>\n<tr class=\"even\">\n<td class=\"spec-name\">L\u00ednea<\/td>\n<td class=\"spec-value\">PRIMALUNA<\/td>\n<\/tr>\n<tr class=\"odd\">\n<td class=\"spec-name\">Complicaci\u00f3n<\/td>\n<td class=\"spec-value\">SOLO TIEMPO<\/td>\n<\/tr>\n<tr class=\"even\">\n<td class=\"spec-name\">Movimiento<\/td>\n<td class=\"spec-value\">CUARZO<\/td>\n<\/tr>\n<tr class=\"odd\">\n<td class=\"spec-name\">Fechador<\/td>\n<td class=\"spec-value\">FECHA<\/td>\n<\/tr>\n<tr class=\"even\">\n<td class=\"spec-name\">Forma<\/td>\n<td class=\"spec-value\">REDONDA<\/td>\n<\/tr>\n<tr class=\"odd\">\n<td class=\"spec-name\">Tama\u00f1o<\/td>\n<td class=\"spec-value\">30 MM<\/td>\n<\/tr>\n<tr class=\"even\">\n<td class=\"spec-name\">Material de la caja<\/td>\n<td class=\"spec-value\">Acero y oro rosa<\/td>\n<\/tr>\n<tr class=\"odd\">\n<td class=\"spec-name\">Marca<\/td>\n<td class=\"spec-value\">PLATA<\/td>\n<\/tr>\n<tr class=\"even\">\n<td class=\"spec-name\">Pulsera<\/td>\n<td class=\"spec-value\">ACERO Y ORO ROSA<\/td>\n<\/tr>\n<tr class=\"odd\">\n<td class=\"spec-name\">Resistencia al agua<\/td>\n<td class=\"spec-value\">30 M<\/td>\n<\/tr>\n<\/tbody>\n<\/table>\n","protected":false},"excerpt":{"rendered":"<p>Reloj Longines Primaluna Stainless de cuarzo para se\u00f1ora ref. L81125786 Marca Longines L\u00ednea PRIMALUNA Complicaci\u00f3n SOLO TIEMPO Movimiento CUARZO Fechador FECHA Forma REDONDA Tama\u00f1o 30 MM Material de la caja Acero y oro rosa Marca PLATA Pulsera ACERO Y ORO ROSA Resistencia al agua 30 M<\/p>\n","protected":false},"featured_media":166010,"template":"","meta":{"_crdt_document":"","advanced_seo_description":"","jetpack_seo_html_title":"","jetpack_seo_noindex":false},"product_brand":[],"product_cat":[2187],"product_tag":[3228],"berocket_brand":[],"woo-feed-brand":[],"class_list":{"0":"post-76361","1":"product","2":"type-product","3":"status-publish","4":"has-post-thumbnail","6":"product_cat-longines-es","7":"product_tag-primaluna-es","9":"first","10":"instock","11":"sale","12":"taxable","13":"shipping-taxable","14":"purchasable","15":"product-type-simple"},"bundled_by":[],"bundle_stock_status":"instock","bundle_stock_quantity":1,"bundle_virtual":false,"bundle_layout":"","bundle_add_to_cart_form_location":"","bundle_editable_in_cart":false,"bundle_sold_individually_context":"","bundle_item_grouping":"","bundle_min_size":"","bundle_max_size":"","bundle_price":[],"bundled_items":[],"bundle_sell_ids":[],"group_of_quantity":0,"min_quantity":0,"max_quantity":"","exclude_order_quantity_value_rules":"no","exclude_category_quantity_rules":"no","combine_variations":"no","jetpack_sharing_enabled":true,"jetpack_likes_enabled":true,"_links":{"self":[{"href":"https:\/\/watchdeluxe.it\/es\/wp-json\/wp\/v2\/product\/76361","targetHints":{"allow":["GET"]}}],"collection":[{"href":"https:\/\/watchdeluxe.it\/es\/wp-json\/wp\/v2\/product"}],"about":[{"href":"https:\/\/watchdeluxe.it\/es\/wp-json\/wp\/v2\/types\/product"}],"wp:featuredmedia":[{"embeddable":true,"href":"https:\/\/watchdeluxe.it\/es\/wp-json\/wp\/v2\/media\/166010"}],"wp:attachment":[{"href":"https:\/\/watchdeluxe.it\/es\/wp-json\/wp\/v2\/media?parent=76361"}],"wp:term":[{"taxonomy":"product_brand","embeddable":true,"href":"https:\/\/watchdeluxe.it\/es\/wp-json\/wp\/v2\/product_brand?post=76361"},{"taxonomy":"product_cat","embeddable":true,"href":"https:\/\/watchdeluxe.it\/es\/wp-json\/wp\/v2\/product_cat?post=76361"},{"taxonomy":"product_tag","embeddable":true,"href":"https:\/\/watchdeluxe.it\/es\/wp-json\/wp\/v2\/product_tag?post=76361"},{"taxonomy":"berocket_brand","embeddable":true,"href":"https:\/\/watchdeluxe.it\/es\/wp-json\/wp\/v2\/berocket_brand?post=76361"},{"taxonomy":"woo-feed-brand","embeddable":true,"href":"https:\/\/watchdeluxe.it\/es\/wp-json\/wp\/v2\/woo-feed-brand?post=76361"}],"curies":[{"name":"wp","href":"https:\/\/api.w.org\/{rel}","templated":true}]}}