{"id":76315,"date":"2023-03-17T18:41:49","date_gmt":"2023-03-17T17:41:49","guid":{"rendered":"https:\/\/watchdeluxe.it\/prodotto\/omega-speedmaster-racing-ref-329-32-44-51-01-001\/"},"modified":"2025-04-30T17:26:15","modified_gmt":"2025-04-30T15:26:15","slug":"omega-speedmaster-racing-ref-329-32-44-51-01-001","status":"publish","type":"product","link":"https:\/\/watchdeluxe.it\/es\/prodotto\/omega-speedmaster-racing-ref-329-32-44-51-01-001\/","title":{"rendered":"Omega Speedmaster Racing ref. 329.32.44.51.01.001"},"content":{"rendered":"<p><span id=\"watchNotes\" data-mce-fragment=\"1\">Este Speedmaster Racing Master Chronometer presenta una caja de acero inoxidable de 44,25 mm con un bisel de cer\u00e1mica negra que incluye la famosa escala taquim\u00e9trica con letras naranjas y n\u00fameros Liquidmetal. La correa de cuero negro microperforado deja ver el caucho naranja del interior.  <br data-mce-fragment=\"1\"><br data-mce-fragment=\"1\">La esfera negra mate presenta un minutero Racing distintivo que da nombre al reloj. Tambi\u00e9n hay dos contadores con anillos bru\u00f1idos aplicados y una ventana de fecha a las 6 que hace juego con el color de la esfera. Las agujas lucen una combinaci\u00f3n de pintura blanca y naranja, mientras que los marcadores de flecha son de oro blanco de 18 quilates con Super-LumiNova blanca.  <br data-mce-fragment=\"1\"><br data-mce-fragment=\"1\">El reloj est\u00e1 equipado con el calibre OMEGA Co-Axial Master Chronometer 9900, certificado por METAS conforme a las normas m\u00e1s exigentes de la industria relojera.  <br data-mce-fragment=\"1\"><br data-mce-fragment=\"1\">Caracter\u00edsticas <br data-mce-fragment=\"1\"><br data-mce-fragment=\"1\">Antimagn\u00e9tico <br data-mce-fragment=\"1\"><br data-mce-fragment=\"1\">Cron\u00f3metro maestro certificado <br data-mce-fragment=\"1\"><br data-mce-fragment=\"1\">Cron\u00f3grafo  <br data-mce-fragment=\"1\"><br data-mce-fragment=\"1\">Cron\u00f3metro <br data-mce-fragment=\"1\"><br data-mce-fragment=\"1\">Fecha <br data-mce-fragment=\"1\"><br data-mce-fragment=\"1\">Dorso transparente <br data-mce-fragment=\"1\"><br data-mce-fragment=\"1\">Reloj autom\u00e1tico <br data-mce-fragment=\"1\"><br data-mce-fragment=\"1\">Segundos peque\u00f1os <br data-mce-fragment=\"1\"><br data-mce-fragment=\"1\">Tac\u00f3metro <br data-mce-fragment=\"1\"><br data-mce-fragment=\"1\">Especificaciones t\u00e9cnicas <br data-mce-fragment=\"1\"><br data-mce-fragment=\"1\">Distancia entre asas: 21 mm <br data-mce-fragment=\"1\">Brazalete\/Correa: Correa de piel <br data-mce-fragment=\"1\">Caja: Acero <br data-mce-fragment=\"1\">Di\u00e1metro: 44,25 mm <br data-mce-fragment=\"1\">Color de la esfera: Negro <br data-mce-fragment=\"1\">Cristal: Cristal de zafiro resistente a los ara\u00f1azos con revestimiento antirreflejos en ambas caras <br data-mce-fragment=\"1\">Resistencia al agua: 5 bares (50 metros \/ 167 pies)<\/span><\/p>\n","protected":false},"excerpt":{"rendered":"<p>Este Speedmaster Racing Master Chronometer presenta una caja de acero inoxidable de 44,25 mm con un bisel de cer\u00e1mica negra que incluye la famosa escala taquim\u00e9trica con letras naranjas y n\u00fameros Liquidmetal. La correa de cuero negro microperforado deja ver el caucho naranja del interior. La esfera negra mate presenta un minutero Racing distintivo que [&hellip;]<\/p>\n","protected":false},"featured_media":59130,"template":"","meta":{"_crdt_document":"","advanced_seo_description":"","jetpack_seo_html_title":"","jetpack_seo_noindex":false},"product_brand":[2155],"product_cat":[2276],"product_tag":[2297],"berocket_brand":[],"woo-feed-brand":[],"class_list":{"0":"post-76315","1":"product","2":"type-product","3":"status-publish","4":"has-post-thumbnail","6":"product_brand-omega","7":"product_cat-omega-es","8":"product_tag-speedmaster-es","10":"first","11":"instock","12":"sale","13":"taxable","14":"shipping-taxable","15":"purchasable","16":"product-type-simple"},"bundled_by":[],"bundle_stock_status":"instock","bundle_stock_quantity":1,"bundle_virtual":false,"bundle_layout":"","bundle_add_to_cart_form_location":"","bundle_editable_in_cart":false,"bundle_sold_individually_context":"","bundle_item_grouping":"","bundle_min_size":"","bundle_max_size":"","bundle_price":[],"bundled_items":[],"bundle_sell_ids":[],"group_of_quantity":0,"min_quantity":0,"max_quantity":"","exclude_order_quantity_value_rules":"no","exclude_category_quantity_rules":"no","combine_variations":"no","jetpack_sharing_enabled":true,"jetpack_likes_enabled":true,"_links":{"self":[{"href":"https:\/\/watchdeluxe.it\/es\/wp-json\/wp\/v2\/product\/76315","targetHints":{"allow":["GET"]}}],"collection":[{"href":"https:\/\/watchdeluxe.it\/es\/wp-json\/wp\/v2\/product"}],"about":[{"href":"https:\/\/watchdeluxe.it\/es\/wp-json\/wp\/v2\/types\/product"}],"wp:featuredmedia":[{"embeddable":true,"href":"https:\/\/watchdeluxe.it\/es\/wp-json\/wp\/v2\/media\/59130"}],"wp:attachment":[{"href":"https:\/\/watchdeluxe.it\/es\/wp-json\/wp\/v2\/media?parent=76315"}],"wp:term":[{"taxonomy":"product_brand","embeddable":true,"href":"https:\/\/watchdeluxe.it\/es\/wp-json\/wp\/v2\/product_brand?post=76315"},{"taxonomy":"product_cat","embeddable":true,"href":"https:\/\/watchdeluxe.it\/es\/wp-json\/wp\/v2\/product_cat?post=76315"},{"taxonomy":"product_tag","embeddable":true,"href":"https:\/\/watchdeluxe.it\/es\/wp-json\/wp\/v2\/product_tag?post=76315"},{"taxonomy":"berocket_brand","embeddable":true,"href":"https:\/\/watchdeluxe.it\/es\/wp-json\/wp\/v2\/berocket_brand?post=76315"},{"taxonomy":"woo-feed-brand","embeddable":true,"href":"https:\/\/watchdeluxe.it\/es\/wp-json\/wp\/v2\/woo-feed-brand?post=76315"}],"curies":[{"name":"wp","href":"https:\/\/api.w.org\/{rel}","templated":true}]}}