{"id":76205,"date":"2023-03-17T18:43:23","date_gmt":"2023-03-17T17:43:23","guid":{"rendered":"https:\/\/watchdeluxe.it\/prodotto\/omega-master-chronometer-29-mm-constellation-manhattan-ref-131-10-29-20-05-001\/"},"modified":"2023-09-18T16:43:42","modified_gmt":"2023-09-18T14:43:42","slug":"omega-master-chronometer-29-mm-constellation-manhattan-ref-131-10-29-20-05-001","status":"publish","type":"product","link":"https:\/\/watchdeluxe.it\/es\/prodotto\/omega-master-chronometer-29-mm-constellation-manhattan-ref-131-10-29-20-05-001\/","title":{"rendered":"Omega Master Chronometer 29 Mm Constellation Manhattan ref. 131.10.29.20.05.001"},"content":{"rendered":"<div class=\"product-info-data features pm-anim-show seen\" style=\"opacity: 1;\" data-mce-fragment=\"1\">\n<h3 class=\"product-info-data-title\" data-mce-fragment=\"1\"><span class=\"hidden-tablet\" data-mce-fragment=\"1\">Caracter\u00edsticas<\/span><\/h3>\n<div id=\"product-info-data-609a57d6bd625\" class=\"product-info-data-content features watches\" data-mce-fragment=\"1\">\n<ul data-mce-fragment=\"1\">\n<li data-mce-fragment=\"1\">\n<div class=\"pm-feature-tooltip\" data-mce-fragment=\"1\">\n<p data-mce-fragment=\"1\"><a class=\"tooltip-toggle\" aria-describedby=\"tooltip-content-609a57d6c0f5e\" aria-expanded=\"false\" data-mce-fragment=\"1\">  Antimagn\u00e9tico  <\/a><\/p>\n<\/div>\n<\/li>\n<li data-mce-fragment=\"1\">\n<div class=\"pm-feature-tooltip\" data-mce-fragment=\"1\">\n<p data-mce-fragment=\"1\"><a class=\"tooltip-toggle\" aria-describedby=\"tooltip-content-609a57d6c1f1b\" aria-expanded=\"false\" data-mce-fragment=\"1\">  Cron\u00f3metro maestro certificado  <\/a><\/p>\n<\/div>\n<\/li>\n<li data-mce-fragment=\"1\">\n<div class=\"pm-feature-tooltip\" data-mce-fragment=\"1\">\n<p data-mce-fragment=\"1\"><a class=\"tooltip-toggle\" aria-describedby=\"tooltip-content-609a57d6c30df\" aria-expanded=\"false\" data-mce-fragment=\"1\">  Cron\u00f3metro  <\/a><\/p>\n<\/div>\n<\/li>\n<li data-mce-fragment=\"1\">\n<div class=\"pm-feature-tooltip\" data-mce-fragment=\"1\">\n<p data-mce-fragment=\"1\"><a class=\"tooltip-toggle\" aria-describedby=\"tooltip-content-609a57d6c3f82\" aria-expanded=\"false\" data-mce-fragment=\"1\">  Fecha  <\/a><\/p>\n<\/div>\n<\/li>\n<li data-mce-fragment=\"1\">\n<div class=\"pm-feature-tooltip\" data-mce-fragment=\"1\">\n<p data-mce-fragment=\"1\"><a class=\"tooltip-toggle\" aria-describedby=\"tooltip-content-609a57d6c5109\" aria-expanded=\"false\" data-mce-fragment=\"1\">  Dorso transparente  <\/a><\/p>\n<\/div>\n<\/li>\n<li data-mce-fragment=\"1\">\n<div class=\"pm-feature-tooltip\" data-mce-fragment=\"1\">\n<p data-mce-fragment=\"1\"><a class=\"tooltip-toggle\" aria-describedby=\"tooltip-content-609a57d6c6377\" aria-expanded=\"false\" data-mce-fragment=\"1\">  Reloj autom\u00e1tico  <\/a><\/p>\n<\/div>\n<\/li>\n<\/ul>\n<\/div>\n<\/div>\n<div class=\"product-info-data technical-data pm-anim-show seen\" style=\"opacity: 1;\" data-mce-fragment=\"1\">\n<h3 class=\"product-info-data-title\" data-mce-fragment=\"1\"><span class=\"hidden-tablet\" data-mce-fragment=\"1\">Especificaciones t\u00e9cnicas<\/span><\/h3>\n<div id=\"product-info-data-609a57d6c67b6\" class=\"product-info-data-content technical-data watches\" data-mce-fragment=\"1\">\n<ul data-mce-fragment=\"1\">\n<li data-mce-fragment=\"1\"><strong data-mce-fragment=\"1\">Distancia entre asas:<\/strong> <span class=\"technical-data-value\" data-code=\"watch_between_lugs_size\" data-mce-fragment=\"1\">17,6 mm<\/span><\/li>\n<li data-mce-fragment=\"1\"><strong data-mce-fragment=\"1\">Brazalete\/pulsera:<\/strong> <span class=\"technical-data-value\" data-code=\"watch_bracelet\" data-mce-fragment=\"1\">Acero<\/span><\/li>\n<li data-mce-fragment=\"1\"><strong data-mce-fragment=\"1\">Caja:<\/strong> <span class=\"technical-data-value\" data-code=\"watch_watchcase\" data-mce-fragment=\"1\">Acero<\/span><\/li>\n<li data-mce-fragment=\"1\">Di\u00e1metro: 29 mm<\/li>\n<li data-mce-fragment=\"1\"><strong data-mce-fragment=\"1\">Color de la esfera:<\/strong> <span class=\"technical-data-value\" data-code=\"watch_dial\" data-mce-fragment=\"1\">Blanco<\/span><\/li>\n<li data-mce-fragment=\"1\"><strong data-mce-fragment=\"1\">Cristal:<\/strong> <span class=\"technical-data-value\" data-code=\"watch_crystal\" data-mce-fragment=\"1\">Cristal de zafiro abombado resistente a los ara\u00f1azos con tratamiento antirreflejos en ambas caras<\/span><\/li>\n<li data-mce-fragment=\"1\"><strong data-mce-fragment=\"1\">Resistencia al agua:<\/strong> <span class=\"technical-data-value\" data-code=\"watch_waterresistance\" data-mce-fragment=\"1\">5 bares (50 metros \/ 167 pies)<\/span><\/li>\n<\/ul>\n<\/div>\n<\/div>\n","protected":false},"excerpt":{"rendered":"<p>Caracter\u00edsticas Antimagn\u00e9tico Cron\u00f3metro maestro certificado Cron\u00f3metro Fecha Dorso transparente Reloj autom\u00e1tico Especificaciones t\u00e9cnicas Distancia entre asas: 17,6 mm Brazalete\/pulsera: Acero Caja: Acero Di\u00e1metro: 29 mm Color de la esfera: Blanco Cristal: Cristal de zafiro abombado resistente a los ara\u00f1azos con tratamiento antirreflejos en ambas caras Resistencia al agua: 5 bares (50 metros \/ 167 pies)<\/p>\n","protected":false},"featured_media":59078,"template":"","meta":{"_crdt_document":"","advanced_seo_description":"","jetpack_seo_html_title":"","jetpack_seo_noindex":false},"product_brand":[2155],"product_cat":[2276],"product_tag":[2974],"berocket_brand":[],"woo-feed-brand":[],"class_list":{"0":"post-76205","1":"product","2":"type-product","3":"status-publish","4":"has-post-thumbnail","6":"product_brand-omega","7":"product_cat-omega-es","8":"product_tag-constelacion","10":"first","11":"instock","12":"sale","13":"taxable","14":"shipping-taxable","15":"purchasable","16":"product-type-simple"},"bundled_by":[],"bundle_stock_status":"instock","bundle_stock_quantity":1,"bundle_virtual":false,"bundle_layout":"","bundle_add_to_cart_form_location":"","bundle_editable_in_cart":false,"bundle_sold_individually_context":"","bundle_item_grouping":"","bundle_min_size":"","bundle_max_size":"","bundle_price":[],"bundled_items":[],"bundle_sell_ids":[],"group_of_quantity":0,"min_quantity":0,"max_quantity":"","exclude_order_quantity_value_rules":"no","exclude_category_quantity_rules":"no","combine_variations":"no","exclude_global_add_ons":[],"addons":[],"jetpack_sharing_enabled":true,"jetpack_likes_enabled":true,"_links":{"self":[{"href":"https:\/\/watchdeluxe.it\/es\/wp-json\/wp\/v2\/product\/76205","targetHints":{"allow":["GET"]}}],"collection":[{"href":"https:\/\/watchdeluxe.it\/es\/wp-json\/wp\/v2\/product"}],"about":[{"href":"https:\/\/watchdeluxe.it\/es\/wp-json\/wp\/v2\/types\/product"}],"wp:featuredmedia":[{"embeddable":true,"href":"https:\/\/watchdeluxe.it\/es\/wp-json\/wp\/v2\/media\/59078"}],"wp:attachment":[{"href":"https:\/\/watchdeluxe.it\/es\/wp-json\/wp\/v2\/media?parent=76205"}],"wp:term":[{"taxonomy":"product_brand","embeddable":true,"href":"https:\/\/watchdeluxe.it\/es\/wp-json\/wp\/v2\/product_brand?post=76205"},{"taxonomy":"product_cat","embeddable":true,"href":"https:\/\/watchdeluxe.it\/es\/wp-json\/wp\/v2\/product_cat?post=76205"},{"taxonomy":"product_tag","embeddable":true,"href":"https:\/\/watchdeluxe.it\/es\/wp-json\/wp\/v2\/product_tag?post=76205"},{"taxonomy":"berocket_brand","embeddable":true,"href":"https:\/\/watchdeluxe.it\/es\/wp-json\/wp\/v2\/berocket_brand?post=76205"},{"taxonomy":"woo-feed-brand","embeddable":true,"href":"https:\/\/watchdeluxe.it\/es\/wp-json\/wp\/v2\/woo-feed-brand?post=76205"}],"curies":[{"name":"wp","href":"https:\/\/api.w.org\/{rel}","templated":true}]}}