{"id":76147,"date":"2023-03-17T18:43:33","date_gmt":"2023-03-17T17:43:33","guid":{"rendered":"https:\/\/watchdeluxe.it\/prodotto\/tag-heuer-carrera-cronografo-ref-cbn2a1a-ba0643\/"},"modified":"2026-01-19T16:40:31","modified_gmt":"2026-01-19T15:40:31","slug":"tag-heuer-chronograph-ref-cbn2a1a-ba0643","status":"publish","type":"product","link":"https:\/\/watchdeluxe.it\/es\/prodotto\/tag-heuer-chronograph-ref-cbn2a1a-ba0643\/","title":{"rendered":"TAG Heuer Carrera Cron\u00f3grafo ref. CBN2A1A.BA0643"},"content":{"rendered":"<p><span id=\"watchNotes\" data-mce-fragment=\"1\">Marca: Tag Heuer <br data-mce-fragment=\"1\">Modelo: Carrera <br data-mce-fragment=\"1\">Referencia: CBN2A1A.BA0643  <br data-mce-fragment=\"1\">Movimiento: autom\u00e1tico <br data-mce-fragment=\"1\">Caja: caja de acero satinado y pulido  <br data-mce-fragment=\"1\">Pulsera : acero <br data-mce-fragment=\"1\">Di\u00e1metro: 44 mm <br data-mce-fragment=\"1\">Bisel: bisel fijo de acero y cer\u00e1mica azul con escala taquim\u00e9trica  <br data-mce-fragment=\"1\">Cristal: cristal de zafiro abombado con doble tratamiento antirreflejos  <br data-mce-fragment=\"1\">Esfera: azul <br data-mce-fragment=\"1\">Funciones: cron\u00f3grafo <br data-mce-fragment=\"1\">Reverso: cristal de zafiro atornillado y acero <br data-mce-fragment=\"1\">Corona: push-pull <br data-mce-fragment=\"1\">Resistencia al agua: 10 bares (100 m) <br data-mce-fragment=\"1\">Garant\u00eda: 2 a\u00f1os internacional <br data-mce-fragment=\"1\">Disponibilidad: p\u00f3ngase en contacto con nosotros <br data-mce-fragment=\"1\">Otros: reserva de marcha 80 h<\/span><\/p>\n","protected":false},"excerpt":{"rendered":"<p>Marca: Tag Heuer Modelo: Carrera Referencia: CBN2A1A.BA0643 Movimiento: autom\u00e1tico Caja: caja de acero satinado y pulido Pulsera : acero Di\u00e1metro: 44 mm Bisel: bisel fijo de acero y cer\u00e1mica azul con escala taquim\u00e9trica Cristal: cristal de zafiro abombado con doble tratamiento antirreflejos Esfera: azul Funciones: cron\u00f3grafo Reverso: cristal de zafiro atornillado y acero Corona: push-pull [&hellip;]<\/p>\n","protected":false},"featured_media":146595,"template":"","meta":{"_crdt_document":"","advanced_seo_description":"","jetpack_seo_html_title":"","jetpack_seo_noindex":false},"product_brand":[],"product_cat":[2264],"product_tag":[2375],"berocket_brand":[],"woo-feed-brand":[],"class_list":{"0":"post-76147","1":"product","2":"type-product","3":"status-publish","4":"has-post-thumbnail","6":"product_cat-tag-heuer-es","7":"product_tag-carrera-es","9":"first","10":"instock","11":"sale","12":"taxable","13":"shipping-taxable","14":"purchasable","15":"product-type-simple"},"bundled_by":[],"bundle_stock_status":"instock","bundle_stock_quantity":1,"bundle_virtual":false,"bundle_layout":"","bundle_add_to_cart_form_location":"","bundle_editable_in_cart":false,"bundle_sold_individually_context":"","bundle_item_grouping":"","bundle_min_size":"","bundle_max_size":"","bundle_price":[],"bundled_items":[],"bundle_sell_ids":[],"group_of_quantity":0,"min_quantity":0,"max_quantity":"","exclude_order_quantity_value_rules":"no","exclude_category_quantity_rules":"no","combine_variations":"no","jetpack_sharing_enabled":true,"jetpack_likes_enabled":true,"_links":{"self":[{"href":"https:\/\/watchdeluxe.it\/es\/wp-json\/wp\/v2\/product\/76147","targetHints":{"allow":["GET"]}}],"collection":[{"href":"https:\/\/watchdeluxe.it\/es\/wp-json\/wp\/v2\/product"}],"about":[{"href":"https:\/\/watchdeluxe.it\/es\/wp-json\/wp\/v2\/types\/product"}],"wp:featuredmedia":[{"embeddable":true,"href":"https:\/\/watchdeluxe.it\/es\/wp-json\/wp\/v2\/media\/146595"}],"wp:attachment":[{"href":"https:\/\/watchdeluxe.it\/es\/wp-json\/wp\/v2\/media?parent=76147"}],"wp:term":[{"taxonomy":"product_brand","embeddable":true,"href":"https:\/\/watchdeluxe.it\/es\/wp-json\/wp\/v2\/product_brand?post=76147"},{"taxonomy":"product_cat","embeddable":true,"href":"https:\/\/watchdeluxe.it\/es\/wp-json\/wp\/v2\/product_cat?post=76147"},{"taxonomy":"product_tag","embeddable":true,"href":"https:\/\/watchdeluxe.it\/es\/wp-json\/wp\/v2\/product_tag?post=76147"},{"taxonomy":"berocket_brand","embeddable":true,"href":"https:\/\/watchdeluxe.it\/es\/wp-json\/wp\/v2\/berocket_brand?post=76147"},{"taxonomy":"woo-feed-brand","embeddable":true,"href":"https:\/\/watchdeluxe.it\/es\/wp-json\/wp\/v2\/woo-feed-brand?post=76147"}],"curies":[{"name":"wp","href":"https:\/\/api.w.org\/{rel}","templated":true}]}}