{"id":75998,"date":"2023-03-17T18:44:02","date_gmt":"2023-03-17T17:44:02","guid":{"rendered":"https:\/\/watchdeluxe.it\/prodotto\/reloj-rado-senora-true-white-ref-r27061712\/"},"modified":"2026-04-02T17:40:26","modified_gmt":"2026-04-02T15:40:26","slug":"rado-ladies-watch-true-white-ref-r27061712","status":"publish","type":"product","link":"https:\/\/watchdeluxe.it\/es\/prodotto\/rado-ladies-watch-true-white-ref-r27061712\/","title":{"rendered":"Reloj Rado de mujer True White ref. R27061712"},"content":{"rendered":"<p><span id=\"watchNotes\" data-mce-fragment=\"1\">Caracter\u00edsticas <br data-mce-fragment=\"1\"><br data-mce-fragment=\"1\">Movimiento de cuarzo Swiss Made <br data-mce-fragment=\"1\">Cristal de zafiro antirrayas <br data-mce-fragment=\"1\">Esfera blanca con diamantes en los \u00edndices <br data-mce-fragment=\"1\">4 diamantes, 0,032 ct <br data-mce-fragment=\"1\">Agujas tratadas con Super-Luminova <br data-mce-fragment=\"1\">Caja y brazalete de cer\u00e1mica de alta tecnolog\u00eda y titanio <br data-mce-fragment=\"1\">Cierre de brazalete de titanio <br data-mce-fragment=\"1\">Resistente al agua hasta 5 bar (50 M)  <br data-mce-fragment=\"1\"><br data-mce-fragment=\"1\">Especificaciones <br data-mce-fragment=\"1\"><br data-mce-fragment=\"1\">Di\u00e1metro de la caja 30,0 mm <br data-mce-fragment=\"1\">Grosor de la caja 8,0 mm  <br data-mce-fragment=\"1\"><br data-mce-fragment=\"1\">Movimiento  <br data-mce-fragment=\"1\"><br data-mce-fragment=\"1\">Movimiento suizo de cuarzo ETA 956.112 <br data-mce-fragment=\"1\">7 3\/4&#8243;&#8216;, 16,4 mil\u00edmetros, 7 rub\u00edes, pila tipo Renata 364 <br data-mce-fragment=\"1\">Vida media de la pila 2,5 a\u00f1os<\/span><\/p>\n","protected":false},"excerpt":{"rendered":"<p>Caracter\u00edsticas Movimiento de cuarzo Swiss Made Cristal de zafiro antirrayas Esfera blanca con diamantes en los \u00edndices 4 diamantes, 0,032 ct Agujas tratadas con Super-Luminova Caja y brazalete de cer\u00e1mica de alta tecnolog\u00eda y titanio Cierre de brazalete de titanio Resistente al agua hasta 5 bar (50 M) Especificaciones Di\u00e1metro de la caja 30,0 mm [&hellip;]<\/p>\n","protected":false},"featured_media":148667,"template":"","meta":{"_crdt_document":"","advanced_seo_description":"","jetpack_seo_html_title":"","jetpack_seo_noindex":false},"product_brand":[],"product_cat":[2391],"product_tag":[],"berocket_brand":[],"woo-feed-brand":[],"class_list":{"0":"post-75998","1":"product","2":"type-product","3":"status-publish","4":"has-post-thumbnail","6":"product_cat-rado-es","8":"first","9":"instock","10":"sale","11":"taxable","12":"shipping-taxable","13":"purchasable","14":"product-type-simple"},"bundled_by":[],"bundle_stock_status":"instock","bundle_stock_quantity":1,"bundle_virtual":false,"bundle_layout":"","bundle_add_to_cart_form_location":"","bundle_editable_in_cart":false,"bundle_sold_individually_context":"","bundle_item_grouping":"","bundle_min_size":"","bundle_max_size":"","bundle_price":[],"bundled_items":[],"bundle_sell_ids":[],"group_of_quantity":0,"min_quantity":0,"max_quantity":"","exclude_order_quantity_value_rules":"no","exclude_category_quantity_rules":"no","combine_variations":"no","exclude_global_add_ons":[],"addons":[],"jetpack_sharing_enabled":true,"jetpack_likes_enabled":true,"_links":{"self":[{"href":"https:\/\/watchdeluxe.it\/es\/wp-json\/wp\/v2\/product\/75998","targetHints":{"allow":["GET"]}}],"collection":[{"href":"https:\/\/watchdeluxe.it\/es\/wp-json\/wp\/v2\/product"}],"about":[{"href":"https:\/\/watchdeluxe.it\/es\/wp-json\/wp\/v2\/types\/product"}],"wp:featuredmedia":[{"embeddable":true,"href":"https:\/\/watchdeluxe.it\/es\/wp-json\/wp\/v2\/media\/148667"}],"wp:attachment":[{"href":"https:\/\/watchdeluxe.it\/es\/wp-json\/wp\/v2\/media?parent=75998"}],"wp:term":[{"taxonomy":"product_brand","embeddable":true,"href":"https:\/\/watchdeluxe.it\/es\/wp-json\/wp\/v2\/product_brand?post=75998"},{"taxonomy":"product_cat","embeddable":true,"href":"https:\/\/watchdeluxe.it\/es\/wp-json\/wp\/v2\/product_cat?post=75998"},{"taxonomy":"product_tag","embeddable":true,"href":"https:\/\/watchdeluxe.it\/es\/wp-json\/wp\/v2\/product_tag?post=75998"},{"taxonomy":"berocket_brand","embeddable":true,"href":"https:\/\/watchdeluxe.it\/es\/wp-json\/wp\/v2\/berocket_brand?post=75998"},{"taxonomy":"woo-feed-brand","embeddable":true,"href":"https:\/\/watchdeluxe.it\/es\/wp-json\/wp\/v2\/woo-feed-brand?post=75998"}],"curies":[{"name":"wp","href":"https:\/\/api.w.org\/{rel}","templated":true}]}}