{"id":75940,"date":"2023-09-01T10:01:38","date_gmt":"2023-09-01T08:01:38","guid":{"rendered":"https:\/\/watchdeluxe.it\/prodotto\/grand-seiko-coleccion-elegance-ref-sbga407g\/"},"modified":"2025-04-30T17:36:38","modified_gmt":"2025-04-30T15:36:38","slug":"grand-seiko-elegance-collection-ref-sbga407g","status":"publish","type":"product","link":"https:\/\/watchdeluxe.it\/es\/prodotto\/grand-seiko-elegance-collection-ref-sbga407g\/","title":{"rendered":"Grand Seiko Colecci\u00f3n Elegance ref. SBGA407G"},"content":{"rendered":"<table data-mce-fragment=\"1\">\n<tbody data-mce-fragment=\"1\">\n<tr data-mce-fragment=\"1\">\n<th data-mce-fragment=\"1\">Material de la caja :<\/th>\n<td data-mce-fragment=\"1\">Acero inoxidable<\/td>\n<\/tr>\n<tr data-mce-fragment=\"1\">\n<th data-mce-fragment=\"1\">Material del cristal :<\/th>\n<td data-mce-fragment=\"1\">Cristal cuadrado de zafiro<\/td>\n<\/tr>\n<tr data-mce-fragment=\"1\">\n<th data-mce-fragment=\"1\">Revestimiento de cristal :<\/th>\n<td data-mce-fragment=\"1\">Revestimiento antirreflejos en la superficie interior<\/td>\n<\/tr>\n<tr data-mce-fragment=\"1\">\n<th data-mce-fragment=\"1\">Tama\u00f1o de la caja :<\/th>\n<td data-mce-fragment=\"1\">Di\u00e1metro 40,2 mm \u00d7 Grosor 12,8 mm<\/td>\n<\/tr>\n<tr data-mce-fragment=\"1\">\n<th data-mce-fragment=\"1\">Material de la correa :<\/th>\n<td data-mce-fragment=\"1\">Piel de cocodrilo<\/td>\n<\/tr>\n<tr data-mce-fragment=\"1\">\n<th data-mce-fragment=\"1\">CIERRE_PRODUCTO :<\/th>\n<td data-mce-fragment=\"1\">Triple cierre desplegable con bot\u00f3n de desbloqueo<\/td>\n<\/tr>\n<\/tbody>\n<\/table>\n<table data-mce-fragment=\"1\">\n<tbody data-mce-fragment=\"1\">\n<tr data-mce-fragment=\"1\">\n<th data-mce-fragment=\"1\">Reserva de energ\u00eda :<\/th>\n<td data-mce-fragment=\"1\">Aprox. 72 horas (3 d\u00edas)<\/td>\n<\/tr>\n<tr data-mce-fragment=\"1\">\n<th data-mce-fragment=\"1\">Precisi\u00f3n :<\/th>\n<td data-mce-fragment=\"1\">\u00b11 segundo al d\u00eda \/ \u00b115 segundos al mes (de media)<\/td>\n<\/tr>\n<\/tbody>\n<\/table>\n<table data-mce-fragment=\"1\">\n<tbody data-mce-fragment=\"1\">\n<tr data-mce-fragment=\"1\">\n<th data-mce-fragment=\"1\">Resistencia al agua :<\/th>\n<td data-mce-fragment=\"1\">10 bar<\/td>\n<\/tr>\n<tr data-mce-fragment=\"1\">\n<th data-mce-fragment=\"1\">PRODUCTO_MAGNETICO :<\/th>\n<td data-mce-fragment=\"1\">Resistencia magn\u00e9tica<\/td>\n<\/tr>\n<tr data-mce-fragment=\"1\">\n<th data-mce-fragment=\"1\">Otros detalles \/ caracter\u00edsticas :<\/th>\n<td data-mce-fragment=\"1\">\n<ul data-mce-fragment=\"1\">\n<li data-mce-fragment=\"1\">\u30fb30 rub\u00edes<\/li>\n<li data-mce-fragment=\"1\">\u30fbIndicaci\u00f3n de reserva de energ\u00eda<\/li>\n<li data-mce-fragment=\"1\">\u30fbBase con 6 tornillos<\/li>\n<li data-mce-fragment=\"1\">Fondo transparente<\/li>\n<li data-mce-fragment=\"1\">\u30fbFunci\u00f3n de parada del segundero<\/li>\n<\/ul>\n<\/td>\n<\/tr>\n<\/tbody>\n<\/table>\n","protected":false},"excerpt":{"rendered":"<p>Material de la caja : Acero inoxidable Material del cristal : Cristal cuadrado de zafiro Revestimiento de cristal : Revestimiento antirreflejos en la superficie interior Tama\u00f1o de la caja : Di\u00e1metro 40,2 mm \u00d7 Grosor 12,8 mm Material de la correa : Piel de cocodrilo CIERRE_PRODUCTO : Triple cierre desplegable con bot\u00f3n de desbloqueo Reserva [&hellip;]<\/p>\n","protected":false},"featured_media":82424,"template":"","meta":{"_crdt_document":"","advanced_seo_description":"","jetpack_seo_html_title":"","jetpack_seo_noindex":false},"product_brand":[],"product_cat":[3911],"product_tag":[3303],"berocket_brand":[],"woo-feed-brand":[],"class_list":{"0":"post-75940","1":"product","2":"type-product","3":"status-publish","4":"has-post-thumbnail","6":"product_cat-grand-seiko-es","7":"product_tag-elegancia","9":"first","10":"instock","11":"sale","12":"taxable","13":"shipping-taxable","14":"purchasable","15":"product-type-simple"},"bundled_by":[],"bundle_stock_status":"instock","bundle_stock_quantity":1,"bundle_virtual":false,"bundle_layout":"","bundle_add_to_cart_form_location":"","bundle_editable_in_cart":false,"bundle_sold_individually_context":"","bundle_item_grouping":"","bundle_min_size":"","bundle_max_size":"","bundle_price":[],"bundled_items":[],"bundle_sell_ids":[],"group_of_quantity":0,"min_quantity":0,"max_quantity":"","exclude_order_quantity_value_rules":"no","exclude_category_quantity_rules":"no","combine_variations":"no","exclude_global_add_ons":[],"addons":[],"jetpack_sharing_enabled":true,"jetpack_likes_enabled":true,"_links":{"self":[{"href":"https:\/\/watchdeluxe.it\/es\/wp-json\/wp\/v2\/product\/75940","targetHints":{"allow":["GET"]}}],"collection":[{"href":"https:\/\/watchdeluxe.it\/es\/wp-json\/wp\/v2\/product"}],"about":[{"href":"https:\/\/watchdeluxe.it\/es\/wp-json\/wp\/v2\/types\/product"}],"wp:featuredmedia":[{"embeddable":true,"href":"https:\/\/watchdeluxe.it\/es\/wp-json\/wp\/v2\/media\/82424"}],"wp:attachment":[{"href":"https:\/\/watchdeluxe.it\/es\/wp-json\/wp\/v2\/media?parent=75940"}],"wp:term":[{"taxonomy":"product_brand","embeddable":true,"href":"https:\/\/watchdeluxe.it\/es\/wp-json\/wp\/v2\/product_brand?post=75940"},{"taxonomy":"product_cat","embeddable":true,"href":"https:\/\/watchdeluxe.it\/es\/wp-json\/wp\/v2\/product_cat?post=75940"},{"taxonomy":"product_tag","embeddable":true,"href":"https:\/\/watchdeluxe.it\/es\/wp-json\/wp\/v2\/product_tag?post=75940"},{"taxonomy":"berocket_brand","embeddable":true,"href":"https:\/\/watchdeluxe.it\/es\/wp-json\/wp\/v2\/berocket_brand?post=75940"},{"taxonomy":"woo-feed-brand","embeddable":true,"href":"https:\/\/watchdeluxe.it\/es\/wp-json\/wp\/v2\/woo-feed-brand?post=75940"}],"curies":[{"name":"wp","href":"https:\/\/api.w.org\/{rel}","templated":true}]}}