{"id":75881,"date":"2023-03-17T18:44:17","date_gmt":"2023-03-17T17:44:17","guid":{"rendered":"https:\/\/watchdeluxe.it\/prodotto\/longines-hydroconquest-43-mm-ref-l38834966\/"},"modified":"2026-04-06T06:42:55","modified_gmt":"2026-04-06T04:42:55","slug":"longines-hydroconquest-43-mm-ref-l38834966","status":"publish","type":"product","link":"https:\/\/watchdeluxe.it\/es\/prodotto\/longines-hydroconquest-43-mm-ref-l38834966\/","title":{"rendered":"Longines Hydroconquest 43 mm ref. L38834966"},"content":{"rendered":"<div class=\"lg-product__top-attributes\" style=\"opacity: 1\" data-mce-fragment=\"1\">\n<div class=\"lg-product__details lg-product__details--top\" data-mce-fragment=\"1\">\n<dl data-mce-fragment=\"1\">Longines Hydroconquest 43 mm ref. L38834966<\/dl>\n<dl data-mce-fragment=\"1\"><\/dl>\n<table class=\"data-table\">\n<tbody>\n<tr class=\"odd\">\n<td class=\"spec-name\">Marca<\/td>\n<td class=\"spec-value\">Longines<\/td>\n<\/tr>\n<tr class=\"even\">\n<td class=\"spec-name\">L\u00ednea<\/td>\n<td class=\"spec-value\">HYDROCONQUEST<\/td>\n<\/tr>\n<tr class=\"odd\">\n<td class=\"spec-name\">Complicaci\u00f3n<\/td>\n<td class=\"spec-value\">CRONOGRAF\u00cdA<\/td>\n<\/tr>\n<tr class=\"even\">\n<td class=\"spec-name\">Movimiento<\/td>\n<td class=\"spec-value\">AUTOM\u00c1TICO<\/td>\n<\/tr>\n<tr class=\"odd\">\n<td class=\"spec-name\">Fechador<\/td>\n<td class=\"spec-value\">FECHA<\/td>\n<\/tr>\n<tr class=\"even\">\n<td class=\"spec-name\">Forma<\/td>\n<td class=\"spec-value\">REDONDA<\/td>\n<\/tr>\n<tr class=\"odd\">\n<td class=\"spec-name\">Tama\u00f1o<\/td>\n<td class=\"spec-value\">43 MM<\/td>\n<\/tr>\n<tr class=\"even\">\n<td class=\"spec-name\">Material de la caja<\/td>\n<td class=\"spec-value\">ACERO Y BISEL CER\u00c1MICO<\/td>\n<\/tr>\n<tr class=\"odd\">\n<td class=\"spec-name\">Marca<\/td>\n<td class=\"spec-value\">AZUL<\/td>\n<\/tr>\n<tr class=\"even\">\n<td class=\"spec-name\">Pulsera<\/td>\n<td class=\"spec-value\">ACERO<\/td>\n<\/tr>\n<tr class=\"odd\">\n<td class=\"spec-name\">Impermeabilizaci\u00f3n<\/td>\n<td class=\"spec-value\">300 M<\/td>\n<\/tr>\n<\/tbody>\n<\/table>\n<\/div>\n<\/div>\n","protected":false},"excerpt":{"rendered":"<p>Longines Hydroconquest 43 mm ref. L38834966 Marca Longines L\u00ednea HYDROCONQUEST Complicaci\u00f3n CRONOGRAF\u00cdA Movimiento AUTOM\u00c1TICO Fechador FECHA Forma REDONDA Tama\u00f1o 43 MM Material de la caja ACERO Y BISEL CER\u00c1MICO Marca AZUL Pulsera ACERO Impermeabilizaci\u00f3n 300 M<\/p>\n","protected":false},"featured_media":150331,"template":"","meta":{"_crdt_document":"","advanced_seo_description":"","jetpack_seo_html_title":"","jetpack_seo_noindex":false},"product_brand":[],"product_cat":[2187],"product_tag":[2980,2837],"berocket_brand":[],"woo-feed-brand":[],"class_list":{"0":"post-75881","1":"product","2":"type-product","3":"status-publish","4":"has-post-thumbnail","6":"product_cat-longines-es","7":"product_tag-hydroconquest-es","8":"product_tag-cuarzo","10":"first","11":"instock","12":"sale","13":"taxable","14":"shipping-taxable","15":"purchasable","16":"product-type-simple"},"bundled_by":[],"bundle_stock_status":"instock","bundle_stock_quantity":1,"bundle_virtual":false,"bundle_layout":"","bundle_add_to_cart_form_location":"","bundle_editable_in_cart":false,"bundle_sold_individually_context":"","bundle_item_grouping":"","bundle_min_size":"","bundle_max_size":"","bundle_price":[],"bundled_items":[],"bundle_sell_ids":[],"group_of_quantity":0,"min_quantity":0,"max_quantity":"","exclude_order_quantity_value_rules":"no","exclude_category_quantity_rules":"no","combine_variations":"no","jetpack_sharing_enabled":true,"jetpack_likes_enabled":true,"_links":{"self":[{"href":"https:\/\/watchdeluxe.it\/es\/wp-json\/wp\/v2\/product\/75881","targetHints":{"allow":["GET"]}}],"collection":[{"href":"https:\/\/watchdeluxe.it\/es\/wp-json\/wp\/v2\/product"}],"about":[{"href":"https:\/\/watchdeluxe.it\/es\/wp-json\/wp\/v2\/types\/product"}],"wp:featuredmedia":[{"embeddable":true,"href":"https:\/\/watchdeluxe.it\/es\/wp-json\/wp\/v2\/media\/150331"}],"wp:attachment":[{"href":"https:\/\/watchdeluxe.it\/es\/wp-json\/wp\/v2\/media?parent=75881"}],"wp:term":[{"taxonomy":"product_brand","embeddable":true,"href":"https:\/\/watchdeluxe.it\/es\/wp-json\/wp\/v2\/product_brand?post=75881"},{"taxonomy":"product_cat","embeddable":true,"href":"https:\/\/watchdeluxe.it\/es\/wp-json\/wp\/v2\/product_cat?post=75881"},{"taxonomy":"product_tag","embeddable":true,"href":"https:\/\/watchdeluxe.it\/es\/wp-json\/wp\/v2\/product_tag?post=75881"},{"taxonomy":"berocket_brand","embeddable":true,"href":"https:\/\/watchdeluxe.it\/es\/wp-json\/wp\/v2\/berocket_brand?post=75881"},{"taxonomy":"woo-feed-brand","embeddable":true,"href":"https:\/\/watchdeluxe.it\/es\/wp-json\/wp\/v2\/woo-feed-brand?post=75881"}],"curies":[{"name":"wp","href":"https:\/\/api.w.org\/{rel}","templated":true}]}}