{"id":75857,"date":"2023-03-17T18:44:20","date_gmt":"2023-03-17T17:44:20","guid":{"rendered":"https:\/\/watchdeluxe.it\/prodotto\/omega-constellation-master-cronometro-coaxial-41-mm-ref-131-33-41-21-03-001\/"},"modified":"2023-09-18T16:37:54","modified_gmt":"2023-09-18T14:37:54","slug":"omega-constellation-co%e2%80%91axial-master-chronometer-41-mm-ref-131-33-41-21-03-001","status":"publish","type":"product","link":"https:\/\/watchdeluxe.it\/es\/prodotto\/omega-constellation-co%e2%80%91axial-master-chronometer-41-mm-ref-131-33-41-21-03-001\/","title":{"rendered":"OMEGA CONSTELLATION MASTER CRONOMETRO COAXIAL 41 MM REF. 131.33.41.21.03.001"},"content":{"rendered":"<table class=\"data-table\" data-mce-fragment=\"1\">\n<tbody data-mce-fragment=\"1\">\n<tr class=\"odd\" data-mce-fragment=\"1\">\n<td class=\"spec-name\" data-mce-fragment=\"1\">Marca<\/td>\n<td class=\"spec-value\" data-mce-fragment=\"1\">Omega<\/td>\n<\/tr>\n<tr class=\"even\" data-mce-fragment=\"1\">\n<td class=\"spec-name\" data-mce-fragment=\"1\">L\u00ednea<\/td>\n<td class=\"spec-value\" data-mce-fragment=\"1\">CONSTELACI\u00d3N<\/td>\n<\/tr>\n<tr class=\"odd\" data-mce-fragment=\"1\">\n<td class=\"spec-name\" data-mce-fragment=\"1\">Modelo<\/td>\n<td class=\"spec-value\" data-mce-fragment=\"1\">Constelaci\u00f3n<\/td>\n<\/tr>\n<tr class=\"even\" data-mce-fragment=\"1\">\n<td class=\"spec-name\" data-mce-fragment=\"1\">Complicaci\u00f3n<\/td>\n<td class=\"spec-value\" data-mce-fragment=\"1\">SOLO TIEMPO<\/td>\n<\/tr>\n<tr class=\"odd\" data-mce-fragment=\"1\">\n<td class=\"spec-name\" data-mce-fragment=\"1\">Movimiento<\/td>\n<td class=\"spec-value\" data-mce-fragment=\"1\">AUTOM\u00c1TICO<\/td>\n<\/tr>\n<tr class=\"even\" data-mce-fragment=\"1\">\n<td class=\"spec-name\" data-mce-fragment=\"1\">Fechador<\/td>\n<td class=\"spec-value\" data-mce-fragment=\"1\">DATOS<\/td>\n<\/tr>\n<tr class=\"odd\" data-mce-fragment=\"1\">\n<td class=\"spec-name\" data-mce-fragment=\"1\">Formulario<\/td>\n<td class=\"spec-value\" data-mce-fragment=\"1\">RONDA<\/td>\n<\/tr>\n<tr class=\"even\" data-mce-fragment=\"1\">\n<td class=\"spec-name\" data-mce-fragment=\"1\">Talla<\/td>\n<td class=\"spec-value\" data-mce-fragment=\"1\">41 MM<\/td>\n<\/tr>\n<tr class=\"odd\" data-mce-fragment=\"1\">\n<td class=\"spec-name\" data-mce-fragment=\"1\">Material<\/td>\n<td class=\"spec-value\" data-mce-fragment=\"1\">Acero<\/td>\n<\/tr>\n<tr class=\"even\" data-mce-fragment=\"1\">\n<td class=\"spec-name\" data-mce-fragment=\"1\">Marque<\/td>\n<td class=\"spec-value\" data-mce-fragment=\"1\">AZUL<\/td>\n<\/tr>\n<tr class=\"odd\" data-mce-fragment=\"1\">\n<td class=\"spec-name\" data-mce-fragment=\"1\">Correa<\/td>\n<td class=\"spec-value\" data-mce-fragment=\"1\">CUERO CON INTERIOR DE GOMA<\/td>\n<\/tr>\n<tr class=\"even\" data-mce-fragment=\"1\">\n<td class=\"spec-name\" data-mce-fragment=\"1\">Impermeable<\/td>\n<td class=\"spec-value\" data-mce-fragment=\"1\">50 M<\/td>\n<\/tr>\n<\/tbody>\n<\/table>\n","protected":false},"excerpt":{"rendered":"<p>Marca Omega L\u00ednea CONSTELACI\u00d3N Modelo Constelaci\u00f3n Complicaci\u00f3n SOLO TIEMPO Movimiento AUTOM\u00c1TICO Fechador DATOS Formulario RONDA Talla 41 MM Material Acero Marque AZUL Correa CUERO CON INTERIOR DE GOMA Impermeable 50 M<\/p>\n","protected":false},"featured_media":59062,"template":"","meta":{"_crdt_document":"","advanced_seo_description":"","jetpack_seo_html_title":"","jetpack_seo_noindex":false},"product_brand":[2155],"product_cat":[2276],"product_tag":[3287],"berocket_brand":[],"woo-feed-brand":[],"class_list":{"0":"post-75857","1":"product","2":"type-product","3":"status-publish","4":"has-post-thumbnail","6":"product_brand-omega","7":"product_cat-omega-es","8":"product_tag-constelacion-es","10":"first","11":"instock","12":"sale","13":"taxable","14":"shipping-taxable","15":"purchasable","16":"product-type-simple"},"bundled_by":[],"bundle_stock_status":"instock","bundle_stock_quantity":1,"bundle_virtual":false,"bundle_layout":"","bundle_add_to_cart_form_location":"","bundle_editable_in_cart":false,"bundle_sold_individually_context":"","bundle_item_grouping":"","bundle_min_size":"","bundle_max_size":"","bundle_price":[],"bundled_items":[],"bundle_sell_ids":[],"group_of_quantity":0,"min_quantity":0,"max_quantity":"","exclude_order_quantity_value_rules":"no","exclude_category_quantity_rules":"no","combine_variations":"no","jetpack_sharing_enabled":true,"jetpack_likes_enabled":true,"_links":{"self":[{"href":"https:\/\/watchdeluxe.it\/es\/wp-json\/wp\/v2\/product\/75857","targetHints":{"allow":["GET"]}}],"collection":[{"href":"https:\/\/watchdeluxe.it\/es\/wp-json\/wp\/v2\/product"}],"about":[{"href":"https:\/\/watchdeluxe.it\/es\/wp-json\/wp\/v2\/types\/product"}],"wp:featuredmedia":[{"embeddable":true,"href":"https:\/\/watchdeluxe.it\/es\/wp-json\/wp\/v2\/media\/59062"}],"wp:attachment":[{"href":"https:\/\/watchdeluxe.it\/es\/wp-json\/wp\/v2\/media?parent=75857"}],"wp:term":[{"taxonomy":"product_brand","embeddable":true,"href":"https:\/\/watchdeluxe.it\/es\/wp-json\/wp\/v2\/product_brand?post=75857"},{"taxonomy":"product_cat","embeddable":true,"href":"https:\/\/watchdeluxe.it\/es\/wp-json\/wp\/v2\/product_cat?post=75857"},{"taxonomy":"product_tag","embeddable":true,"href":"https:\/\/watchdeluxe.it\/es\/wp-json\/wp\/v2\/product_tag?post=75857"},{"taxonomy":"berocket_brand","embeddable":true,"href":"https:\/\/watchdeluxe.it\/es\/wp-json\/wp\/v2\/berocket_brand?post=75857"},{"taxonomy":"woo-feed-brand","embeddable":true,"href":"https:\/\/watchdeluxe.it\/es\/wp-json\/wp\/v2\/woo-feed-brand?post=75857"}],"curies":[{"name":"wp","href":"https:\/\/api.w.org\/{rel}","templated":true}]}}