{"id":75671,"date":"2023-03-17T18:44:27","date_gmt":"2023-03-17T17:44:27","guid":{"rendered":"https:\/\/watchdeluxe.it\/prodotto\/omega-seamaster-olympic-cronometrador-oficial-39-5-mm-ref-522-32-40-20-01-004\/"},"modified":"2023-09-18T16:35:31","modified_gmt":"2023-09-18T14:35:31","slug":"omega-seamaster-olympic-official-timekeeper-395-mm-ref-522-32-40-20-01-004","status":"publish","type":"product","link":"https:\/\/watchdeluxe.it\/es\/prodotto\/omega-seamaster-olympic-official-timekeeper-395-mm-ref-522-32-40-20-01-004\/","title":{"rendered":"OMEGA SEAMASTER OLYMPIC Cronometrador Oficial 39.5 MM REF. 522.32.40.20.01.004"},"content":{"rendered":"<div class=\"short-description\"><strong>La colecci\u00f3n Seamaster Olympic Games se inspira en los anillos de los Juegos Ol\u00edmpicos y en el dise\u00f1o de los hist\u00f3ricos cron\u00f3metros OMEGA. En el fondo de la caja hay un anillo de aluminio anodizado amarillo con todas las ciudades y fechas en las que se han celebrado los Juegos Ol\u00edmpicos cronometrados por OMEGA: desde Los \u00c1ngeles 1932 hasta Los \u00c1ngeles 2028.<\/strong><\/div>\n<div class=\"manufacturers\"><strong><span class=\"label\">Marca:<\/span> <span class=\"value\"> <a href=\"https:\/\/www.astrua.com\/it\/omega\">OMEGA<\/a> <\/span> <\/strong><\/div>\n<div class=\"additional-details\">\n<div class=\"manufacturer-part-number\"><strong><span class=\"label\">Referencia:<\/span> <span id=\"mpn-11825\" class=\"value\">522.32.40.20.01.004<\/span><\/strong><\/div>\n<\/div>\n<p>&nbsp;<\/p>\n<div class=\"product-collateral\">\n<div class=\"product-specs-box\">\n<div class=\"title\"><strong>Especificaciones del producto<\/strong><\/div>\n<div class=\"table-wrapper\">\n<table class=\"data-table\">\n<colgroup>\n<col width=\"25%\">\n<col> <\/colgroup>\n<tbody>\n<tr class=\"odd\">\n<td class=\"spec-name\">Marca<\/td>\n<td class=\"spec-value\">Omega<\/td>\n<\/tr>\n<tr class=\"even\">\n<td class=\"spec-name\">L\u00ednea<\/td>\n<td class=\"spec-value\">SEAMASTER<\/td>\n<\/tr>\n<tr class=\"odd\">\n<td class=\"spec-name\">Modelo<\/td>\n<td class=\"spec-value\">SEAMASTER CRONOMETRADOR OL\u00cdMPICO OFICIAL<\/td>\n<\/tr>\n<tr class=\"even\">\n<td class=\"spec-name\">Complicaci\u00f3n<\/td>\n<td class=\"spec-value\">SOLO TIEMPO<\/td>\n<\/tr>\n<tr class=\"odd\">\n<td class=\"spec-name\">Movimiento<\/td>\n<td class=\"spec-value\">AUTOM\u00c1TICO<\/td>\n<\/tr>\n<tr class=\"even\">\n<td class=\"spec-name\">Fechador<\/td>\n<td class=\"spec-value\">DATOS<\/td>\n<\/tr>\n<tr class=\"odd\">\n<td class=\"spec-name\">Formulario<\/td>\n<td class=\"spec-value\">RONDA<\/td>\n<\/tr>\n<tr class=\"even\">\n<td class=\"spec-name\">Talla<\/td>\n<td class=\"spec-value\">39,5 MM<\/td>\n<\/tr>\n<tr class=\"odd\">\n<td class=\"spec-name\">Material<\/td>\n<td class=\"spec-value\">Acero<\/td>\n<\/tr>\n<tr class=\"even\">\n<td class=\"spec-name\">Tipo de cristal<\/td>\n<td class=\"spec-value\">SAPFIRE<\/td>\n<\/tr>\n<tr class=\"odd\">\n<td class=\"spec-name\">Marque<\/td>\n<td class=\"spec-value\">NEGRO<\/td>\n<\/tr>\n<tr class=\"even\">\n<td class=\"spec-name\">Correa<\/td>\n<td class=\"spec-value\">CUERO<\/td>\n<\/tr>\n<tr class=\"odd\">\n<td class=\"spec-name\">Impermeable<\/td>\n<td class=\"spec-value\">60 M<\/td>\n<\/tr>\n<tr class=\"even\">\n<td class=\"spec-name\">Edici\u00f3n<\/td>\n<td class=\"spec-value\">EDICI\u00d3N LIMITADA A 2032 EJEMPLARES<\/td>\n<\/tr>\n<\/tbody>\n<\/table>\n<\/div>\n<\/div>\n<\/div>\n","protected":false},"excerpt":{"rendered":"<p>La colecci\u00f3n Seamaster Olympic Games se inspira en los anillos de los Juegos Ol\u00edmpicos y en el dise\u00f1o de los hist\u00f3ricos cron\u00f3metros OMEGA. En el fondo de la caja hay un anillo de aluminio anodizado amarillo con todas las ciudades y fechas en las que se han celebrado los Juegos Ol\u00edmpicos cronometrados por OMEGA: desde [&hellip;]<\/p>\n","protected":false},"featured_media":59018,"template":"","meta":{"_crdt_document":"","advanced_seo_description":"","jetpack_seo_html_title":"","jetpack_seo_noindex":false,"jetpack_post_was_ever_published":false},"product_brand":[2155],"product_cat":[2276],"product_tag":[2289],"berocket_brand":[],"woo-feed-brand":[],"class_list":{"0":"post-75671","1":"product","2":"type-product","3":"status-publish","4":"has-post-thumbnail","6":"product_brand-omega","7":"product_cat-omega-es","8":"product_tag-seamaster-es","10":"first","11":"instock","12":"sale","13":"taxable","14":"shipping-taxable","15":"purchasable","16":"product-type-simple"},"bundled_by":[],"bundle_stock_status":"instock","bundle_stock_quantity":1,"bundle_virtual":false,"bundle_layout":"","bundle_add_to_cart_form_location":"","bundle_editable_in_cart":false,"bundle_sold_individually_context":"","bundle_item_grouping":"","bundle_min_size":"","bundle_max_size":"","bundle_price":[],"bundled_items":[],"bundle_sell_ids":[],"group_of_quantity":0,"min_quantity":0,"max_quantity":"","exclude_order_quantity_value_rules":"no","exclude_category_quantity_rules":"no","combine_variations":"no","exclude_global_add_ons":[],"addons":[],"jetpack_sharing_enabled":true,"jetpack_likes_enabled":true,"_links":{"self":[{"href":"https:\/\/watchdeluxe.it\/es\/wp-json\/wp\/v2\/product\/75671","targetHints":{"allow":["GET"]}}],"collection":[{"href":"https:\/\/watchdeluxe.it\/es\/wp-json\/wp\/v2\/product"}],"about":[{"href":"https:\/\/watchdeluxe.it\/es\/wp-json\/wp\/v2\/types\/product"}],"wp:featuredmedia":[{"embeddable":true,"href":"https:\/\/watchdeluxe.it\/es\/wp-json\/wp\/v2\/media\/59018"}],"wp:attachment":[{"href":"https:\/\/watchdeluxe.it\/es\/wp-json\/wp\/v2\/media?parent=75671"}],"wp:term":[{"taxonomy":"product_brand","embeddable":true,"href":"https:\/\/watchdeluxe.it\/es\/wp-json\/wp\/v2\/product_brand?post=75671"},{"taxonomy":"product_cat","embeddable":true,"href":"https:\/\/watchdeluxe.it\/es\/wp-json\/wp\/v2\/product_cat?post=75671"},{"taxonomy":"product_tag","embeddable":true,"href":"https:\/\/watchdeluxe.it\/es\/wp-json\/wp\/v2\/product_tag?post=75671"},{"taxonomy":"berocket_brand","embeddable":true,"href":"https:\/\/watchdeluxe.it\/es\/wp-json\/wp\/v2\/berocket_brand?post=75671"},{"taxonomy":"woo-feed-brand","embeddable":true,"href":"https:\/\/watchdeluxe.it\/es\/wp-json\/wp\/v2\/woo-feed-brand?post=75671"}],"curies":[{"name":"wp","href":"https:\/\/api.w.org\/{rel}","templated":true}]}}