{"id":75627,"date":"2025-11-13T14:46:19","date_gmt":"2025-11-13T13:46:19","guid":{"rendered":"https:\/\/watchdeluxe.it\/prodotto\/omega-seamaster-aqua-terra-150m-cronometro-maestro-coaxial-38-mm-ref-220-10-38-20-02-001\/"},"modified":"2025-11-13T14:46:22","modified_gmt":"2025-11-13T13:46:22","slug":"omega-seamaster-aqua-terra-150m-co-axial-master-chronometer-38-mm-ref-220-10-38-20-02-001","status":"publish","type":"product","link":"https:\/\/watchdeluxe.it\/es\/prodotto\/omega-seamaster-aqua-terra-150m-co-axial-master-chronometer-38-mm-ref-220-10-38-20-02-001\/","title":{"rendered":"OMEGA SEAMASTER AQUA TERRA 150M CRON\u00d3METRO MAESTRO COAXIAL 38 MM REF. 220.10.38.20.02.001"},"content":{"rendered":"<table class=\"data-table\" data-mce-fragment=\"1\">\n<tbody data-mce-fragment=\"1\">\n<tr class=\"odd\" data-mce-fragment=\"1\">\n<td class=\"spec-name\" data-mce-fragment=\"1\">Marca<\/td>\n<td class=\"spec-value\" data-mce-fragment=\"1\">Omega<\/td>\n<\/tr>\n<tr class=\"even\" data-mce-fragment=\"1\">\n<td class=\"spec-name\" data-mce-fragment=\"1\">L\u00ednea<\/td>\n<td class=\"spec-value\" data-mce-fragment=\"1\">SEAMASTER<\/td>\n<\/tr>\n<tr class=\"odd\" data-mce-fragment=\"1\">\n<td class=\"spec-name\" data-mce-fragment=\"1\">Modelo<\/td>\n<td class=\"spec-value\" data-mce-fragment=\"1\">Seamaster Aqua Terra 150M<\/td>\n<\/tr>\n<tr class=\"even\" data-mce-fragment=\"1\">\n<td class=\"spec-name\" data-mce-fragment=\"1\">Complicaci\u00f3n<\/td>\n<td class=\"spec-value\" data-mce-fragment=\"1\">SOLO TIEMPO<\/td>\n<\/tr>\n<tr class=\"odd\" data-mce-fragment=\"1\">\n<td class=\"spec-name\" data-mce-fragment=\"1\">Movimiento<\/td>\n<td class=\"spec-value\" data-mce-fragment=\"1\">AUTOM\u00c1TICO<\/td>\n<\/tr>\n<tr class=\"even\" data-mce-fragment=\"1\">\n<td class=\"spec-name\" data-mce-fragment=\"1\">Fechador<\/td>\n<td class=\"spec-value\" data-mce-fragment=\"1\">FECHA<\/td>\n<\/tr>\n<tr class=\"odd\" data-mce-fragment=\"1\">\n<td class=\"spec-name\" data-mce-fragment=\"1\">Forma<\/td>\n<td class=\"spec-value\" data-mce-fragment=\"1\">REDONDA<\/td>\n<\/tr>\n<tr class=\"even\" data-mce-fragment=\"1\">\n<td class=\"spec-name\" data-mce-fragment=\"1\">Tama\u00f1o<\/td>\n<td class=\"spec-value\" data-mce-fragment=\"1\">38 MM<\/td>\n<\/tr>\n<tr class=\"odd\" data-mce-fragment=\"1\">\n<td class=\"spec-name\" data-mce-fragment=\"1\">Material<\/td>\n<td class=\"spec-value\" data-mce-fragment=\"1\">Acero<\/td>\n<\/tr>\n<tr class=\"even\" data-mce-fragment=\"1\">\n<td class=\"spec-name\" data-mce-fragment=\"1\">Tipo de vidrio<\/td>\n<td class=\"spec-value\" data-mce-fragment=\"1\">ZAFIRO<\/td>\n<\/tr>\n<tr class=\"odd\" data-mce-fragment=\"1\">\n<td class=\"spec-name\" data-mce-fragment=\"1\">Marca<\/td>\n<td class=\"spec-value\" data-mce-fragment=\"1\">BLANCO<\/td>\n<\/tr>\n<tr class=\"even\" data-mce-fragment=\"1\">\n<td class=\"spec-name\" data-mce-fragment=\"1\">Pulsera<\/td>\n<td class=\"spec-value\" data-mce-fragment=\"1\">ACERO<\/td>\n<\/tr>\n<tr class=\"odd\" data-mce-fragment=\"1\">\n<td class=\"spec-name\" data-mce-fragment=\"1\">Resistencia al agua<\/td>\n<td class=\"spec-value\" data-mce-fragment=\"1\">150 M<\/td>\n<\/tr>\n<\/tbody>\n<\/table>\n","protected":false},"excerpt":{"rendered":"<p>Marca Omega L\u00ednea SEAMASTER Modelo Seamaster Aqua Terra 150M Complicaci\u00f3n SOLO TIEMPO Movimiento AUTOM\u00c1TICO Fechador FECHA Forma REDONDA Tama\u00f1o 38 MM Material Acero Tipo de vidrio ZAFIRO Marca BLANCO Pulsera ACERO Resistencia al agua 150 M<\/p>\n","protected":false},"featured_media":58922,"template":"","meta":{"_crdt_document":"","advanced_seo_description":"","jetpack_seo_html_title":"","jetpack_seo_noindex":false},"product_brand":[2155],"product_cat":[1921],"product_tag":[3961],"berocket_brand":[],"woo-feed-brand":[],"class_list":{"0":"post-75627","1":"product","2":"type-product","3":"status-publish","4":"has-post-thumbnail","6":"product_brand-omega","7":"product_cat-omega","8":"product_tag-seamaster-2","10":"first","11":"instock","12":"sale","13":"taxable","14":"shipping-taxable","15":"purchasable","16":"product-type-simple"},"bundled_by":[],"bundle_stock_status":"instock","bundle_stock_quantity":1,"bundle_virtual":false,"bundle_layout":"","bundle_add_to_cart_form_location":"","bundle_editable_in_cart":false,"bundle_sold_individually_context":"","bundle_item_grouping":"","bundle_min_size":"","bundle_max_size":"","bundle_price":[],"bundled_items":[],"bundle_sell_ids":[],"group_of_quantity":0,"min_quantity":0,"max_quantity":"","exclude_order_quantity_value_rules":"no","exclude_category_quantity_rules":"no","combine_variations":"no","jetpack_sharing_enabled":true,"jetpack_likes_enabled":true,"_links":{"self":[{"href":"https:\/\/watchdeluxe.it\/es\/wp-json\/wp\/v2\/product\/75627","targetHints":{"allow":["GET"]}}],"collection":[{"href":"https:\/\/watchdeluxe.it\/es\/wp-json\/wp\/v2\/product"}],"about":[{"href":"https:\/\/watchdeluxe.it\/es\/wp-json\/wp\/v2\/types\/product"}],"wp:featuredmedia":[{"embeddable":true,"href":"https:\/\/watchdeluxe.it\/es\/wp-json\/wp\/v2\/media\/58922"}],"wp:attachment":[{"href":"https:\/\/watchdeluxe.it\/es\/wp-json\/wp\/v2\/media?parent=75627"}],"wp:term":[{"taxonomy":"product_brand","embeddable":true,"href":"https:\/\/watchdeluxe.it\/es\/wp-json\/wp\/v2\/product_brand?post=75627"},{"taxonomy":"product_cat","embeddable":true,"href":"https:\/\/watchdeluxe.it\/es\/wp-json\/wp\/v2\/product_cat?post=75627"},{"taxonomy":"product_tag","embeddable":true,"href":"https:\/\/watchdeluxe.it\/es\/wp-json\/wp\/v2\/product_tag?post=75627"},{"taxonomy":"berocket_brand","embeddable":true,"href":"https:\/\/watchdeluxe.it\/es\/wp-json\/wp\/v2\/berocket_brand?post=75627"},{"taxonomy":"woo-feed-brand","embeddable":true,"href":"https:\/\/watchdeluxe.it\/es\/wp-json\/wp\/v2\/woo-feed-brand?post=75627"}],"curies":[{"name":"wp","href":"https:\/\/api.w.org\/{rel}","templated":true}]}}