{"id":75388,"date":"2023-03-17T19:02:11","date_gmt":"2023-03-17T18:02:11","guid":{"rendered":"https:\/\/watchdeluxe.it\/prodotto\/zenith-chronomaster-sport-ref-03-3100-3600-21-m3100\/"},"modified":"2026-04-10T17:07:49","modified_gmt":"2026-04-10T15:07:49","slug":"zenith-chronomaster-sport-ref-03-3100-3600-21-m3100-2","status":"publish","type":"product","link":"https:\/\/watchdeluxe.it\/es\/prodotto\/zenith-chronomaster-sport-ref-03-3100-3600-21-m3100-2\/","title":{"rendered":"Zenith Chronomaster sport ref. 03.3100.3600\/21.M3100"},"content":{"rendered":"<p>Zenith Chronomaster sport ref. 03.3100.3600\/21.M3100<\/p>\n<p class=\"description\">Cron\u00f3grafo autom\u00e1tico El Primero con rueda de pilares capaz de medir y mostrar una precisi\u00f3n de 1\/10 de segundo Indicaci\u00f3n de 1\/10 de segundo en el bisel de cer\u00e1mica Reserva de marcha aumentada a 60 horas Fecha a las 4:30 Mecanismo de parada en segundos<\/p>\n<table>\n<tbody>\n<tr>\n<th scope=\"row\">material<\/th>\n<td>Acero y cer\u00e1mica<\/td>\n<\/tr>\n<tr>\n<th scope=\"row\">di\u00e1metro<\/th>\n<td>41 mm<\/td>\n<\/tr>\n<tr>\n<th scope=\"row\">resistencia al agua<\/th>\n<td>10 ATM<\/td>\n<\/tr>\n<tr>\n<th scope=\"row\">esfera<\/th>\n<td>Esfera lacada en negro con contadores de tres colores<\/td>\n<\/tr>\n<\/tbody>\n<\/table>\n<table>\n<tbody>\n<tr>\n<td scope=\"row\">Cron\u00f3grafo de 1\/10 de segundo: &#8211; Aguja central del cron\u00f3grafo que da una vuelta en 10 segundos &#8211; Contador de 60 minutos a las 6 &#8211; Contador de 60 segundos a las 3<\/td>\n<\/tr>\n<tr>\n<td scope=\"row\">Horas y minutos en el centro Peque\u00f1o segundero a las 9 horas<\/p>\n<table>\n<tbody>\n<tr>\n<th scope=\"row\">movimiento<\/th>\n<td>El Primero<\/td>\n<\/tr>\n<tr>\n<th scope=\"row\">componentes<\/th>\n<td>311<\/td>\n<\/tr>\n<tr>\n<th scope=\"row\">frecuencia<\/th>\n<td>36.000 alt\/hora (5 Hz)<\/td>\n<\/tr>\n<tr>\n<th scope=\"row\">reserva de marcha<\/th>\n<td>aprox. 60 horas<\/td>\n<\/tr>\n<\/tbody>\n<\/table>\n<\/td>\n<\/tr>\n<\/tbody>\n<\/table>\n","protected":false},"excerpt":{"rendered":"<p>Zenith Chronomaster sport ref. 03.3100.3600\/21.M3100 Cron\u00f3grafo autom\u00e1tico El Primero con rueda de pilares capaz de medir y mostrar una precisi\u00f3n de 1\/10 de segundo Indicaci\u00f3n de 1\/10 de segundo en el bisel de cer\u00e1mica Reserva de marcha aumentada a 60 horas Fecha a las 4:30 Mecanismo de parada en segundos material Acero y cer\u00e1mica di\u00e1metro [&hellip;]<\/p>\n","protected":false},"featured_media":170314,"template":"","meta":{"_crdt_document":"","advanced_seo_description":"","jetpack_seo_html_title":"","jetpack_seo_noindex":false},"product_brand":[],"product_cat":[2446],"product_tag":[2451],"berocket_brand":[],"woo-feed-brand":[],"class_list":{"0":"post-75388","1":"product","2":"type-product","3":"status-publish","4":"has-post-thumbnail","6":"product_cat-zenith-es","7":"product_tag-chronomaster-es","9":"first","10":"instock","11":"sale","12":"taxable","13":"shipping-taxable","14":"purchasable","15":"product-type-simple"},"bundled_by":[],"bundle_stock_status":"instock","bundle_stock_quantity":1,"bundle_virtual":false,"bundle_layout":"","bundle_add_to_cart_form_location":"","bundle_editable_in_cart":false,"bundle_sold_individually_context":"","bundle_item_grouping":"","bundle_min_size":"","bundle_max_size":"","bundle_price":[],"bundled_items":[],"bundle_sell_ids":[],"group_of_quantity":0,"min_quantity":0,"max_quantity":"","exclude_order_quantity_value_rules":"no","exclude_category_quantity_rules":"no","combine_variations":"no","exclude_global_add_ons":[],"addons":[],"jetpack_sharing_enabled":true,"jetpack_likes_enabled":true,"_links":{"self":[{"href":"https:\/\/watchdeluxe.it\/es\/wp-json\/wp\/v2\/product\/75388","targetHints":{"allow":["GET"]}}],"collection":[{"href":"https:\/\/watchdeluxe.it\/es\/wp-json\/wp\/v2\/product"}],"about":[{"href":"https:\/\/watchdeluxe.it\/es\/wp-json\/wp\/v2\/types\/product"}],"wp:featuredmedia":[{"embeddable":true,"href":"https:\/\/watchdeluxe.it\/es\/wp-json\/wp\/v2\/media\/170314"}],"wp:attachment":[{"href":"https:\/\/watchdeluxe.it\/es\/wp-json\/wp\/v2\/media?parent=75388"}],"wp:term":[{"taxonomy":"product_brand","embeddable":true,"href":"https:\/\/watchdeluxe.it\/es\/wp-json\/wp\/v2\/product_brand?post=75388"},{"taxonomy":"product_cat","embeddable":true,"href":"https:\/\/watchdeluxe.it\/es\/wp-json\/wp\/v2\/product_cat?post=75388"},{"taxonomy":"product_tag","embeddable":true,"href":"https:\/\/watchdeluxe.it\/es\/wp-json\/wp\/v2\/product_tag?post=75388"},{"taxonomy":"berocket_brand","embeddable":true,"href":"https:\/\/watchdeluxe.it\/es\/wp-json\/wp\/v2\/berocket_brand?post=75388"},{"taxonomy":"woo-feed-brand","embeddable":true,"href":"https:\/\/watchdeluxe.it\/es\/wp-json\/wp\/v2\/woo-feed-brand?post=75388"}],"curies":[{"name":"wp","href":"https:\/\/api.w.org\/{rel}","templated":true}]}}