{"id":75276,"date":"2023-03-17T18:45:05","date_gmt":"2023-03-17T17:45:05","guid":{"rendered":"https:\/\/watchdeluxe.it\/prodotto\/longines-presence-40mm-ref-l49224116\/"},"modified":"2026-04-02T17:04:35","modified_gmt":"2026-04-02T15:04:35","slug":"longines-presence-40mm-ref-l49224116","status":"publish","type":"product","link":"https:\/\/watchdeluxe.it\/es\/prodotto\/longines-presence-40mm-ref-l49224116\/","title":{"rendered":"Longines Pr\u00e8sence 40mm ref.L49224116"},"content":{"rendered":"<p>Longines Pr\u00e8sence 40 mm ref. L49224116<\/p>\n<p>caja de 40 mm<\/p>\n<p>movimiento autom\u00e1tico<\/p>\n<p>esfera blanca con \u00edndices romanos<\/p>\n<p>calendario<\/p>\n<p>brazalete de acero<\/p>\n","protected":false},"excerpt":{"rendered":"<p>Longines Pr\u00e8sence 40 mm ref. L49224116 caja de 40 mm movimiento autom\u00e1tico esfera blanca con \u00edndices romanos calendario brazalete de acero<\/p>\n","protected":false},"featured_media":149841,"template":"","meta":{"_crdt_document":"","advanced_seo_description":"","jetpack_seo_html_title":"","jetpack_seo_noindex":false},"product_brand":[],"product_cat":[2187],"product_tag":[2980,4013,2837],"berocket_brand":[],"woo-feed-brand":[],"class_list":{"0":"post-75276","1":"product","2":"type-product","3":"status-publish","4":"has-post-thumbnail","6":"product_cat-longines-es","7":"product_tag-hydroconquest-es","8":"product_tag-presence-es","9":"product_tag-cuarzo","11":"first","12":"instock","13":"sale","14":"taxable","15":"shipping-taxable","16":"purchasable","17":"product-type-simple"},"bundled_by":[],"bundle_stock_status":"instock","bundle_stock_quantity":1,"bundle_virtual":false,"bundle_layout":"","bundle_add_to_cart_form_location":"","bundle_editable_in_cart":false,"bundle_sold_individually_context":"","bundle_item_grouping":"","bundle_min_size":"","bundle_max_size":"","bundle_price":[],"bundled_items":[],"bundle_sell_ids":[],"group_of_quantity":0,"min_quantity":0,"max_quantity":"","exclude_order_quantity_value_rules":"no","exclude_category_quantity_rules":"no","combine_variations":"no","jetpack_sharing_enabled":true,"jetpack_likes_enabled":true,"_links":{"self":[{"href":"https:\/\/watchdeluxe.it\/es\/wp-json\/wp\/v2\/product\/75276","targetHints":{"allow":["GET"]}}],"collection":[{"href":"https:\/\/watchdeluxe.it\/es\/wp-json\/wp\/v2\/product"}],"about":[{"href":"https:\/\/watchdeluxe.it\/es\/wp-json\/wp\/v2\/types\/product"}],"wp:featuredmedia":[{"embeddable":true,"href":"https:\/\/watchdeluxe.it\/es\/wp-json\/wp\/v2\/media\/149841"}],"wp:attachment":[{"href":"https:\/\/watchdeluxe.it\/es\/wp-json\/wp\/v2\/media?parent=75276"}],"wp:term":[{"taxonomy":"product_brand","embeddable":true,"href":"https:\/\/watchdeluxe.it\/es\/wp-json\/wp\/v2\/product_brand?post=75276"},{"taxonomy":"product_cat","embeddable":true,"href":"https:\/\/watchdeluxe.it\/es\/wp-json\/wp\/v2\/product_cat?post=75276"},{"taxonomy":"product_tag","embeddable":true,"href":"https:\/\/watchdeluxe.it\/es\/wp-json\/wp\/v2\/product_tag?post=75276"},{"taxonomy":"berocket_brand","embeddable":true,"href":"https:\/\/watchdeluxe.it\/es\/wp-json\/wp\/v2\/berocket_brand?post=75276"},{"taxonomy":"woo-feed-brand","embeddable":true,"href":"https:\/\/watchdeluxe.it\/es\/wp-json\/wp\/v2\/woo-feed-brand?post=75276"}],"curies":[{"name":"wp","href":"https:\/\/api.w.org\/{rel}","templated":true}]}}