{"id":75107,"date":"2025-09-23T16:19:28","date_gmt":"2025-09-23T14:19:28","guid":{"rendered":"https:\/\/watchdeluxe.it\/prodotto\/zenith-chronomaster-sport-ref-03-3100-3600-21-c822\/"},"modified":"2025-09-23T16:19:31","modified_gmt":"2025-09-23T14:19:31","slug":"zenith-chronomaster-sport-ref-03-3100-3600-21-c822","status":"publish","type":"product","link":"https:\/\/watchdeluxe.it\/es\/prodotto\/zenith-chronomaster-sport-ref-03-3100-3600-21-c822\/","title":{"rendered":"Zenith Chronomaster sport ref. 03.3100.3600\/21.C822"},"content":{"rendered":"<p>Zenith Chronomaster sport ref. 03.3100.3600\/21.C822<\/p>\n<p>El CHRONOMASTER Sport, con su moderna caja de 41 mm, combina elementos de anteriores cron\u00f3grafos ZENITH, como la esfera tricolor, los pulsadores de la bomba y el brazalete de acero, con un bisel de cer\u00e1mica negra. Impulsado por el movimiento cron\u00f3grafo autom\u00e1tico El Primero 3600 con una precisi\u00f3n de 1\/10 de segundo, este modelo presenta una esfera negra y una correa de caucho negro.<\/p>\n<table aria-describedby=\"Tabella: Cinturino\" data-v-434880a2=\"\">\n<tbody>\n<tr data-v-434880a2=\"\">\n<th scope=\"row\" data-v-434880a2=\"\">correa<\/th>\n<td data-v-434880a2=\"\">Efecto &#8220;Cordura&#8221; negro<\/td>\n<\/tr>\n<\/tbody>\n<\/table>\n<table aria-describedby=\"Tabella: Cassa\" data-v-434880a2=\"\">\n<tbody>\n<tr data-v-434880a2=\"\">\n<th scope=\"row\" data-v-434880a2=\"\">material<\/th>\n<td data-v-434880a2=\"\">Acero y cer\u00e1mica<\/td>\n<\/tr>\n<tr data-v-434880a2=\"\">\n<th scope=\"row\" data-v-434880a2=\"\">di\u00e1metro<\/th>\n<td data-v-434880a2=\"\">41 mm<\/td>\n<\/tr>\n<tr data-v-434880a2=\"\">\n<th scope=\"row\" data-v-434880a2=\"\">impermeabilidad<\/th>\n<td data-v-434880a2=\"\">10 ATM<\/td>\n<\/tr>\n<tr data-v-434880a2=\"\">\n<th scope=\"row\" data-v-434880a2=\"\">marque<\/th>\n<td data-v-434880a2=\"\">Esfera lacada en negro con contadores de tres colores<\/td>\n<\/tr>\n<\/tbody>\n<\/table>\n<table aria-describedby=\"Tabella: Funzioni\" data-v-434880a2=\"\">\n<tbody>\n<tr data-v-434880a2=\"\">\n<td scope=\"row\" data-v-434880a2=\"\">Cron\u00f3grafo de 1\/10 de segundo: &#8211; Aguja central del cron\u00f3grafo que da una vuelta en 10 segundos &#8211; Contador de 60 minutos a las 6 &#8211; Contador de 60 segundos a las 3<\/td>\n<\/tr>\n<tr data-v-434880a2=\"\">\n<td scope=\"row\" data-v-434880a2=\"\">Horas y minutos en el centro Peque\u00f1o segundero a las 9 horas<\/td>\n<\/tr>\n<\/tbody>\n<\/table>\n<table aria-describedby=\"Tabella: Movimento\" data-v-434880a2=\"\">\n<tbody>\n<tr data-v-434880a2=\"\">\n<th scope=\"row\" data-v-434880a2=\"\">movimiento<\/th>\n<td data-v-434880a2=\"\">El Primero<\/td>\n<\/tr>\n<tr data-v-434880a2=\"\">\n<th scope=\"row\" data-v-434880a2=\"\">componentes<\/th>\n<td data-v-434880a2=\"\">311<\/td>\n<\/tr>\n<tr data-v-434880a2=\"\">\n<th scope=\"row\" data-v-434880a2=\"\">frecuencia<\/th>\n<td data-v-434880a2=\"\">36.000 alt\/hora (5 Hz)<\/td>\n<\/tr>\n<tr data-v-434880a2=\"\">\n<th scope=\"row\" data-v-434880a2=\"\">reserva de marcha<\/th>\n<td data-v-434880a2=\"\">aproximadamente 60 horas<\/td>\n<\/tr>\n<\/tbody>\n<\/table>\n","protected":false},"excerpt":{"rendered":"<p>Zenith Chronomaster sport ref. 03.3100.3600\/21.C822 El CHRONOMASTER Sport, con su moderna caja de 41 mm, combina elementos de anteriores cron\u00f3grafos ZENITH, como la esfera tricolor, los pulsadores de la bomba y el brazalete de acero, con un bisel de cer\u00e1mica negra. Impulsado por el movimiento cron\u00f3grafo autom\u00e1tico El Primero 3600 con una precisi\u00f3n de 1\/10 [&hellip;]<\/p>\n","protected":false},"featured_media":65766,"template":"","meta":{"_crdt_document":"","advanced_seo_description":"","jetpack_seo_html_title":"","jetpack_seo_noindex":false,"jetpack_post_was_ever_published":true},"product_brand":[],"product_cat":[1924],"product_tag":[1401],"berocket_brand":[],"woo-feed-brand":[],"class_list":{"0":"post-75107","1":"product","2":"type-product","3":"status-publish","4":"has-post-thumbnail","6":"product_cat-zenith","7":"product_tag-chronomaster","9":"first","10":"instock","11":"sale","12":"taxable","13":"shipping-taxable","14":"purchasable","15":"product-type-simple"},"bundled_by":[],"bundle_stock_status":"instock","bundle_stock_quantity":1,"bundle_virtual":false,"bundle_layout":"","bundle_add_to_cart_form_location":"","bundle_editable_in_cart":false,"bundle_sold_individually_context":"","bundle_item_grouping":"","bundle_min_size":"","bundle_max_size":"","bundle_price":[],"bundled_items":[],"bundle_sell_ids":[],"group_of_quantity":0,"min_quantity":0,"max_quantity":"","exclude_order_quantity_value_rules":"no","exclude_category_quantity_rules":"no","combine_variations":"no","exclude_global_add_ons":[],"addons":[],"jetpack_sharing_enabled":true,"jetpack_likes_enabled":true,"_links":{"self":[{"href":"https:\/\/watchdeluxe.it\/es\/wp-json\/wp\/v2\/product\/75107","targetHints":{"allow":["GET"]}}],"collection":[{"href":"https:\/\/watchdeluxe.it\/es\/wp-json\/wp\/v2\/product"}],"about":[{"href":"https:\/\/watchdeluxe.it\/es\/wp-json\/wp\/v2\/types\/product"}],"wp:featuredmedia":[{"embeddable":true,"href":"https:\/\/watchdeluxe.it\/es\/wp-json\/wp\/v2\/media\/65766"}],"wp:attachment":[{"href":"https:\/\/watchdeluxe.it\/es\/wp-json\/wp\/v2\/media?parent=75107"}],"wp:term":[{"taxonomy":"product_brand","embeddable":true,"href":"https:\/\/watchdeluxe.it\/es\/wp-json\/wp\/v2\/product_brand?post=75107"},{"taxonomy":"product_cat","embeddable":true,"href":"https:\/\/watchdeluxe.it\/es\/wp-json\/wp\/v2\/product_cat?post=75107"},{"taxonomy":"product_tag","embeddable":true,"href":"https:\/\/watchdeluxe.it\/es\/wp-json\/wp\/v2\/product_tag?post=75107"},{"taxonomy":"berocket_brand","embeddable":true,"href":"https:\/\/watchdeluxe.it\/es\/wp-json\/wp\/v2\/berocket_brand?post=75107"},{"taxonomy":"woo-feed-brand","embeddable":true,"href":"https:\/\/watchdeluxe.it\/es\/wp-json\/wp\/v2\/woo-feed-brand?post=75107"}],"curies":[{"name":"wp","href":"https:\/\/api.w.org\/{rel}","templated":true}]}}