{"id":75032,"date":"2026-01-26T16:59:03","date_gmt":"2026-01-26T15:59:03","guid":{"rendered":"https:\/\/watchdeluxe.it\/prodotto\/longines-primaluna-ref-l81164876\/"},"modified":"2026-01-26T16:59:06","modified_gmt":"2026-01-26T15:59:06","slug":"longines-primaluna-ref-l81164876","status":"publish","type":"product","link":"https:\/\/watchdeluxe.it\/es\/prodotto\/longines-primaluna-ref-l81164876\/","title":{"rendered":"Longines PrimaLuna ref. L81164876"},"content":{"rendered":"<p>Longines PrimaLuna -L81164876<\/p>\n<div class=\"product-info__card-block\" data-product=\"\">\n<div class=\"product-spec\">\n<div class=\"product-spec__row\">\n<div class=\"\">Referencia<\/div>\n<div class=\"text-right\">L81164876<\/div>\n<\/div>\n<div class=\"product-spec__row\">\n<div class=\"\">Colecci\u00f3n<\/div>\n<div class=\"text-right\">Elegancia contempor\u00e1nea<\/div>\n<\/div>\n<div class=\"product-spec__row\">\n<div class=\"\">G\u00e9nero<\/div>\n<div class=\"text-right\" data-spec=\"genere\">Hombre\/Usuario<\/div>\n<\/div>\n<div class=\"product-spec__row\">\n<div class=\"\">Material del malet\u00edn<\/div>\n<div class=\"text-right\" data-spec=\"materiale-cassa\">Acero<\/div>\n<\/div>\n<div class=\"product-spec__row\">\n<div class=\"\">Material de la pulsera<\/div>\n<div class=\"text-right\" data-spec=\"materiale-bracciale\">Acero<\/div>\n<\/div>\n<div class=\"product-spec__row\">\n<div class=\"\">Material del bisel<\/div>\n<div class=\"text-right\" data-spec=\"materiale-lunetta\">Acero<\/div>\n<\/div>\n<div class=\"product-spec__row\">\n<div class=\"\">Color de la correa<\/div>\n<div class=\"text-right\" data-spec=\"colore-cinturino\">Acero<\/div>\n<\/div>\n<div class=\"product-spec__row\">\n<div class=\"\">Cerrar<\/div>\n<div class=\"text-right\" data-spec=\"chiusura\">Hebilla plegable<\/div>\n<\/div>\n<div class=\"product-spec__row\">\n<div class=\"\">Material Cierre<\/div>\n<div class=\"text-right\" data-spec=\"materiale-chiusura\">Acero<\/div>\n<\/div>\n<div class=\"product-spec__row\">\n<div class=\"\">Di\u00e1metro de la caja<\/div>\n<div class=\"text-right\" data-spec=\"diametro-cassa\">34,50 mm<\/div>\n<\/div>\n<div class=\"product-spec__row\">\n<div class=\"\">Impermeable<\/div>\n<div class=\"text-right\" data-spec=\"impermeabilit--\">30 m<\/div>\n<\/div>\n<div class=\"product-spec__row\">\n<div class=\"\">Vidrio<\/div>\n<div class=\"text-right\" data-spec=\"vetro\">Zafiro resistente a los ara\u00f1azos con tratamiento<\/div>\n<\/div>\n<div class=\"product-spec__row\">\n<div class=\"\">Marque<\/div>\n<div class=\"text-right\" data-spec=\"quadrante\">Blanco<\/div>\n<\/div>\n<div class=\"product-spec__row\">\n<div class=\"\">Marcar n\u00fameros<\/div>\n<div class=\"text-right\" data-spec=\"numeri-quadrante\">\u00cdndices<\/div>\n<\/div>\n<div class=\"product-spec__row\">\n<div class=\"\">Calibre<\/div>\n<div class=\"text-right\" data-spec=\"calibro\">296<\/div>\n<\/div>\n<div class=\"product-spec__row\">\n<div class=\"\">Funciones<\/div>\n<div class=\"text-right\" data-spec=\"funzioni\">Horas, minutos, segundos, fecha<\/div>\n<\/div>\n<div class=\"product-spec__row\">\n<div class=\"\">Carga<\/div>\n<div class=\"text-right\" data-spec=\"carica\">Autom\u00e1tico<\/div>\n<\/div>\n<\/div>\n<\/div>\n<p>&nbsp;<\/p>\n","protected":false},"excerpt":{"rendered":"<p>Longines PrimaLuna -L81164876 Referencia L81164876 Colecci\u00f3n Elegancia contempor\u00e1nea G\u00e9nero Hombre\/Usuario Material del malet\u00edn Acero Material de la pulsera Acero Material del bisel Acero Color de la correa Acero Cerrar Hebilla plegable Material Cierre Acero Di\u00e1metro de la caja 34,50 mm Impermeable 30 m Vidrio Zafiro resistente a los ara\u00f1azos con tratamiento Marque Blanco Marcar n\u00fameros [&hellip;]<\/p>\n","protected":false},"featured_media":66458,"template":"","meta":{"_crdt_document":"","advanced_seo_description":"","jetpack_seo_html_title":"","jetpack_seo_noindex":false,"jetpack_post_was_ever_published":true},"product_brand":[],"product_cat":[2187],"product_tag":[2980,3228,2837],"berocket_brand":[],"woo-feed-brand":[],"class_list":{"0":"post-75032","1":"product","2":"type-product","3":"status-publish","4":"has-post-thumbnail","6":"product_cat-longines-es","7":"product_tag-hydroconquest-es","8":"product_tag-primaluna-es","9":"product_tag-cuarzo","11":"first","12":"instock","13":"sale","14":"taxable","15":"shipping-taxable","16":"purchasable","17":"product-type-simple"},"bundled_by":[],"bundle_stock_status":"instock","bundle_stock_quantity":1,"bundle_virtual":false,"bundle_layout":"","bundle_add_to_cart_form_location":"","bundle_editable_in_cart":false,"bundle_sold_individually_context":"","bundle_item_grouping":"","bundle_min_size":"","bundle_max_size":"","bundle_price":[],"bundled_items":[],"bundle_sell_ids":[],"group_of_quantity":0,"min_quantity":0,"max_quantity":"","exclude_order_quantity_value_rules":"no","exclude_category_quantity_rules":"no","combine_variations":"no","exclude_global_add_ons":[],"addons":[],"jetpack_sharing_enabled":true,"jetpack_likes_enabled":true,"_links":{"self":[{"href":"https:\/\/watchdeluxe.it\/es\/wp-json\/wp\/v2\/product\/75032","targetHints":{"allow":["GET"]}}],"collection":[{"href":"https:\/\/watchdeluxe.it\/es\/wp-json\/wp\/v2\/product"}],"about":[{"href":"https:\/\/watchdeluxe.it\/es\/wp-json\/wp\/v2\/types\/product"}],"wp:featuredmedia":[{"embeddable":true,"href":"https:\/\/watchdeluxe.it\/es\/wp-json\/wp\/v2\/media\/66458"}],"wp:attachment":[{"href":"https:\/\/watchdeluxe.it\/es\/wp-json\/wp\/v2\/media?parent=75032"}],"wp:term":[{"taxonomy":"product_brand","embeddable":true,"href":"https:\/\/watchdeluxe.it\/es\/wp-json\/wp\/v2\/product_brand?post=75032"},{"taxonomy":"product_cat","embeddable":true,"href":"https:\/\/watchdeluxe.it\/es\/wp-json\/wp\/v2\/product_cat?post=75032"},{"taxonomy":"product_tag","embeddable":true,"href":"https:\/\/watchdeluxe.it\/es\/wp-json\/wp\/v2\/product_tag?post=75032"},{"taxonomy":"berocket_brand","embeddable":true,"href":"https:\/\/watchdeluxe.it\/es\/wp-json\/wp\/v2\/berocket_brand?post=75032"},{"taxonomy":"woo-feed-brand","embeddable":true,"href":"https:\/\/watchdeluxe.it\/es\/wp-json\/wp\/v2\/woo-feed-brand?post=75032"}],"curies":[{"name":"wp","href":"https:\/\/api.w.org\/{rel}","templated":true}]}}