{"id":74867,"date":"2023-03-17T19:07:24","date_gmt":"2023-03-17T18:07:24","guid":{"rendered":"https:\/\/watchdeluxe.it\/prodotto\/longines-hydroconquest-ceramica-con-esfera-azul-41-mm-ref-l37814966\/"},"modified":"2026-04-06T06:18:02","modified_gmt":"2026-04-06T04:18:02","slug":"longines-hydroconquest-in-ceramic-with-blue-dial-41-mm-ref-l37814966","status":"publish","type":"product","link":"https:\/\/watchdeluxe.it\/es\/prodotto\/longines-hydroconquest-in-ceramic-with-blue-dial-41-mm-ref-l37814966\/","title":{"rendered":"Longines Hydroconquest de cer\u00e1mica con esfera azul, 41 mm ref. L37814966"},"content":{"rendered":"<div>\n<p>Caja de acero inoxidable plateado con brazalete de acero inoxidable negro. Bisel giratorio unidireccional de cer\u00e1mica azul. Esfera azul con agujas plateadas y n\u00fameros \u00e1rabes. Marcadores de minutos alrededor del borde exterior. Tipo de esfera: anal\u00f3gica. Agujas y marcadores luminiscentes. Indicaci\u00f3n de la fecha a las 3 horas. Movimiento autom\u00e1tico Longines Calibre L619\/888 con reserva de marcha de 64 horas. Cristal de zafiro resistente a los ara\u00f1azos. Corona. Forma redonda. Tama\u00f1o de la caja: 41 mm. Sumergible hasta 300 metros. Funciones: fecha, horas, minutos, segundos. Estilo de reloj de buceo. Etiqueta del reloj: Swiss Made. Reloj Longines Hydroconquest autom\u00e1tico de caballero con esfera azul L3.781.4.96.6.<\/p>\n<\/div>\n<ul>\n<li>Modelo L3.781.4.96.6<\/li>\n<\/ul>\n","protected":false},"excerpt":{"rendered":"<p>Caja de acero inoxidable plateado con brazalete de acero inoxidable negro. Bisel giratorio unidireccional de cer\u00e1mica azul. Esfera azul con agujas plateadas y n\u00fameros \u00e1rabes. Marcadores de minutos alrededor del borde exterior. Tipo de esfera: anal\u00f3gica. Agujas y marcadores luminiscentes. Indicaci\u00f3n de la fecha a las 3 horas. Movimiento autom\u00e1tico Longines Calibre L619\/888 con reserva [&hellip;]<\/p>\n","protected":false},"featured_media":20185,"template":"","meta":{"_crdt_document":"","advanced_seo_description":"","jetpack_seo_html_title":"","jetpack_seo_noindex":false,"jetpack_post_was_ever_published":false},"product_brand":[],"product_cat":[2187],"product_tag":[2980,2837],"berocket_brand":[],"woo-feed-brand":[],"class_list":{"0":"post-74867","1":"product","2":"type-product","3":"status-publish","4":"has-post-thumbnail","6":"product_cat-longines-es","7":"product_tag-hydroconquest-es","8":"product_tag-cuarzo","10":"first","11":"instock","12":"sale","13":"taxable","14":"shipping-taxable","15":"purchasable","16":"product-type-simple"},"bundled_by":[],"bundle_stock_status":"instock","bundle_stock_quantity":1,"bundle_virtual":false,"bundle_layout":"","bundle_add_to_cart_form_location":"","bundle_editable_in_cart":false,"bundle_sold_individually_context":"","bundle_item_grouping":"","bundle_min_size":"","bundle_max_size":"","bundle_price":[],"bundled_items":[],"bundle_sell_ids":[],"group_of_quantity":0,"min_quantity":0,"max_quantity":"","exclude_order_quantity_value_rules":"no","exclude_category_quantity_rules":"no","combine_variations":"no","exclude_global_add_ons":[],"addons":[],"jetpack_sharing_enabled":true,"jetpack_likes_enabled":true,"_links":{"self":[{"href":"https:\/\/watchdeluxe.it\/es\/wp-json\/wp\/v2\/product\/74867","targetHints":{"allow":["GET"]}}],"collection":[{"href":"https:\/\/watchdeluxe.it\/es\/wp-json\/wp\/v2\/product"}],"about":[{"href":"https:\/\/watchdeluxe.it\/es\/wp-json\/wp\/v2\/types\/product"}],"wp:featuredmedia":[{"embeddable":true,"href":"https:\/\/watchdeluxe.it\/es\/wp-json\/wp\/v2\/media\/20185"}],"wp:attachment":[{"href":"https:\/\/watchdeluxe.it\/es\/wp-json\/wp\/v2\/media?parent=74867"}],"wp:term":[{"taxonomy":"product_brand","embeddable":true,"href":"https:\/\/watchdeluxe.it\/es\/wp-json\/wp\/v2\/product_brand?post=74867"},{"taxonomy":"product_cat","embeddable":true,"href":"https:\/\/watchdeluxe.it\/es\/wp-json\/wp\/v2\/product_cat?post=74867"},{"taxonomy":"product_tag","embeddable":true,"href":"https:\/\/watchdeluxe.it\/es\/wp-json\/wp\/v2\/product_tag?post=74867"},{"taxonomy":"berocket_brand","embeddable":true,"href":"https:\/\/watchdeluxe.it\/es\/wp-json\/wp\/v2\/berocket_brand?post=74867"},{"taxonomy":"woo-feed-brand","embeddable":true,"href":"https:\/\/watchdeluxe.it\/es\/wp-json\/wp\/v2\/woo-feed-brand?post=74867"}],"curies":[{"name":"wp","href":"https:\/\/api.w.org\/{rel}","templated":true}]}}