{"id":74853,"date":"2023-03-17T19:07:27","date_gmt":"2023-03-17T18:07:27","guid":{"rendered":"https:\/\/watchdeluxe.it\/prodotto\/longines-heritage-collection-conquest-l164524\/"},"modified":"2026-04-09T09:50:50","modified_gmt":"2026-04-09T07:50:50","slug":"longines-heritage-collection-conquest-l164524","status":"publish","type":"product","link":"https:\/\/watchdeluxe.it\/es\/prodotto\/longines-heritage-collection-conquest-l164524\/","title":{"rendered":"Longines Heritage Collection Conquest L164524"},"content":{"rendered":"<div>\n<div>\n<h3>Reloj Longines Heritage Collection Conquest de caballero L164524<\/h3>\n<h3>Caso<\/h3>\n<ul>\n<li><strong>Forma:<\/strong> Redonda<\/li>\n<li><strong>Material:<\/strong> acero inoxidable<\/li>\n<li><strong>Cristal:<\/strong> cristal de zafiro resistente a los ara\u00f1azos<\/li>\n<li><strong>Fondo<\/strong>: Atornillado<\/li>\n<li><strong>Dimensiones:<\/strong> \u00d8 40,00 mm<\/li>\n<li><strong>Estanqueidad:<\/strong> resistente al agua hasta 3 bar<\/li>\n<\/ul>\n<h3>Movimiento y funciones<\/h3>\n<ul>\n<li><strong>Calibre:<\/strong> L633, movimiento mec\u00e1nico autom\u00e1tico con una frecuencia de 28.800 alternancias por hora y una reserva de marcha de 38 horas.<\/li>\n<li><strong>Funci\u00f3n:<\/strong> horas, minutos, segundos y fecha.<\/li>\n<\/ul>\n<h3>Esfera y agujas<\/h3>\n<ul>\n<li><strong>Color de la esfera:<\/strong> negro lacado brillante<\/li>\n<li><strong>C\u00edrculo de las horas:<\/strong> \u00edndices aplicados<\/li>\n<li>Manos<strong>:<\/strong> manos rosas<\/li>\n<\/ul>\n<h3>Pulsera<\/h3>\n<ul>\n<li><strong>Material:<\/strong> correa de alig\u00e1tor<\/li>\n<li><strong>Color de la esfera:<\/strong> negro<\/li>\n<li>Hebilla<strong>:<\/strong> con hebilla<\/li>\n<\/ul>\n<\/div>\n<\/div>\n","protected":false},"excerpt":{"rendered":"<p>Reloj Longines Heritage Collection Conquest de caballero L164524 Caso Forma: Redonda Material: acero inoxidable Cristal: cristal de zafiro resistente a los ara\u00f1azos Fondo: Atornillado Dimensiones: \u00d8 40,00 mm Estanqueidad: resistente al agua hasta 3 bar Movimiento y funciones Calibre: L633, movimiento mec\u00e1nico autom\u00e1tico con una frecuencia de 28.800 alternancias por hora y una reserva de [&hellip;]<\/p>\n","protected":false},"featured_media":20141,"template":"","meta":{"_crdt_document":"","advanced_seo_description":"","jetpack_seo_html_title":"","jetpack_seo_noindex":false},"product_brand":[],"product_cat":[2187],"product_tag":[2461,2980,2837],"berocket_brand":[],"woo-feed-brand":[],"class_list":{"0":"post-74853","1":"product","2":"type-product","3":"status-publish","4":"has-post-thumbnail","6":"product_cat-longines-es","7":"product_tag-patrimonio","8":"product_tag-hydroconquest-es","9":"product_tag-cuarzo","11":"first","12":"instock","13":"sale","14":"taxable","15":"shipping-taxable","16":"purchasable","17":"product-type-simple"},"bundled_by":[],"bundle_stock_status":"instock","bundle_stock_quantity":1,"bundle_virtual":false,"bundle_layout":"","bundle_add_to_cart_form_location":"","bundle_editable_in_cart":false,"bundle_sold_individually_context":"","bundle_item_grouping":"","bundle_min_size":"","bundle_max_size":"","bundle_price":[],"bundled_items":[],"bundle_sell_ids":[],"group_of_quantity":0,"min_quantity":0,"max_quantity":"","exclude_order_quantity_value_rules":"no","exclude_category_quantity_rules":"no","combine_variations":"no","jetpack_sharing_enabled":true,"jetpack_likes_enabled":true,"_links":{"self":[{"href":"https:\/\/watchdeluxe.it\/es\/wp-json\/wp\/v2\/product\/74853","targetHints":{"allow":["GET"]}}],"collection":[{"href":"https:\/\/watchdeluxe.it\/es\/wp-json\/wp\/v2\/product"}],"about":[{"href":"https:\/\/watchdeluxe.it\/es\/wp-json\/wp\/v2\/types\/product"}],"wp:featuredmedia":[{"embeddable":true,"href":"https:\/\/watchdeluxe.it\/es\/wp-json\/wp\/v2\/media\/20141"}],"wp:attachment":[{"href":"https:\/\/watchdeluxe.it\/es\/wp-json\/wp\/v2\/media?parent=74853"}],"wp:term":[{"taxonomy":"product_brand","embeddable":true,"href":"https:\/\/watchdeluxe.it\/es\/wp-json\/wp\/v2\/product_brand?post=74853"},{"taxonomy":"product_cat","embeddable":true,"href":"https:\/\/watchdeluxe.it\/es\/wp-json\/wp\/v2\/product_cat?post=74853"},{"taxonomy":"product_tag","embeddable":true,"href":"https:\/\/watchdeluxe.it\/es\/wp-json\/wp\/v2\/product_tag?post=74853"},{"taxonomy":"berocket_brand","embeddable":true,"href":"https:\/\/watchdeluxe.it\/es\/wp-json\/wp\/v2\/berocket_brand?post=74853"},{"taxonomy":"woo-feed-brand","embeddable":true,"href":"https:\/\/watchdeluxe.it\/es\/wp-json\/wp\/v2\/woo-feed-brand?post=74853"}],"curies":[{"name":"wp","href":"https:\/\/api.w.org\/{rel}","templated":true}]}}