{"id":74684,"date":"2023-03-17T19:07:03","date_gmt":"2023-03-17T18:07:03","guid":{"rendered":"https:\/\/watchdeluxe.it\/prodotto\/longines-master-collection-l29094786\/"},"modified":"2026-04-02T12:03:38","modified_gmt":"2026-04-02T10:03:38","slug":"longines-master-collection-l29094786","status":"publish","type":"product","link":"https:\/\/watchdeluxe.it\/es\/prodotto\/longines-master-collection-l29094786\/","title":{"rendered":"Longines Master Collection L29094786"},"content":{"rendered":"<p>Longines Master Collection L29094786<\/p>\n<p>EFECTIVO<br \/>\nForma: Redonda<br \/>\nMaterial: Acero inoxidable<br \/>\nCristal: cristal de zafiro resistente a los ara\u00f1azos<br \/>\nFondo: Cristal de zafiro transparente<br \/>\nDimensiones: 40,00 mm<br \/>\nResistencia al agua: 3 ATM<br \/>\nDIAL Y MANOS<br \/>\nColor: Granos de oro plateados<br \/>\n\u00cdndices: N\u00fameros ar\u00e1bigos pintados<br \/>\nManecillas: Manecillas de acero pavonado<br \/>\nMOVIMIENTO Y FUNCIONES<br \/>\nTipo de movimiento: Autom\u00e1tico<br \/>\nCalibre: L899<br \/>\nCalibre: Movimiento mec\u00e1nico autom\u00e1tico con una frecuencia de 25.200 alternancias por hora y una reserva de marcha de 64 horas.<br \/>\nFunci\u00f3n: Horas, minutos, segundos, indicador de fase lunar e indicaci\u00f3n de fecha mediante aguja peque\u00f1a a las 6<br \/>\nPULSERA<br \/>\nMaterial: Acero inoxidable<br \/>\nHebilla: con triple cierre desplegable de seguridad y mecanismo de apertura mediante pulsador<\/p>\n","protected":false},"excerpt":{"rendered":"<p>Longines Master Collection L29094786 EFECTIVO Forma: Redonda Material: Acero inoxidable Cristal: cristal de zafiro resistente a los ara\u00f1azos Fondo: Cristal de zafiro transparente Dimensiones: 40,00 mm Resistencia al agua: 3 ATM DIAL Y MANOS Color: Granos de oro plateados \u00cdndices: N\u00fameros ar\u00e1bigos pintados Manecillas: Manecillas de acero pavonado MOVIMIENTO Y FUNCIONES Tipo de movimiento: Autom\u00e1tico [&hellip;]<\/p>\n","protected":false},"featured_media":158014,"template":"","meta":{"_crdt_document":"","advanced_seo_description":"","jetpack_seo_html_title":"","jetpack_seo_noindex":false},"product_brand":[],"product_cat":[2187],"product_tag":[2980,2837],"berocket_brand":[],"woo-feed-brand":[],"class_list":{"0":"post-74684","1":"product","2":"type-product","3":"status-publish","4":"has-post-thumbnail","6":"product_cat-longines-es","7":"product_tag-hydroconquest-es","8":"product_tag-cuarzo","10":"first","11":"instock","12":"sale","13":"taxable","14":"shipping-taxable","15":"purchasable","16":"product-type-simple"},"bundled_by":[],"bundle_stock_status":"instock","bundle_stock_quantity":1,"bundle_virtual":false,"bundle_layout":"","bundle_add_to_cart_form_location":"","bundle_editable_in_cart":false,"bundle_sold_individually_context":"","bundle_item_grouping":"","bundle_min_size":"","bundle_max_size":"","bundle_price":[],"bundled_items":[],"bundle_sell_ids":[],"group_of_quantity":0,"min_quantity":0,"max_quantity":"","exclude_order_quantity_value_rules":"no","exclude_category_quantity_rules":"no","combine_variations":"no","exclude_global_add_ons":[],"addons":[],"jetpack_sharing_enabled":true,"jetpack_likes_enabled":true,"_links":{"self":[{"href":"https:\/\/watchdeluxe.it\/es\/wp-json\/wp\/v2\/product\/74684","targetHints":{"allow":["GET"]}}],"collection":[{"href":"https:\/\/watchdeluxe.it\/es\/wp-json\/wp\/v2\/product"}],"about":[{"href":"https:\/\/watchdeluxe.it\/es\/wp-json\/wp\/v2\/types\/product"}],"wp:featuredmedia":[{"embeddable":true,"href":"https:\/\/watchdeluxe.it\/es\/wp-json\/wp\/v2\/media\/158014"}],"wp:attachment":[{"href":"https:\/\/watchdeluxe.it\/es\/wp-json\/wp\/v2\/media?parent=74684"}],"wp:term":[{"taxonomy":"product_brand","embeddable":true,"href":"https:\/\/watchdeluxe.it\/es\/wp-json\/wp\/v2\/product_brand?post=74684"},{"taxonomy":"product_cat","embeddable":true,"href":"https:\/\/watchdeluxe.it\/es\/wp-json\/wp\/v2\/product_cat?post=74684"},{"taxonomy":"product_tag","embeddable":true,"href":"https:\/\/watchdeluxe.it\/es\/wp-json\/wp\/v2\/product_tag?post=74684"},{"taxonomy":"berocket_brand","embeddable":true,"href":"https:\/\/watchdeluxe.it\/es\/wp-json\/wp\/v2\/berocket_brand?post=74684"},{"taxonomy":"woo-feed-brand","embeddable":true,"href":"https:\/\/watchdeluxe.it\/es\/wp-json\/wp\/v2\/woo-feed-brand?post=74684"}],"curies":[{"name":"wp","href":"https:\/\/api.w.org\/{rel}","templated":true}]}}