{"id":74636,"date":"2023-03-17T19:08:39","date_gmt":"2023-03-17T18:08:39","guid":{"rendered":"https:\/\/watchdeluxe.it\/prodotto\/longines-la-grande-classique-de-longines-ref-l47094882\/"},"modified":"2026-04-02T11:59:11","modified_gmt":"2026-04-02T09:59:11","slug":"longines-la-grande-classique-de-longines-ref-l47094882","status":"publish","type":"product","link":"https:\/\/watchdeluxe.it\/es\/prodotto\/longines-la-grande-classique-de-longines-ref-l47094882\/","title":{"rendered":"Longines La Grande Classique de Longines ref. L47094882"},"content":{"rendered":"<p><strong>Longines La Grande Classique de Longines ref. L47094882<\/strong><\/p>\n<table class=\"data-table\" data-mce-fragment=\"1\">\n<tbody data-mce-fragment=\"1\">\n<tr class=\"odd\" data-mce-fragment=\"1\">\n<td class=\"spec-name\" data-mce-fragment=\"1\">Marca<\/td>\n<td class=\"spec-value\" data-mce-fragment=\"1\">Longines<\/td>\n<\/tr>\n<tr class=\"even\" data-mce-fragment=\"1\">\n<td class=\"spec-name\" data-mce-fragment=\"1\">L\u00ednea<\/td>\n<td class=\"spec-value\" data-mce-fragment=\"1\">LA GRANDE CLASSIQUE<\/td>\n<\/tr>\n<tr class=\"odd\" data-mce-fragment=\"1\">\n<td class=\"spec-name\" data-mce-fragment=\"1\">Complicaci\u00f3n<\/td>\n<td class=\"spec-value\" data-mce-fragment=\"1\">SOLO TIEMPO<\/td>\n<\/tr>\n<tr class=\"even\" data-mce-fragment=\"1\">\n<td class=\"spec-name\" data-mce-fragment=\"1\">Movimiento<\/td>\n<td class=\"spec-value\" data-mce-fragment=\"1\">CUARZO<\/td>\n<\/tr>\n<tr class=\"odd\" data-mce-fragment=\"1\">\n<td class=\"spec-name\" data-mce-fragment=\"1\">Forma<\/td>\n<td class=\"spec-value\" data-mce-fragment=\"1\">REDONDA<\/td>\n<\/tr>\n<tr class=\"even\" data-mce-fragment=\"1\">\n<td class=\"spec-name\" data-mce-fragment=\"1\">Tama\u00f1o<\/td>\n<td class=\"spec-value\" data-mce-fragment=\"1\">33 MM<\/td>\n<\/tr>\n<tr class=\"odd\" data-mce-fragment=\"1\">\n<td class=\"spec-name\" data-mce-fragment=\"1\">Material<\/td>\n<td class=\"spec-value\" data-mce-fragment=\"1\">Acero<\/td>\n<\/tr>\n<tr class=\"even\" data-mce-fragment=\"1\">\n<td class=\"spec-name\" data-mce-fragment=\"1\">Esfera<\/td>\n<td class=\"spec-value\" data-mce-fragment=\"1\">N\u00c1CAR CON DIAMANTES<\/td>\n<\/tr>\n<tr class=\"odd\" data-mce-fragment=\"1\">\n<td class=\"spec-name\" data-mce-fragment=\"1\">Correa<\/td>\n<td class=\"spec-value\" data-mce-fragment=\"1\">ALIGATORIO<\/td>\n<\/tr>\n<tr class=\"even\" data-mce-fragment=\"1\">\n<td class=\"spec-name\" data-mce-fragment=\"1\">Resistencia al agua<\/td>\n<td class=\"spec-value\" data-mce-fragment=\"1\">30 M<\/td>\n<\/tr>\n<\/tbody>\n<\/table>\n<p>&nbsp;<\/p>\n","protected":false},"excerpt":{"rendered":"<p>Longines La Grande Classique de Longines ref. L47094882 Marca Longines L\u00ednea LA GRANDE CLASSIQUE Complicaci\u00f3n SOLO TIEMPO Movimiento CUARZO Forma REDONDA Tama\u00f1o 33 MM Material Acero Esfera N\u00c1CAR CON DIAMANTES Correa ALIGATORIO Resistencia al agua 30 M &nbsp;<\/p>\n","protected":false},"featured_media":170104,"template":"","meta":{"_crdt_document":"","advanced_seo_description":"","jetpack_seo_html_title":"","jetpack_seo_noindex":false},"product_brand":[],"product_cat":[2187],"product_tag":[3052,2980,2837],"berocket_brand":[],"woo-feed-brand":[],"class_list":{"0":"post-74636","1":"product","2":"type-product","3":"status-publish","4":"has-post-thumbnail","6":"product_cat-longines-es","7":"product_tag-clasico","8":"product_tag-hydroconquest-es","9":"product_tag-cuarzo","11":"first","12":"instock","13":"sale","14":"taxable","15":"shipping-taxable","16":"purchasable","17":"product-type-simple"},"bundled_by":[],"bundle_stock_status":"instock","bundle_stock_quantity":1,"bundle_virtual":false,"bundle_layout":"","bundle_add_to_cart_form_location":"","bundle_editable_in_cart":false,"bundle_sold_individually_context":"","bundle_item_grouping":"","bundle_min_size":"","bundle_max_size":"","bundle_price":[],"bundled_items":[],"bundle_sell_ids":[],"group_of_quantity":0,"min_quantity":0,"max_quantity":"","exclude_order_quantity_value_rules":"no","exclude_category_quantity_rules":"no","combine_variations":"no","jetpack_sharing_enabled":true,"jetpack_likes_enabled":true,"_links":{"self":[{"href":"https:\/\/watchdeluxe.it\/es\/wp-json\/wp\/v2\/product\/74636","targetHints":{"allow":["GET"]}}],"collection":[{"href":"https:\/\/watchdeluxe.it\/es\/wp-json\/wp\/v2\/product"}],"about":[{"href":"https:\/\/watchdeluxe.it\/es\/wp-json\/wp\/v2\/types\/product"}],"wp:featuredmedia":[{"embeddable":true,"href":"https:\/\/watchdeluxe.it\/es\/wp-json\/wp\/v2\/media\/170104"}],"wp:attachment":[{"href":"https:\/\/watchdeluxe.it\/es\/wp-json\/wp\/v2\/media?parent=74636"}],"wp:term":[{"taxonomy":"product_brand","embeddable":true,"href":"https:\/\/watchdeluxe.it\/es\/wp-json\/wp\/v2\/product_brand?post=74636"},{"taxonomy":"product_cat","embeddable":true,"href":"https:\/\/watchdeluxe.it\/es\/wp-json\/wp\/v2\/product_cat?post=74636"},{"taxonomy":"product_tag","embeddable":true,"href":"https:\/\/watchdeluxe.it\/es\/wp-json\/wp\/v2\/product_tag?post=74636"},{"taxonomy":"berocket_brand","embeddable":true,"href":"https:\/\/watchdeluxe.it\/es\/wp-json\/wp\/v2\/berocket_brand?post=74636"},{"taxonomy":"woo-feed-brand","embeddable":true,"href":"https:\/\/watchdeluxe.it\/es\/wp-json\/wp\/v2\/woo-feed-brand?post=74636"}],"curies":[{"name":"wp","href":"https:\/\/api.w.org\/{rel}","templated":true}]}}