{"id":74415,"date":"2023-03-17T19:08:07","date_gmt":"2023-03-17T18:08:07","guid":{"rendered":"https:\/\/watchdeluxe.it\/prodotto\/longines-master-collection-senora-ref-l22574786\/"},"modified":"2026-04-02T12:10:02","modified_gmt":"2026-04-02T10:10:02","slug":"longines-master-collection-lady-ref-l22574786","status":"publish","type":"product","link":"https:\/\/watchdeluxe.it\/es\/prodotto\/longines-master-collection-lady-ref-l22574786\/","title":{"rendered":"Longines Master Collection lady ref. L22574786"},"content":{"rendered":"<ul>\n<li>\n<h3>Longines Master Collection lady ref. L22574786<\/h3>\n<\/li>\n<li>Marca: Longines<\/li>\n<li>Modelo: Master Collection<\/li>\n<li>Referencia: L22574786<\/li>\n<li>Movimiento: autom\u00e1tico<\/li>\n<li>Calibre: 595\/592<\/li>\n<li>Caja: acero inoxidable pulido\/satinado<\/li>\n<li>Pulsera: acero inoxidable pulido\/satinado<\/li>\n<li>Di\u00e1metro: 29 mm<\/li>\n<li>Cristal: zafiro<\/li>\n<li>Tama\u00f1o de la orejeta: 15 mm<\/li>\n<li>Esfera: guilloch\u00e8 plateado<\/li>\n<li>N\u00fameros: \u00e1rabe<\/li>\n<li>Manos: azul<\/li>\n<li>Fecha: a las 3<\/li>\n<li>Espalda: expuesta<\/li>\n<li>Resistencia al agua: 3bar (30m)<\/li>\n<li>Garant\u00eda: 2 a\u00f1os internacional<\/li>\n<\/ul>\n","protected":false},"excerpt":{"rendered":"<p>Longines Master Collection lady ref. L22574786 Marca: Longines Modelo: Master Collection Referencia: L22574786 Movimiento: autom\u00e1tico Calibre: 595\/592 Caja: acero inoxidable pulido\/satinado Pulsera: acero inoxidable pulido\/satinado Di\u00e1metro: 29 mm Cristal: zafiro Tama\u00f1o de la orejeta: 15 mm Esfera: guilloch\u00e8 plateado N\u00fameros: \u00e1rabe Manos: azul Fecha: a las 3 Espalda: expuesta Resistencia al agua: 3bar (30m) Garant\u00eda: [&hellip;]<\/p>\n","protected":false},"featured_media":26531,"template":"","meta":{"_crdt_document":"","advanced_seo_description":"","jetpack_seo_html_title":"","jetpack_seo_noindex":false,"jetpack_post_was_ever_published":false},"product_brand":[],"product_cat":[2187],"product_tag":[2980,2989,2837],"berocket_brand":[],"woo-feed-brand":[],"class_list":{"0":"post-74415","1":"product","2":"type-product","3":"status-publish","4":"has-post-thumbnail","6":"product_cat-longines-es","7":"product_tag-hydroconquest-es","8":"product_tag-maestro-es","9":"product_tag-cuarzo","11":"first","12":"instock","13":"sale","14":"taxable","15":"shipping-taxable","16":"purchasable","17":"product-type-simple"},"bundled_by":[],"bundle_stock_status":"instock","bundle_stock_quantity":1,"bundle_virtual":false,"bundle_layout":"","bundle_add_to_cart_form_location":"","bundle_editable_in_cart":false,"bundle_sold_individually_context":"","bundle_item_grouping":"","bundle_min_size":"","bundle_max_size":"","bundle_price":[],"bundled_items":[],"bundle_sell_ids":[],"group_of_quantity":0,"min_quantity":0,"max_quantity":"","exclude_order_quantity_value_rules":"no","exclude_category_quantity_rules":"no","combine_variations":"no","exclude_global_add_ons":[],"addons":[],"jetpack_sharing_enabled":true,"jetpack_likes_enabled":true,"_links":{"self":[{"href":"https:\/\/watchdeluxe.it\/es\/wp-json\/wp\/v2\/product\/74415","targetHints":{"allow":["GET"]}}],"collection":[{"href":"https:\/\/watchdeluxe.it\/es\/wp-json\/wp\/v2\/product"}],"about":[{"href":"https:\/\/watchdeluxe.it\/es\/wp-json\/wp\/v2\/types\/product"}],"wp:featuredmedia":[{"embeddable":true,"href":"https:\/\/watchdeluxe.it\/es\/wp-json\/wp\/v2\/media\/26531"}],"wp:attachment":[{"href":"https:\/\/watchdeluxe.it\/es\/wp-json\/wp\/v2\/media?parent=74415"}],"wp:term":[{"taxonomy":"product_brand","embeddable":true,"href":"https:\/\/watchdeluxe.it\/es\/wp-json\/wp\/v2\/product_brand?post=74415"},{"taxonomy":"product_cat","embeddable":true,"href":"https:\/\/watchdeluxe.it\/es\/wp-json\/wp\/v2\/product_cat?post=74415"},{"taxonomy":"product_tag","embeddable":true,"href":"https:\/\/watchdeluxe.it\/es\/wp-json\/wp\/v2\/product_tag?post=74415"},{"taxonomy":"berocket_brand","embeddable":true,"href":"https:\/\/watchdeluxe.it\/es\/wp-json\/wp\/v2\/berocket_brand?post=74415"},{"taxonomy":"woo-feed-brand","embeddable":true,"href":"https:\/\/watchdeluxe.it\/es\/wp-json\/wp\/v2\/woo-feed-brand?post=74415"}],"curies":[{"name":"wp","href":"https:\/\/api.w.org\/{rel}","templated":true}]}}