{"id":74345,"date":"2023-03-17T19:10:01","date_gmt":"2023-03-17T18:10:01","guid":{"rendered":"https:\/\/watchdeluxe.it\/prodotto\/longines-les-grandes-classique-cuarzo-l47904112\/"},"modified":"2026-04-08T18:36:32","modified_gmt":"2026-04-08T16:36:32","slug":"longines-les-grandes-classique-quartz-l47904112","status":"publish","type":"product","link":"https:\/\/watchdeluxe.it\/es\/prodotto\/longines-les-grandes-classique-quartz-l47904112\/","title":{"rendered":"Longines Les Grandes Classique Presence Cuarzo L47904112"},"content":{"rendered":"<p>El Longines Les Grandes Classique Quartz L47904112 es un reloj satinado elegante y sofisticado,<\/p>\n<p>Caja de acero de 38,5 mm<\/p>\n<p>El modelo L47904112 est\u00e1 equipado con un mecanismo de cuarzo<\/p>\n<p>Este modelo tiene una esfera negra con elegantes \u00edndices recubiertos de material luminiscente para facilitar la lectura de la hora en la oscuridad. Adem\u00e1s, est\u00e1 equipado con un indicador de fecha en posici\u00f3n de 3 sat\u00e9lites.<\/p>\n<p>sumergible hasta 30 metros,<\/p>\n","protected":false},"excerpt":{"rendered":"<p>El Longines Les Grandes Classique Quartz L47904112 es un reloj satinado elegante y sofisticado, Caja de acero de 38,5 mm El modelo L47904112 est\u00e1 equipado con un mecanismo de cuarzo Este modelo tiene una esfera negra con elegantes \u00edndices recubiertos de material luminiscente para facilitar la lectura de la hora en la oscuridad. Adem\u00e1s, est\u00e1 [&hellip;]<\/p>\n","protected":false},"featured_media":20265,"template":"","meta":{"_crdt_document":"","advanced_seo_description":"","jetpack_seo_html_title":"","jetpack_seo_noindex":false},"product_brand":[],"product_cat":[2187],"product_tag":[3052,2980,2837],"berocket_brand":[],"woo-feed-brand":[],"class_list":{"0":"post-74345","1":"product","2":"type-product","3":"status-publish","4":"has-post-thumbnail","6":"product_cat-longines-es","7":"product_tag-clasico","8":"product_tag-hydroconquest-es","9":"product_tag-cuarzo","11":"first","12":"instock","13":"sale","14":"taxable","15":"shipping-taxable","16":"purchasable","17":"product-type-simple"},"bundled_by":[],"bundle_stock_status":"instock","bundle_stock_quantity":1,"bundle_virtual":false,"bundle_layout":"","bundle_add_to_cart_form_location":"","bundle_editable_in_cart":false,"bundle_sold_individually_context":"","bundle_item_grouping":"","bundle_min_size":"","bundle_max_size":"","bundle_price":[],"bundled_items":[],"bundle_sell_ids":[],"group_of_quantity":0,"min_quantity":0,"max_quantity":"","exclude_order_quantity_value_rules":"no","exclude_category_quantity_rules":"no","combine_variations":"no","jetpack_sharing_enabled":true,"jetpack_likes_enabled":true,"_links":{"self":[{"href":"https:\/\/watchdeluxe.it\/es\/wp-json\/wp\/v2\/product\/74345","targetHints":{"allow":["GET"]}}],"collection":[{"href":"https:\/\/watchdeluxe.it\/es\/wp-json\/wp\/v2\/product"}],"about":[{"href":"https:\/\/watchdeluxe.it\/es\/wp-json\/wp\/v2\/types\/product"}],"wp:featuredmedia":[{"embeddable":true,"href":"https:\/\/watchdeluxe.it\/es\/wp-json\/wp\/v2\/media\/20265"}],"wp:attachment":[{"href":"https:\/\/watchdeluxe.it\/es\/wp-json\/wp\/v2\/media?parent=74345"}],"wp:term":[{"taxonomy":"product_brand","embeddable":true,"href":"https:\/\/watchdeluxe.it\/es\/wp-json\/wp\/v2\/product_brand?post=74345"},{"taxonomy":"product_cat","embeddable":true,"href":"https:\/\/watchdeluxe.it\/es\/wp-json\/wp\/v2\/product_cat?post=74345"},{"taxonomy":"product_tag","embeddable":true,"href":"https:\/\/watchdeluxe.it\/es\/wp-json\/wp\/v2\/product_tag?post=74345"},{"taxonomy":"berocket_brand","embeddable":true,"href":"https:\/\/watchdeluxe.it\/es\/wp-json\/wp\/v2\/berocket_brand?post=74345"},{"taxonomy":"woo-feed-brand","embeddable":true,"href":"https:\/\/watchdeluxe.it\/es\/wp-json\/wp\/v2\/woo-feed-brand?post=74345"}],"curies":[{"name":"wp","href":"https:\/\/api.w.org\/{rel}","templated":true}]}}