{"id":74335,"date":"2023-03-17T19:10:01","date_gmt":"2023-03-17T18:10:01","guid":{"rendered":"https:\/\/watchdeluxe.it\/prodotto\/longines-record-cronometro-automatico-con-esfera-azul-40-mm-ref-l28214966\/"},"modified":"2026-04-09T09:52:58","modified_gmt":"2026-04-09T07:52:58","slug":"longines-record-cronometro-automatico-con-esfera-azul-40-mm-ref-l28214966","status":"publish","type":"product","link":"https:\/\/watchdeluxe.it\/es\/prodotto\/longines-record-cronometro-automatico-con-esfera-azul-40-mm-ref-l28214966\/","title":{"rendered":"Longines Record &#8211; Cron\u00f3metro autom\u00e1tico con esfera azul, 40 mm ref. L28214966"},"content":{"rendered":"<div>\n<p>Caja de acero inoxidable plateado con brazalete de acero inoxidable. Bisel fijo. Esfera azul con agujas plateadas e \u00edndices con n\u00fameros ar\u00e1bigos. Tipo de esfera: anal\u00f3gica. Indicaci\u00f3n de la fecha a las 3 horas. Movimiento autom\u00e1tico Longines Calibre 888.4 con reserva de marcha de 64 horas. Cristal de zafiro resistente a los ara\u00f1azos. Dorso transparente. Forma de caja redonda. Tama\u00f1o de la caja: 40 mm. Ancho de la correa: 20 mm. Sumergible hasta 30 metros. Funciones: fecha, hora, minutos, segundos. Etiqueta del reloj: Swiss Made. Reloj Longines Record Autom\u00e1tico Esfera Azul L28214966.<\/p>\n<\/div>\n","protected":false},"excerpt":{"rendered":"<p>Caja de acero inoxidable plateado con brazalete de acero inoxidable. Bisel fijo. Esfera azul con agujas plateadas e \u00edndices con n\u00fameros ar\u00e1bigos. Tipo de esfera: anal\u00f3gica. Indicaci\u00f3n de la fecha a las 3 horas. Movimiento autom\u00e1tico Longines Calibre 888.4 con reserva de marcha de 64 horas. Cristal de zafiro resistente a los ara\u00f1azos. Dorso transparente. [&hellip;]<\/p>\n","protected":false},"featured_media":164666,"template":"","meta":{"_crdt_document":"","advanced_seo_description":"","jetpack_seo_html_title":"","jetpack_seo_noindex":false},"product_brand":[],"product_cat":[2187],"product_tag":[2980,2837,3203],"berocket_brand":[],"woo-feed-brand":[],"class_list":{"0":"post-74335","1":"product","2":"type-product","3":"status-publish","4":"has-post-thumbnail","6":"product_cat-longines-es","7":"product_tag-hydroconquest-es","8":"product_tag-cuarzo","9":"product_tag-registrar","11":"first","12":"instock","13":"sale","14":"taxable","15":"shipping-taxable","16":"purchasable","17":"product-type-simple"},"bundled_by":[],"bundle_stock_status":"instock","bundle_stock_quantity":1,"bundle_virtual":false,"bundle_layout":"","bundle_add_to_cart_form_location":"","bundle_editable_in_cart":false,"bundle_sold_individually_context":"","bundle_item_grouping":"","bundle_min_size":"","bundle_max_size":"","bundle_price":[],"bundled_items":[],"bundle_sell_ids":[],"group_of_quantity":0,"min_quantity":0,"max_quantity":"","exclude_order_quantity_value_rules":"no","exclude_category_quantity_rules":"no","combine_variations":"no","jetpack_sharing_enabled":true,"jetpack_likes_enabled":true,"_links":{"self":[{"href":"https:\/\/watchdeluxe.it\/es\/wp-json\/wp\/v2\/product\/74335","targetHints":{"allow":["GET"]}}],"collection":[{"href":"https:\/\/watchdeluxe.it\/es\/wp-json\/wp\/v2\/product"}],"about":[{"href":"https:\/\/watchdeluxe.it\/es\/wp-json\/wp\/v2\/types\/product"}],"wp:featuredmedia":[{"embeddable":true,"href":"https:\/\/watchdeluxe.it\/es\/wp-json\/wp\/v2\/media\/164666"}],"wp:attachment":[{"href":"https:\/\/watchdeluxe.it\/es\/wp-json\/wp\/v2\/media?parent=74335"}],"wp:term":[{"taxonomy":"product_brand","embeddable":true,"href":"https:\/\/watchdeluxe.it\/es\/wp-json\/wp\/v2\/product_brand?post=74335"},{"taxonomy":"product_cat","embeddable":true,"href":"https:\/\/watchdeluxe.it\/es\/wp-json\/wp\/v2\/product_cat?post=74335"},{"taxonomy":"product_tag","embeddable":true,"href":"https:\/\/watchdeluxe.it\/es\/wp-json\/wp\/v2\/product_tag?post=74335"},{"taxonomy":"berocket_brand","embeddable":true,"href":"https:\/\/watchdeluxe.it\/es\/wp-json\/wp\/v2\/berocket_brand?post=74335"},{"taxonomy":"woo-feed-brand","embeddable":true,"href":"https:\/\/watchdeluxe.it\/es\/wp-json\/wp\/v2\/woo-feed-brand?post=74335"}],"curies":[{"name":"wp","href":"https:\/\/api.w.org\/{rel}","templated":true}]}}