{"id":74234,"date":"2023-03-17T19:17:21","date_gmt":"2023-03-17T18:17:21","guid":{"rendered":"https:\/\/watchdeluxe.it\/prodotto\/longines-legend-diver-l37744500\/"},"modified":"2026-04-06T06:10:58","modified_gmt":"2026-04-06T04:10:58","slug":"longines-legend-diver-l37744500","status":"publish","type":"product","link":"https:\/\/watchdeluxe.it\/es\/prodotto\/longines-legend-diver-l37744500\/","title":{"rendered":"Longines Legend Diver L37744500"},"content":{"rendered":"<table>\n<tbody>\n<tr>\n<td><strong>N\u00famero de la oferta<\/strong><\/td>\n<td><span class=\"pointer text-link jq-watch-shortlink\">6PT6C6<\/span><\/td>\n<\/tr>\n<tr>\n<td><strong>N\u00famero de referencia<\/strong><\/td>\n<td>L37744500<\/td>\n<\/tr>\n<tr>\n<td><strong>Marca<\/strong><\/td>\n<td>Longines<\/td>\n<\/tr>\n<tr>\n<td><strong>Modelo (Reloj)<\/strong><\/td>\n<td>Legend Diver<\/td>\n<\/tr>\n<tr>\n<td><strong>Movimiento<\/strong><\/td>\n<td>Autom\u00e1tico<\/td>\n<\/tr>\n<tr>\n<td><strong>Material de la caja<\/strong><\/td>\n<td>Acero<\/td>\n<\/tr>\n<tr>\n<td><strong>Estado<\/strong><\/td>\n<td>Nuevo (a estrenar y sin se\u00f1ales de uso)<\/td>\n<\/tr>\n<tr>\n<td><strong>Accesorios<\/strong><\/td>\n<td><i class=\"i-info js-popover text-muted pointer pull-right\"><\/i> Con caja original y documentos originales<\/td>\n<\/tr>\n<tr>\n<td><strong>Sexo<\/strong><\/td>\n<td>Reloj de hombre\/Unisex<\/td>\n<\/tr>\n<tr>\n<td><strong>Ubicaci\u00f3n<\/strong><\/td>\n<td>Italia, Tur\u00edn<\/td>\n<\/tr>\n<\/tbody>\n<tbody>\n<tr>\n<td colspan=\"2\">\n<p class=\"h3 text-left m-b-0\">Calibre<\/p>\n<\/td>\n<\/tr>\n<tr>\n<td><strong>Movimiento<\/strong><\/td>\n<td>Autom\u00e1tico<\/td>\n<\/tr>\n<\/tbody>\n<tbody>\n<tr>\n<td colspan=\"2\">\n<p class=\"h3 text-left m-b-0\">Caso<\/p>\n<\/td>\n<\/tr>\n<tr>\n<td><strong>Material de la caja<\/strong><\/td>\n<td>Acero<\/td>\n<\/tr>\n<tr>\n<td><strong>Di\u00e1metro<\/strong><\/td>\n<td>42 mm<\/td>\n<\/tr>\n<tr>\n<td><strong>Cristal<\/strong><\/td>\n<td>Cristal de zafiro<\/td>\n<\/tr>\n<tr>\n<td><strong>Esfera<\/strong><\/td>\n<td>Negro<\/td>\n<\/tr>\n<\/tbody>\n<tbody>\n<tr>\n<td colspan=\"2\">\n<p class=\"h3 text-left m-b-0\">Correa<\/p>\n<\/td>\n<\/tr>\n<tr>\n<td><strong>Color de la correa<\/strong><\/td>\n<td>Negro<\/td>\n<\/tr>\n<\/tbody>\n<\/table>\n","protected":false},"excerpt":{"rendered":"<p>N\u00famero de la oferta 6PT6C6 N\u00famero de referencia L37744500 Marca Longines Modelo (Reloj) Legend Diver Movimiento Autom\u00e1tico Material de la caja Acero Estado Nuevo (a estrenar y sin se\u00f1ales de uso) Accesorios Con caja original y documentos originales Sexo Reloj de hombre\/Unisex Ubicaci\u00f3n Italia, Tur\u00edn Calibre Movimiento Autom\u00e1tico Caso Material de la caja Acero Di\u00e1metro [&hellip;]<\/p>\n","protected":false},"featured_media":150834,"template":"","meta":{"_crdt_document":"","advanced_seo_description":"","jetpack_seo_html_title":"","jetpack_seo_noindex":false},"product_brand":[],"product_cat":[2187],"product_tag":[2980,2269,2837],"berocket_brand":[],"woo-feed-brand":[],"class_list":{"0":"post-74234","1":"product","2":"type-product","3":"status-publish","4":"has-post-thumbnail","6":"product_cat-longines-es","7":"product_tag-hydroconquest-es","8":"product_tag-leyenda","9":"product_tag-cuarzo","11":"first","12":"instock","13":"sale","14":"taxable","15":"shipping-taxable","16":"purchasable","17":"product-type-simple"},"bundled_by":[],"bundle_stock_status":"instock","bundle_stock_quantity":1,"bundle_virtual":false,"bundle_layout":"","bundle_add_to_cart_form_location":"","bundle_editable_in_cart":false,"bundle_sold_individually_context":"","bundle_item_grouping":"","bundle_min_size":"","bundle_max_size":"","bundle_price":[],"bundled_items":[],"bundle_sell_ids":[],"group_of_quantity":0,"min_quantity":0,"max_quantity":"","exclude_order_quantity_value_rules":"no","exclude_category_quantity_rules":"no","combine_variations":"no","exclude_global_add_ons":[],"addons":[],"jetpack_sharing_enabled":true,"jetpack_likes_enabled":true,"_links":{"self":[{"href":"https:\/\/watchdeluxe.it\/es\/wp-json\/wp\/v2\/product\/74234","targetHints":{"allow":["GET"]}}],"collection":[{"href":"https:\/\/watchdeluxe.it\/es\/wp-json\/wp\/v2\/product"}],"about":[{"href":"https:\/\/watchdeluxe.it\/es\/wp-json\/wp\/v2\/types\/product"}],"wp:featuredmedia":[{"embeddable":true,"href":"https:\/\/watchdeluxe.it\/es\/wp-json\/wp\/v2\/media\/150834"}],"wp:attachment":[{"href":"https:\/\/watchdeluxe.it\/es\/wp-json\/wp\/v2\/media?parent=74234"}],"wp:term":[{"taxonomy":"product_brand","embeddable":true,"href":"https:\/\/watchdeluxe.it\/es\/wp-json\/wp\/v2\/product_brand?post=74234"},{"taxonomy":"product_cat","embeddable":true,"href":"https:\/\/watchdeluxe.it\/es\/wp-json\/wp\/v2\/product_cat?post=74234"},{"taxonomy":"product_tag","embeddable":true,"href":"https:\/\/watchdeluxe.it\/es\/wp-json\/wp\/v2\/product_tag?post=74234"},{"taxonomy":"berocket_brand","embeddable":true,"href":"https:\/\/watchdeluxe.it\/es\/wp-json\/wp\/v2\/berocket_brand?post=74234"},{"taxonomy":"woo-feed-brand","embeddable":true,"href":"https:\/\/watchdeluxe.it\/es\/wp-json\/wp\/v2\/woo-feed-brand?post=74234"}],"curies":[{"name":"wp","href":"https:\/\/api.w.org\/{rel}","templated":true}]}}