{"id":74217,"date":"2023-03-17T19:17:22","date_gmt":"2023-03-17T18:17:22","guid":{"rendered":"https:\/\/watchdeluxe.it\/prodotto\/longines-elegant-esfera-blanca-l49104112\/"},"modified":"2026-04-06T06:09:08","modified_gmt":"2026-04-06T04:09:08","slug":"longines-elegant-dial-white-l49104112","status":"publish","type":"product","link":"https:\/\/watchdeluxe.it\/es\/prodotto\/longines-elegant-dial-white-l49104112\/","title":{"rendered":"Longines Elegant esfera blanca L49104112"},"content":{"rendered":"<table>\n<tbody>\n<tr>\n<td><strong>N\u00famero de oferta<\/strong><\/td>\n<td><span class=\"pointer text-link jq-watch-shortlink\">6PT871<\/span><\/td>\n<\/tr>\n<tr>\n<td><strong>N\u00famero de referencia<\/strong><\/td>\n<td>L4.910.4.11.2<\/td>\n<\/tr>\n<tr>\n<td><strong>Marca<\/strong><\/td>\n<td>Longines<\/td>\n<\/tr>\n<tr>\n<td><strong>Modelo (Reloj)<\/strong><\/td>\n<td>Elegant<\/td>\n<\/tr>\n<tr>\n<td><strong>Movimiento<\/strong><\/td>\n<td>Autom\u00e1tico<\/td>\n<\/tr>\n<tr>\n<td><strong>Material de la caja<\/strong><\/td>\n<td>Acero<\/td>\n<\/tr>\n<tr>\n<td><strong>Material de la correa<\/strong><\/td>\n<td>Piel de cocodrilo<\/td>\n<\/tr>\n<tr>\n<td><strong>Estado<\/strong><\/td>\n<td>Nuevo (a estrenar y sin se\u00f1ales de uso)<\/td>\n<\/tr>\n<tr>\n<td><strong>Accesorios<\/strong><\/td>\n<td><i class=\"i-info js-popover text-muted pointer pull-right\"><\/i> Con caja original y documentos originales<\/td>\n<\/tr>\n<tr>\n<td><strong>Ubicaci\u00f3n<\/strong><\/td>\n<td>Italia, Tur\u00edn<\/td>\n<\/tr>\n<\/tbody>\n<tbody>\n<tr>\n<td colspan=\"2\">\n<p class=\"h3 text-left m-b-0\">Calibre<\/p>\n<\/td>\n<\/tr>\n<tr>\n<td><strong>Movimiento<\/strong><\/td>\n<td>Autom\u00e1tico<\/td>\n<\/tr>\n<\/tbody>\n<tbody>\n<tr>\n<td colspan=\"2\">\n<p class=\"h3 text-left m-b-0\">Caso<\/p>\n<\/td>\n<\/tr>\n<tr>\n<td><strong>Material de la caja<\/strong><\/td>\n<td>Acero<\/td>\n<\/tr>\n<tr>\n<td><strong>Di\u00e1metro<\/strong><\/td>\n<td>39 mm<\/td>\n<\/tr>\n<tr>\n<td><strong>Cristal<\/strong><\/td>\n<td>Cristal de zafiro<\/td>\n<\/tr>\n<tr>\n<td><strong>Esfera<\/strong><\/td>\n<td>Blanco<\/td>\n<\/tr>\n<\/tbody>\n<tbody>\n<tr>\n<td colspan=\"2\">\n<p class=\"h3 text-left m-b-0\">Correa<\/p>\n<\/td>\n<\/tr>\n<tr>\n<td><strong>Material de la correa<\/strong><\/td>\n<td>Piel de cocodrilo<\/td>\n<\/tr>\n<tr>\n<td><strong>Color de la correa<\/strong><\/td>\n<td>Negro<\/td>\n<\/tr>\n<\/tbody>\n<\/table>\n","protected":false},"excerpt":{"rendered":"<p>N\u00famero de oferta 6PT871 N\u00famero de referencia L4.910.4.11.2 Marca Longines Modelo (Reloj) Elegant Movimiento Autom\u00e1tico Material de la caja Acero Material de la correa Piel de cocodrilo Estado Nuevo (a estrenar y sin se\u00f1ales de uso) Accesorios Con caja original y documentos originales Ubicaci\u00f3n Italia, Tur\u00edn Calibre Movimiento Autom\u00e1tico Caso Material de la caja Acero [&hellip;]<\/p>\n","protected":false},"featured_media":149950,"template":"","meta":{"_crdt_document":"","advanced_seo_description":"","jetpack_seo_html_title":"","jetpack_seo_noindex":false,"jetpack_post_was_ever_published":false},"product_brand":[],"product_cat":[2187],"product_tag":[2984,2980,2837],"berocket_brand":[],"woo-feed-brand":[],"class_list":{"0":"post-74217","1":"product","2":"type-product","3":"status-publish","4":"has-post-thumbnail","6":"product_cat-longines-es","7":"product_tag-elegante","8":"product_tag-hydroconquest-es","9":"product_tag-cuarzo","11":"first","12":"instock","13":"sale","14":"taxable","15":"shipping-taxable","16":"purchasable","17":"product-type-simple"},"bundled_by":[],"bundle_stock_status":"instock","bundle_stock_quantity":1,"bundle_virtual":false,"bundle_layout":"","bundle_add_to_cart_form_location":"","bundle_editable_in_cart":false,"bundle_sold_individually_context":"","bundle_item_grouping":"","bundle_min_size":"","bundle_max_size":"","bundle_price":[],"bundled_items":[],"bundle_sell_ids":[],"group_of_quantity":0,"min_quantity":0,"max_quantity":"","exclude_order_quantity_value_rules":"no","exclude_category_quantity_rules":"no","combine_variations":"no","exclude_global_add_ons":[],"addons":[],"jetpack_sharing_enabled":true,"jetpack_likes_enabled":true,"_links":{"self":[{"href":"https:\/\/watchdeluxe.it\/es\/wp-json\/wp\/v2\/product\/74217","targetHints":{"allow":["GET"]}}],"collection":[{"href":"https:\/\/watchdeluxe.it\/es\/wp-json\/wp\/v2\/product"}],"about":[{"href":"https:\/\/watchdeluxe.it\/es\/wp-json\/wp\/v2\/types\/product"}],"wp:featuredmedia":[{"embeddable":true,"href":"https:\/\/watchdeluxe.it\/es\/wp-json\/wp\/v2\/media\/149950"}],"wp:attachment":[{"href":"https:\/\/watchdeluxe.it\/es\/wp-json\/wp\/v2\/media?parent=74217"}],"wp:term":[{"taxonomy":"product_brand","embeddable":true,"href":"https:\/\/watchdeluxe.it\/es\/wp-json\/wp\/v2\/product_brand?post=74217"},{"taxonomy":"product_cat","embeddable":true,"href":"https:\/\/watchdeluxe.it\/es\/wp-json\/wp\/v2\/product_cat?post=74217"},{"taxonomy":"product_tag","embeddable":true,"href":"https:\/\/watchdeluxe.it\/es\/wp-json\/wp\/v2\/product_tag?post=74217"},{"taxonomy":"berocket_brand","embeddable":true,"href":"https:\/\/watchdeluxe.it\/es\/wp-json\/wp\/v2\/berocket_brand?post=74217"},{"taxonomy":"woo-feed-brand","embeddable":true,"href":"https:\/\/watchdeluxe.it\/es\/wp-json\/wp\/v2\/woo-feed-brand?post=74217"}],"curies":[{"name":"wp","href":"https:\/\/api.w.org\/{rel}","templated":true}]}}