{"id":74119,"date":"2023-03-17T19:10:39","date_gmt":"2023-03-17T18:10:39","guid":{"rendered":"https:\/\/watchdeluxe.it\/prodotto\/longines-conquest-40-mm-l27854766\/"},"modified":"2026-04-08T18:32:35","modified_gmt":"2026-04-08T16:32:35","slug":"longines-conquest-40-mm-l27854766","status":"publish","type":"product","link":"https:\/\/watchdeluxe.it\/es\/prodotto\/longines-conquest-40-mm-l27854766\/","title":{"rendered":"LONGINES Conquest 40 mm L27854766"},"content":{"rendered":"<div>\n<p>Reloj Longines Conquest Classic de caballero con cristal de zafiro y brazalete de acero, esfera plateada. El reloj de lujo es nuevo y nunca usado.&lt;br\/&gt;Detalles:&lt;br\/&gt;Tipo: Reloj de caballero | Correa: acero | Esfera: Plata | Resistente al agua: 50 m | Cristal: cristal de zafiro | Caja: acero inoxidable, Mecanismo: autom\u00e1tico | Di\u00e1metro: 40,00 mm | Calibre: L619 | Reserva: 42 h | Fecha: s\u00ed |<\/p>\n<\/div>\n<ul>\n<li>El reloj para hombre de la marca Longines con caja de acero inoxidable le da en cada atuendo creando una sensaci\u00f3n.<\/li>\n<li>Reloj autom\u00e1tico (anal\u00f3gico) con brazalete de acero inoxidable y cierre desplegable de seguridad<\/li>\n<li>Forma de la carcasa: Redonda, di\u00e1metro aprox. 40 mm<\/li>\n<\/ul>\n","protected":false},"excerpt":{"rendered":"<p>Reloj Longines Conquest Classic de caballero con cristal de zafiro y brazalete de acero, esfera plateada. El reloj de lujo es nuevo y nunca usado.&lt;br\/&gt;Detalles:&lt;br\/&gt;Tipo: Reloj de caballero | Correa: acero | Esfera: Plata | Resistente al agua: 50 m | Cristal: cristal de zafiro | Caja: acero inoxidable, Mecanismo: autom\u00e1tico | Di\u00e1metro: 40,00 mm [&hellip;]<\/p>\n","protected":false},"featured_media":19990,"template":"","meta":{"_crdt_document":"","advanced_seo_description":"","jetpack_seo_html_title":"","jetpack_seo_noindex":false},"product_brand":[],"product_cat":[2187],"product_tag":[2416,2980,2837],"berocket_brand":[],"woo-feed-brand":[],"class_list":{"0":"post-74119","1":"product","2":"type-product","3":"status-publish","4":"has-post-thumbnail","6":"product_cat-longines-es","7":"product_tag-conquista","8":"product_tag-hydroconquest-es","9":"product_tag-cuarzo","11":"first","12":"instock","13":"sale","14":"taxable","15":"shipping-taxable","16":"purchasable","17":"product-type-simple"},"bundled_by":[],"bundle_stock_status":"instock","bundle_stock_quantity":1,"bundle_virtual":false,"bundle_layout":"","bundle_add_to_cart_form_location":"","bundle_editable_in_cart":false,"bundle_sold_individually_context":"","bundle_item_grouping":"","bundle_min_size":"","bundle_max_size":"","bundle_price":[],"bundled_items":[],"bundle_sell_ids":[],"group_of_quantity":0,"min_quantity":0,"max_quantity":"","exclude_order_quantity_value_rules":"no","exclude_category_quantity_rules":"no","combine_variations":"no","exclude_global_add_ons":[],"addons":[],"jetpack_sharing_enabled":true,"jetpack_likes_enabled":true,"_links":{"self":[{"href":"https:\/\/watchdeluxe.it\/es\/wp-json\/wp\/v2\/product\/74119","targetHints":{"allow":["GET"]}}],"collection":[{"href":"https:\/\/watchdeluxe.it\/es\/wp-json\/wp\/v2\/product"}],"about":[{"href":"https:\/\/watchdeluxe.it\/es\/wp-json\/wp\/v2\/types\/product"}],"wp:featuredmedia":[{"embeddable":true,"href":"https:\/\/watchdeluxe.it\/es\/wp-json\/wp\/v2\/media\/19990"}],"wp:attachment":[{"href":"https:\/\/watchdeluxe.it\/es\/wp-json\/wp\/v2\/media?parent=74119"}],"wp:term":[{"taxonomy":"product_brand","embeddable":true,"href":"https:\/\/watchdeluxe.it\/es\/wp-json\/wp\/v2\/product_brand?post=74119"},{"taxonomy":"product_cat","embeddable":true,"href":"https:\/\/watchdeluxe.it\/es\/wp-json\/wp\/v2\/product_cat?post=74119"},{"taxonomy":"product_tag","embeddable":true,"href":"https:\/\/watchdeluxe.it\/es\/wp-json\/wp\/v2\/product_tag?post=74119"},{"taxonomy":"berocket_brand","embeddable":true,"href":"https:\/\/watchdeluxe.it\/es\/wp-json\/wp\/v2\/berocket_brand?post=74119"},{"taxonomy":"woo-feed-brand","embeddable":true,"href":"https:\/\/watchdeluxe.it\/es\/wp-json\/wp\/v2\/woo-feed-brand?post=74119"}],"curies":[{"name":"wp","href":"https:\/\/api.w.org\/{rel}","templated":true}]}}