{"id":74005,"date":"2023-03-17T19:15:17","date_gmt":"2023-03-17T18:15:17","guid":{"rendered":"https:\/\/watchdeluxe.it\/prodotto\/tag-heuer-formula-1-cuarzo-correa-de-caucho-41-mm-ref-waz1110-ft8023\/"},"modified":"2026-04-10T17:05:39","modified_gmt":"2026-04-10T15:05:39","slug":"tag-heuer-formula-1al-quarzo-cinturino-in-caucciu-41-mm-ref-waz1110-ft8023","status":"publish","type":"product","link":"https:\/\/watchdeluxe.it\/es\/prodotto\/tag-heuer-formula-1al-quarzo-cinturino-in-caucciu-41-mm-ref-waz1110-ft8023\/","title":{"rendered":"Tag Heuer Formula 1 Cuarzo correa de caucho 41 mm. ref. WAZ1110.FT8023"},"content":{"rendered":"<p>TAG Heuer Innovaci\u00f3n, prestigio, rendimiento y precisi\u00f3n son el alma de TAG Heuer. Pero, sobre todo, hay pasi\u00f3n. Excelencia, precisi\u00f3n y elegancia son los exigentes est\u00e1ndares y el apasionado compromiso que impulsan la fabulosa colecci\u00f3n de relojes suizos de lujo de TAG Heuer. TAGHeuer Cuatro palabras relojeras: prestigio, rendimiento, tecnolog\u00eda punta y fiabilidad absoluta han caracterizado la filosof\u00eda de los relojes de lujo TAG (Techniques d&#8217;Avant Garde) Heuer desde su fundaci\u00f3n en 1860.<\/p>\n<p>Movimiento: Cuarzo<br \/>\nMaterial de la caja: Acero<br \/>\nDimensiones de la caja: 41 mm<br \/>\nCristal: Zafiro<br \/>\nMaterial de la correa: caucho<\/p>\n","protected":false},"excerpt":{"rendered":"<p>TAG Heuer Innovaci\u00f3n, prestigio, rendimiento y precisi\u00f3n son el alma de TAG Heuer. Pero, sobre todo, hay pasi\u00f3n. Excelencia, precisi\u00f3n y elegancia son los exigentes est\u00e1ndares y el apasionado compromiso que impulsan la fabulosa colecci\u00f3n de relojes suizos de lujo de TAG Heuer. TAGHeuer Cuatro palabras relojeras: prestigio, rendimiento, tecnolog\u00eda punta y fiabilidad absoluta han [&hellip;]<\/p>\n","protected":false},"featured_media":170182,"template":"","meta":{"_crdt_document":"","advanced_seo_description":"","jetpack_seo_html_title":"","jetpack_seo_noindex":false},"product_brand":[],"product_cat":[2264],"product_tag":[3966],"berocket_brand":[],"woo-feed-brand":[],"class_list":{"0":"post-74005","1":"product","2":"type-product","3":"status-publish","4":"has-post-thumbnail","6":"product_cat-tag-heuer-es","7":"product_tag-formula-1-es-2","9":"first","10":"instock","11":"sale","12":"taxable","13":"shipping-taxable","14":"purchasable","15":"product-type-simple"},"bundled_by":[],"bundle_stock_status":"instock","bundle_stock_quantity":1,"bundle_virtual":false,"bundle_layout":"","bundle_add_to_cart_form_location":"","bundle_editable_in_cart":false,"bundle_sold_individually_context":"","bundle_item_grouping":"","bundle_min_size":"","bundle_max_size":"","bundle_price":[],"bundled_items":[],"bundle_sell_ids":[],"group_of_quantity":0,"min_quantity":0,"max_quantity":"","exclude_order_quantity_value_rules":"no","exclude_category_quantity_rules":"no","combine_variations":"no","jetpack_sharing_enabled":true,"jetpack_likes_enabled":true,"_links":{"self":[{"href":"https:\/\/watchdeluxe.it\/es\/wp-json\/wp\/v2\/product\/74005","targetHints":{"allow":["GET"]}}],"collection":[{"href":"https:\/\/watchdeluxe.it\/es\/wp-json\/wp\/v2\/product"}],"about":[{"href":"https:\/\/watchdeluxe.it\/es\/wp-json\/wp\/v2\/types\/product"}],"wp:featuredmedia":[{"embeddable":true,"href":"https:\/\/watchdeluxe.it\/es\/wp-json\/wp\/v2\/media\/170182"}],"wp:attachment":[{"href":"https:\/\/watchdeluxe.it\/es\/wp-json\/wp\/v2\/media?parent=74005"}],"wp:term":[{"taxonomy":"product_brand","embeddable":true,"href":"https:\/\/watchdeluxe.it\/es\/wp-json\/wp\/v2\/product_brand?post=74005"},{"taxonomy":"product_cat","embeddable":true,"href":"https:\/\/watchdeluxe.it\/es\/wp-json\/wp\/v2\/product_cat?post=74005"},{"taxonomy":"product_tag","embeddable":true,"href":"https:\/\/watchdeluxe.it\/es\/wp-json\/wp\/v2\/product_tag?post=74005"},{"taxonomy":"berocket_brand","embeddable":true,"href":"https:\/\/watchdeluxe.it\/es\/wp-json\/wp\/v2\/berocket_brand?post=74005"},{"taxonomy":"woo-feed-brand","embeddable":true,"href":"https:\/\/watchdeluxe.it\/es\/wp-json\/wp\/v2\/woo-feed-brand?post=74005"}],"curies":[{"name":"wp","href":"https:\/\/api.w.org\/{rel}","templated":true}]}}