{"id":73654,"date":"2023-03-20T13:45:11","date_gmt":"2023-03-20T12:45:11","guid":{"rendered":"https:\/\/watchdeluxe.it\/prodotto\/montblanc-heritage-collection-pluma-estilografica-rouge-et-noir-baby-edicion-especial-ref-127801\/"},"modified":"2026-04-06T05:53:15","modified_gmt":"2026-04-06T03:53:15","slug":"montblanc-pen-stylographic-heritage-collection-rouge-et-noir-baby-special-edition-ref-127801","status":"publish","type":"product","link":"https:\/\/watchdeluxe.it\/es\/prodotto\/montblanc-pen-stylographic-heritage-collection-rouge-et-noir-baby-special-edition-ref-127801\/","title":{"rendered":"Montblanc Estilogr\u00e1fica Heritage Collection Rouge et Noir \u201cBaby\u201d Edici\u00f3n Especial Ref. 127801"},"content":{"rendered":"<p>Montblanc Estilogr\u00e1fica Heritage Collection Rouge et Noir \u201cBaby\u201d Edici\u00f3n Especial Ref. 127801<\/p>\n<div class=\"picture-thumbs in-carousel\"><\/div>\n<div class=\"overview\">\n<div class=\"short-description\">Montblanc Heritage Collection Rouge et Noir &#8216;Baby&#8217; celebra el esp\u00edritu pionero y la rica tradici\u00f3n de la Maison. Inspirada en las plumas &#8216;Baby&#8217; de los a\u00f1os 20, Montblanc reinterpreta este dise\u00f1o revolucionario para la \u00e9poca en clave moderna. El nombre es una referencia juguetona al peque\u00f1o tama\u00f1o de este modelo, en comparaci\u00f3n con otros art\u00edculos de escritura Montblanc. Creado en preciosa laca negra con detalles en acabado platino, est\u00e1 coronado por el emblema Montblanc en resina preciosa, rodeado por el ic\u00f3nico tono coral de la colecci\u00f3n Rouge et Noir. El plum\u00edn de oro macizo Au585, hecho a mano, presenta un dise\u00f1o del Mont Blanc.<\/div>\n<\/div>\n","protected":false},"excerpt":{"rendered":"<p>Montblanc Estilogr\u00e1fica Heritage Collection Rouge et Noir \u201cBaby\u201d Edici\u00f3n Especial Ref. 127801 Montblanc Heritage Collection Rouge et Noir &#8216;Baby&#8217; celebra el esp\u00edritu pionero y la rica tradici\u00f3n de la Maison. Inspirada en las plumas &#8216;Baby&#8217; de los a\u00f1os 20, Montblanc reinterpreta este dise\u00f1o revolucionario para la \u00e9poca en clave moderna. El nombre es una referencia [&hellip;]<\/p>\n","protected":false},"featured_media":148390,"template":"","meta":{"_crdt_document":"","advanced_seo_description":"","jetpack_seo_html_title":"","jetpack_seo_noindex":false},"product_brand":[],"product_cat":[2247],"product_tag":[2258],"berocket_brand":[],"woo-feed-brand":[],"class_list":{"0":"post-73654","1":"product","2":"type-product","3":"status-publish","4":"has-post-thumbnail","6":"product_cat-montblanc-es","7":"product_tag-boligrafos","9":"first","10":"instock","11":"sale","12":"taxable","13":"shipping-taxable","14":"purchasable","15":"product-type-simple"},"bundled_by":[],"bundle_stock_status":"instock","bundle_stock_quantity":1,"bundle_virtual":false,"bundle_layout":"","bundle_add_to_cart_form_location":"","bundle_editable_in_cart":false,"bundle_sold_individually_context":"","bundle_item_grouping":"","bundle_min_size":"","bundle_max_size":"","bundle_price":[],"bundled_items":[],"bundle_sell_ids":[],"group_of_quantity":0,"min_quantity":0,"max_quantity":"","exclude_order_quantity_value_rules":"no","exclude_category_quantity_rules":"no","combine_variations":"no","exclude_global_add_ons":[],"addons":[],"jetpack_sharing_enabled":true,"jetpack_likes_enabled":true,"_links":{"self":[{"href":"https:\/\/watchdeluxe.it\/es\/wp-json\/wp\/v2\/product\/73654","targetHints":{"allow":["GET"]}}],"collection":[{"href":"https:\/\/watchdeluxe.it\/es\/wp-json\/wp\/v2\/product"}],"about":[{"href":"https:\/\/watchdeluxe.it\/es\/wp-json\/wp\/v2\/types\/product"}],"wp:featuredmedia":[{"embeddable":true,"href":"https:\/\/watchdeluxe.it\/es\/wp-json\/wp\/v2\/media\/148390"}],"wp:attachment":[{"href":"https:\/\/watchdeluxe.it\/es\/wp-json\/wp\/v2\/media?parent=73654"}],"wp:term":[{"taxonomy":"product_brand","embeddable":true,"href":"https:\/\/watchdeluxe.it\/es\/wp-json\/wp\/v2\/product_brand?post=73654"},{"taxonomy":"product_cat","embeddable":true,"href":"https:\/\/watchdeluxe.it\/es\/wp-json\/wp\/v2\/product_cat?post=73654"},{"taxonomy":"product_tag","embeddable":true,"href":"https:\/\/watchdeluxe.it\/es\/wp-json\/wp\/v2\/product_tag?post=73654"},{"taxonomy":"berocket_brand","embeddable":true,"href":"https:\/\/watchdeluxe.it\/es\/wp-json\/wp\/v2\/berocket_brand?post=73654"},{"taxonomy":"woo-feed-brand","embeddable":true,"href":"https:\/\/watchdeluxe.it\/es\/wp-json\/wp\/v2\/woo-feed-brand?post=73654"}],"curies":[{"name":"wp","href":"https:\/\/api.w.org\/{rel}","templated":true}]}}