{"id":73590,"date":"2023-03-20T13:45:26","date_gmt":"2023-03-20T12:45:26","guid":{"rendered":"https:\/\/watchdeluxe.it\/prodotto\/cinturon-de-hombre-montblanc-ref-109766\/"},"modified":"2026-04-06T01:30:57","modified_gmt":"2026-04-05T23:30:57","slug":"montblanc-cintura-uomo-ref-109766","status":"publish","type":"product","link":"https:\/\/watchdeluxe.it\/es\/prodotto\/montblanc-cintura-uomo-ref-109766\/","title":{"rendered":"CINTUR\u00d3N MONTBLANC HOMBRE REF. 109766"},"content":{"rendered":"<p>CINTUR\u00d3N MONTBLANC HOMBRE REF. 109766<\/p>\n<div class=\"col-12 col-md-6 pe-3 d-flex pb-1\"><span class=\"col-auto tag_name\">marca<\/span> <span class=\"col-auto tag_value\"><br \/>\n  <a href=\"https:\/\/www.corsovinci.com\/collections\/montblanc\/marchio-montblanc\"><br \/>\n    <i>Montblanc<\/i><br \/>\n  <\/a><br \/>\n<\/span><\/div>\n<div class=\"col-12 col-md-6 pe-3 d-flex pb-1\"><span class=\"col-auto tag_name\">colecci\u00f3n<\/span> <span class=\"col-auto tag_value\"><br \/>\n  <a href=\"https:\/\/www.corsovinci.com\/collections\/montblanc\/collezione-montblanc\"><br \/>\n    <i>Montblanc<\/i><br \/>\n  <\/a><br \/>\n<\/span><\/div>\n<div class=\"col-12 col-md-6 pe-3 d-flex pb-1\"><span class=\"col-auto tag_name\">categor\u00eda<\/span> <span class=\"col-auto tag_value\"><br \/>\n  <a href=\"https:\/\/www.corsovinci.com\/collections\/montblanc\/categoria-pelletteria\"><br \/>\n    <i>Art\u00edculos de cuero<\/i><br \/>\n  <\/a><br \/>\n<\/span><\/div>\n<div class=\"col-12 col-md-6 pe-3 d-flex pb-1\"><span class=\"col-auto tag_name\">subcategor\u00eda<\/span> <span class=\"col-auto tag_value\"><br \/>\n  <a href=\"https:\/\/www.corsovinci.com\/collections\/montblanc\/sottocategoria-cinture-in-pelle\"><br \/>\n    <i>Cinturones de cuero<\/i><br \/>\n  <\/a><br \/>\n<\/span><\/div>\n<div class=\"col-12 col-md-6 pe-3 d-flex pb-1\"><span class=\"col-auto tag_name\">color<\/span> <span class=\"col-auto tag_value\"><br \/>\n  <a href=\"https:\/\/www.corsovinci.com\/collections\/montblanc\/colore-marrone\"><br \/>\n    <i>Marr\u00f3n<\/i><br \/>\n  <\/a><br \/>\n<\/span><\/div>\n<div class=\"col-12 col-md-6 pe-3 d-flex pb-1\"><span class=\"col-auto tag_name\">di\u00e1metro del anillo<\/span> <span class=\"col-auto tag_value\"><br \/>\n  <a href=\"https:\/\/www.corsovinci.com\/collections\/montblanc\/diametro-anello-120\"><br \/>\n    <i>120<\/i><br \/>\n  <\/a><br \/>\n<\/span><\/div>\n<div class=\"col-12 col-md-6 pe-3 d-flex pb-1\"><span class=\"col-auto tag_name\">g\u00e9nero<\/span> <span class=\"col-auto tag_value\"><br \/>\n  <a href=\"https:\/\/www.corsovinci.com\/collections\/montblanc\/genere-uomo\"><br \/>\n    <i>Hombre<\/i><br \/>\n  <\/a><br \/>\n<\/span><\/div>\n<div class=\"col-12 col-md-6 pe-3 d-flex pb-1\"><span class=\"col-auto tag_value\"><i>CUERO<\/i><\/span><\/div>\n","protected":false},"excerpt":{"rendered":"<p>CINTUR\u00d3N MONTBLANC HOMBRE REF. 109766 marca Montblanc colecci\u00f3n Montblanc categor\u00eda Art\u00edculos de cuero subcategor\u00eda Cinturones de cuero color Marr\u00f3n di\u00e1metro del anillo 120 g\u00e9nero Hombre CUERO<\/p>\n","protected":false},"featured_media":169926,"template":"","meta":{"_crdt_document":"","advanced_seo_description":"","jetpack_seo_html_title":"","jetpack_seo_noindex":false},"product_brand":[],"product_cat":[2247],"product_tag":[2448],"berocket_brand":[],"woo-feed-brand":[],"class_list":{"0":"post-73590","1":"product","2":"type-product","3":"status-publish","4":"has-post-thumbnail","6":"product_cat-montblanc-es","7":"product_tag-cinturon","9":"first","10":"instock","11":"sale","12":"taxable","13":"shipping-taxable","14":"purchasable","15":"product-type-simple"},"bundled_by":[],"bundle_stock_status":"instock","bundle_stock_quantity":1,"bundle_virtual":false,"bundle_layout":"","bundle_add_to_cart_form_location":"","bundle_editable_in_cart":false,"bundle_sold_individually_context":"","bundle_item_grouping":"","bundle_min_size":"","bundle_max_size":"","bundle_price":[],"bundled_items":[],"bundle_sell_ids":[],"group_of_quantity":0,"min_quantity":0,"max_quantity":"","exclude_order_quantity_value_rules":"no","exclude_category_quantity_rules":"no","combine_variations":"no","exclude_global_add_ons":[],"addons":[],"jetpack_sharing_enabled":true,"jetpack_likes_enabled":true,"_links":{"self":[{"href":"https:\/\/watchdeluxe.it\/es\/wp-json\/wp\/v2\/product\/73590","targetHints":{"allow":["GET"]}}],"collection":[{"href":"https:\/\/watchdeluxe.it\/es\/wp-json\/wp\/v2\/product"}],"about":[{"href":"https:\/\/watchdeluxe.it\/es\/wp-json\/wp\/v2\/types\/product"}],"wp:featuredmedia":[{"embeddable":true,"href":"https:\/\/watchdeluxe.it\/es\/wp-json\/wp\/v2\/media\/169926"}],"wp:attachment":[{"href":"https:\/\/watchdeluxe.it\/es\/wp-json\/wp\/v2\/media?parent=73590"}],"wp:term":[{"taxonomy":"product_brand","embeddable":true,"href":"https:\/\/watchdeluxe.it\/es\/wp-json\/wp\/v2\/product_brand?post=73590"},{"taxonomy":"product_cat","embeddable":true,"href":"https:\/\/watchdeluxe.it\/es\/wp-json\/wp\/v2\/product_cat?post=73590"},{"taxonomy":"product_tag","embeddable":true,"href":"https:\/\/watchdeluxe.it\/es\/wp-json\/wp\/v2\/product_tag?post=73590"},{"taxonomy":"berocket_brand","embeddable":true,"href":"https:\/\/watchdeluxe.it\/es\/wp-json\/wp\/v2\/berocket_brand?post=73590"},{"taxonomy":"woo-feed-brand","embeddable":true,"href":"https:\/\/watchdeluxe.it\/es\/wp-json\/wp\/v2\/woo-feed-brand?post=73590"}],"curies":[{"name":"wp","href":"https:\/\/api.w.org\/{rel}","templated":true}]}}