{"id":73572,"date":"2023-03-20T13:45:34","date_gmt":"2023-03-20T12:45:34","guid":{"rendered":"https:\/\/watchdeluxe.it\/prodotto\/montblanc-patrona-del-arte-pluma-estilografica-homenaje-a-victoria-edicion-limitada-4810-ref-127847\/"},"modified":"2026-04-06T05:50:26","modified_gmt":"2026-04-06T03:50:26","slug":"montblanc-patron-del-arte-homenaje-a-victoria-edicion-limitada-4810-ref-127847","status":"publish","type":"product","link":"https:\/\/watchdeluxe.it\/es\/prodotto\/montblanc-patron-del-arte-homenaje-a-victoria-edicion-limitada-4810-ref-127847\/","title":{"rendered":"Estilogr\u00e1fica Montblanc Patron of Art Homage to Victoria Limited Edition 4810 Ref. 127847"},"content":{"rendered":"<p>Estilogr\u00e1fica Montblanc Patron of Art Homage to Victoria Limited Edition 4810 Ref. 127847<\/p>\n<div class=\"short-description\">En 2022, la Montblanc Patron of Art Edition est\u00e1 dedicada a la Reina Victoria y al Pr\u00edncipe Alberto. La Edici\u00f3n Limitada 4810 es una espl\u00e9ndida edici\u00f3n doble: una rinde homenaje a la Reina Victoria, la otra al Pr\u00edncipe Consorte Alberto. La Montblanc Patron of Art Homage to Victoria Edici\u00f3n Limitada 4810 rinde homenaje a la joven Victoria y presenta un cuerpo lacado en blanco perla y un capuch\u00f3n lacado en verde menta transl\u00facido con un motivo victoriano debajo. Los acabados son en oro exclusivo. La forma del broche es un homenaje a su cetro, mientras que la gema sint\u00e9tica verde oscuro rinde homenaje a su anillo de compromiso. La parte superior del capuch\u00f3n se inspira en la corona real y est\u00e1 adornada con el emblema Montblanc en fina resina blanca. El anillo del tap\u00f3n lleva grabadas las palabras &#8220;Ser\u00e9 bueno&#8221;, mientras que el cono est\u00e1 decorado con un grabado especial. En homenaje al apodo de Victoria, &#8220;la rosa de Inglaterra&#8221;, el plum\u00edn de oro Au 750 macizo trabajado a mano lleva el grabado de una rosa. Con un revestimiento exclusivo de oro y\/o dorado, Montblanc describe el tono luminoso del oro amarillo que se ha convertido en un s\u00edmbolo de los art\u00edculos de escritura de la Maison.<\/div>\n<p>&nbsp;<\/p>\n<p>&nbsp;<\/p>\n<div class=\"product-collateral\">\n<div class=\"product-specs-box\">\n<div class=\"title\"><strong>Detalles del producto<\/strong><\/div>\n<div class=\"table-wrapper\">\n<table class=\"data-table\">\n<colgroup>\n<col width=\"25%\">\n<col> <\/colgroup>\n<tbody>\n<tr class=\"odd\">\n<td class=\"spec-name\">Marca<\/td>\n<td class=\"spec-value\">Montblanc<\/td>\n<\/tr>\n<tr class=\"even\">\n<td class=\"spec-name\">L\u00ednea<\/td>\n<td class=\"spec-value\">Writers Edition<\/td>\n<\/tr>\n<tr class=\"odd\">\n<td class=\"spec-name\">Tipolog\u00eda<\/td>\n<td class=\"spec-value\">Estilogr\u00e1fica<\/td>\n<\/tr>\n<tr class=\"even\">\n<td class=\"spec-name\">COLOR<\/td>\n<td class=\"spec-value\">BLANCO<\/td>\n<\/tr>\n<\/tbody>\n<\/table>\n<\/div>\n<\/div>\n<\/div>\n","protected":false},"excerpt":{"rendered":"<p>Estilogr\u00e1fica Montblanc Patron of Art Homage to Victoria Limited Edition 4810 Ref. 127847 En 2022, la Montblanc Patron of Art Edition est\u00e1 dedicada a la Reina Victoria y al Pr\u00edncipe Alberto. La Edici\u00f3n Limitada 4810 es una espl\u00e9ndida edici\u00f3n doble: una rinde homenaje a la Reina Victoria, la otra al Pr\u00edncipe Consorte Alberto. La Montblanc [&hellip;]<\/p>\n","protected":false},"featured_media":164353,"template":"","meta":{"_crdt_document":"","advanced_seo_description":"","jetpack_seo_html_title":"","jetpack_seo_noindex":false},"product_brand":[],"product_cat":[2247],"product_tag":[2502,2258],"berocket_brand":[],"woo-feed-brand":[],"class_list":{"0":"post-73572","1":"product","2":"type-product","3":"status-publish","4":"has-post-thumbnail","6":"product_cat-montblanc-es","7":"product_tag-boligrafo","8":"product_tag-boligrafos","10":"first","11":"instock","12":"sale","13":"taxable","14":"shipping-taxable","15":"purchasable","16":"product-type-simple"},"bundled_by":[],"bundle_stock_status":"instock","bundle_stock_quantity":1,"bundle_virtual":false,"bundle_layout":"","bundle_add_to_cart_form_location":"","bundle_editable_in_cart":false,"bundle_sold_individually_context":"","bundle_item_grouping":"","bundle_min_size":"","bundle_max_size":"","bundle_price":[],"bundled_items":[],"bundle_sell_ids":[],"group_of_quantity":0,"min_quantity":0,"max_quantity":"","exclude_order_quantity_value_rules":"no","exclude_category_quantity_rules":"no","combine_variations":"no","jetpack_sharing_enabled":true,"jetpack_likes_enabled":true,"_links":{"self":[{"href":"https:\/\/watchdeluxe.it\/es\/wp-json\/wp\/v2\/product\/73572","targetHints":{"allow":["GET"]}}],"collection":[{"href":"https:\/\/watchdeluxe.it\/es\/wp-json\/wp\/v2\/product"}],"about":[{"href":"https:\/\/watchdeluxe.it\/es\/wp-json\/wp\/v2\/types\/product"}],"wp:featuredmedia":[{"embeddable":true,"href":"https:\/\/watchdeluxe.it\/es\/wp-json\/wp\/v2\/media\/164353"}],"wp:attachment":[{"href":"https:\/\/watchdeluxe.it\/es\/wp-json\/wp\/v2\/media?parent=73572"}],"wp:term":[{"taxonomy":"product_brand","embeddable":true,"href":"https:\/\/watchdeluxe.it\/es\/wp-json\/wp\/v2\/product_brand?post=73572"},{"taxonomy":"product_cat","embeddable":true,"href":"https:\/\/watchdeluxe.it\/es\/wp-json\/wp\/v2\/product_cat?post=73572"},{"taxonomy":"product_tag","embeddable":true,"href":"https:\/\/watchdeluxe.it\/es\/wp-json\/wp\/v2\/product_tag?post=73572"},{"taxonomy":"berocket_brand","embeddable":true,"href":"https:\/\/watchdeluxe.it\/es\/wp-json\/wp\/v2\/berocket_brand?post=73572"},{"taxonomy":"woo-feed-brand","embeddable":true,"href":"https:\/\/watchdeluxe.it\/es\/wp-json\/wp\/v2\/woo-feed-brand?post=73572"}],"curies":[{"name":"wp","href":"https:\/\/api.w.org\/{rel}","templated":true}]}}