{"id":73547,"date":"2023-03-20T13:45:37","date_gmt":"2023-03-20T12:45:37","guid":{"rendered":"https:\/\/watchdeluxe.it\/prodotto\/montblanc-cinturon-reversible-con-gancho-de-herradura-montblanc-129441\/"},"modified":"2026-01-21T15:06:32","modified_gmt":"2026-01-21T14:06:32","slug":"montblanc-cinturon-reversible-con-gancho-montblanc-129441","status":"publish","type":"product","link":"https:\/\/watchdeluxe.it\/es\/prodotto\/montblanc-cinturon-reversible-con-gancho-montblanc-129441\/","title":{"rendered":"Montblanc Cintur\u00f3n reversible con gancho de herradura Montblanc 129441"},"content":{"rendered":"<p>Montblanc Cintur\u00f3n reversible con gancho de herradura Montblanc 129441<\/p>\n<div id=\"description\" class=\"tab-pane fade in active\" role=\"tabpanel\">\n<div class=\"product-description\">\n<p><strong>Hebilla<\/strong><\/p>\n<p>Forma de herradura<\/p>\n<p><strong>Material<\/strong><\/p>\n<p>Acero inoxidable<\/p>\n<p><strong>Mecanismo<\/strong><\/p>\n<p>Mecanismo de apertura f\u00e1cil para ajustar la longitud de la correa<\/p>\n<p><strong>Emblema  <\/strong><\/p>\n<p>Emblema Montblanc en lazo met\u00e1lico<\/p>\n<p><strong>Material de la correa<\/strong><\/p>\n<p>Piel de vaqueta reversible marr\u00f3n y ahumada<\/p>\n<p><strong>Longitud y anchura de la correa<\/strong><\/p>\n<p>120 x 0,5 x 3,5<\/p>\n<\/div>\n<\/div>\n","protected":false},"excerpt":{"rendered":"<p>Montblanc Cintur\u00f3n reversible con gancho de herradura Montblanc 129441 Hebilla Forma de herradura Material Acero inoxidable Mecanismo Mecanismo de apertura f\u00e1cil para ajustar la longitud de la correa Emblema Emblema Montblanc en lazo met\u00e1lico Material de la correa Piel de vaqueta reversible marr\u00f3n y ahumada Longitud y anchura de la correa 120 x 0,5 x [&hellip;]<\/p>\n","protected":false},"featured_media":164101,"template":"","meta":{"_crdt_document":"","advanced_seo_description":"","jetpack_seo_html_title":"","jetpack_seo_noindex":false},"product_brand":[],"product_cat":[2247],"product_tag":[2448],"berocket_brand":[],"woo-feed-brand":[],"class_list":{"0":"post-73547","1":"product","2":"type-product","3":"status-publish","4":"has-post-thumbnail","6":"product_cat-montblanc-es","7":"product_tag-cinturon","9":"first","10":"instock","11":"sale","12":"taxable","13":"shipping-taxable","14":"purchasable","15":"product-type-simple"},"bundled_by":[],"bundle_stock_status":"instock","bundle_stock_quantity":1,"bundle_virtual":false,"bundle_layout":"","bundle_add_to_cart_form_location":"","bundle_editable_in_cart":false,"bundle_sold_individually_context":"","bundle_item_grouping":"","bundle_min_size":"","bundle_max_size":"","bundle_price":[],"bundled_items":[],"bundle_sell_ids":[],"group_of_quantity":0,"min_quantity":0,"max_quantity":"","exclude_order_quantity_value_rules":"no","exclude_category_quantity_rules":"no","combine_variations":"no","exclude_global_add_ons":[],"addons":[],"jetpack_sharing_enabled":true,"jetpack_likes_enabled":true,"_links":{"self":[{"href":"https:\/\/watchdeluxe.it\/es\/wp-json\/wp\/v2\/product\/73547","targetHints":{"allow":["GET"]}}],"collection":[{"href":"https:\/\/watchdeluxe.it\/es\/wp-json\/wp\/v2\/product"}],"about":[{"href":"https:\/\/watchdeluxe.it\/es\/wp-json\/wp\/v2\/types\/product"}],"wp:featuredmedia":[{"embeddable":true,"href":"https:\/\/watchdeluxe.it\/es\/wp-json\/wp\/v2\/media\/164101"}],"wp:attachment":[{"href":"https:\/\/watchdeluxe.it\/es\/wp-json\/wp\/v2\/media?parent=73547"}],"wp:term":[{"taxonomy":"product_brand","embeddable":true,"href":"https:\/\/watchdeluxe.it\/es\/wp-json\/wp\/v2\/product_brand?post=73547"},{"taxonomy":"product_cat","embeddable":true,"href":"https:\/\/watchdeluxe.it\/es\/wp-json\/wp\/v2\/product_cat?post=73547"},{"taxonomy":"product_tag","embeddable":true,"href":"https:\/\/watchdeluxe.it\/es\/wp-json\/wp\/v2\/product_tag?post=73547"},{"taxonomy":"berocket_brand","embeddable":true,"href":"https:\/\/watchdeluxe.it\/es\/wp-json\/wp\/v2\/berocket_brand?post=73547"},{"taxonomy":"woo-feed-brand","embeddable":true,"href":"https:\/\/watchdeluxe.it\/es\/wp-json\/wp\/v2\/woo-feed-brand?post=73547"}],"curies":[{"name":"wp","href":"https:\/\/api.w.org\/{rel}","templated":true}]}}