{"id":73409,"date":"2023-03-20T13:45:20","date_gmt":"2023-03-20T12:45:20","guid":{"rendered":"https:\/\/watchdeluxe.it\/prodotto\/boligrafo-montblanc-starwalker-blackcosmos-doue-ref-129290\/"},"modified":"2026-04-06T05:28:47","modified_gmt":"2026-04-06T03:28:47","slug":"montblanc-starwalker-blackcosmos-doue-sfera-ref-129290","status":"publish","type":"product","link":"https:\/\/watchdeluxe.it\/es\/prodotto\/montblanc-starwalker-blackcosmos-doue-sfera-ref-129290\/","title":{"rendered":"Bol\u00edgrafo Montblanc StarWalker BlackCosmos Dou\u00e9 REF.129290"},"content":{"rendered":"<p>Bol\u00edgrafo Montblanc StarWalker BlackCosmos Dou\u00e9 REF.129290<\/p>\n<p>&nbsp;<\/p>\n<div class=\"elementor-element elementor-element-ebf1c04 elementor-widget elementor-widget-woocommerce-product-short-description\" data-widget_type=\"woocommerce-product-short-description.default\" data-element_type=\"widget\" data-id=\"ebf1c04\">\n<div class=\"elementor-widget-container\">\n<div class=\"woocommerce-product-details__short-description\">\n<p><strong>Montblanc StarWalker &#8220;BlackCosmos&#8221; birretes Dou\u00e9 129290.<\/strong><\/p>\n<ul>\n<li>Bol\u00edgrafo fabricado \u00edntegramente en resina negra de alta calidad con efecto brillante.<\/li>\n<li>Capuch\u00f3n con punta transparente de resina de alta calidad con logotipo Montblanc blanco en c\u00e1psula transparente.<\/li>\n<li>Detalles con efecto &#8220;perforado&#8221;.<\/li>\n<\/ul>\n<\/div>\n<\/div>\n<\/div>\n","protected":false},"excerpt":{"rendered":"<p>Bol\u00edgrafo Montblanc StarWalker BlackCosmos Dou\u00e9 REF.129290 &nbsp; Montblanc StarWalker &#8220;BlackCosmos&#8221; birretes Dou\u00e9 129290. Bol\u00edgrafo fabricado \u00edntegramente en resina negra de alta calidad con efecto brillante. Capuch\u00f3n con punta transparente de resina de alta calidad con logotipo Montblanc blanco en c\u00e1psula transparente. Detalles con efecto &#8220;perforado&#8221;.<\/p>\n","protected":false},"featured_media":165386,"template":"","meta":{"_crdt_document":"","advanced_seo_description":"","jetpack_seo_html_title":"","jetpack_seo_noindex":false},"product_brand":[],"product_cat":[2247],"product_tag":[1487],"berocket_brand":[],"woo-feed-brand":[],"class_list":{"0":"post-73409","1":"product","2":"type-product","3":"status-publish","4":"has-post-thumbnail","6":"product_cat-montblanc-es","7":"product_tag-penna","9":"first","10":"instock","11":"sale","12":"taxable","13":"shipping-taxable","14":"purchasable","15":"product-type-simple"},"bundled_by":[],"bundle_stock_status":"instock","bundle_stock_quantity":1,"bundle_virtual":false,"bundle_layout":"","bundle_add_to_cart_form_location":"","bundle_editable_in_cart":false,"bundle_sold_individually_context":"","bundle_item_grouping":"","bundle_min_size":"","bundle_max_size":"","bundle_price":[],"bundled_items":[],"bundle_sell_ids":[],"group_of_quantity":0,"min_quantity":0,"max_quantity":"","exclude_order_quantity_value_rules":"no","exclude_category_quantity_rules":"no","combine_variations":"no","jetpack_sharing_enabled":true,"jetpack_likes_enabled":true,"_links":{"self":[{"href":"https:\/\/watchdeluxe.it\/es\/wp-json\/wp\/v2\/product\/73409","targetHints":{"allow":["GET"]}}],"collection":[{"href":"https:\/\/watchdeluxe.it\/es\/wp-json\/wp\/v2\/product"}],"about":[{"href":"https:\/\/watchdeluxe.it\/es\/wp-json\/wp\/v2\/types\/product"}],"wp:featuredmedia":[{"embeddable":true,"href":"https:\/\/watchdeluxe.it\/es\/wp-json\/wp\/v2\/media\/165386"}],"wp:attachment":[{"href":"https:\/\/watchdeluxe.it\/es\/wp-json\/wp\/v2\/media?parent=73409"}],"wp:term":[{"taxonomy":"product_brand","embeddable":true,"href":"https:\/\/watchdeluxe.it\/es\/wp-json\/wp\/v2\/product_brand?post=73409"},{"taxonomy":"product_cat","embeddable":true,"href":"https:\/\/watchdeluxe.it\/es\/wp-json\/wp\/v2\/product_cat?post=73409"},{"taxonomy":"product_tag","embeddable":true,"href":"https:\/\/watchdeluxe.it\/es\/wp-json\/wp\/v2\/product_tag?post=73409"},{"taxonomy":"berocket_brand","embeddable":true,"href":"https:\/\/watchdeluxe.it\/es\/wp-json\/wp\/v2\/berocket_brand?post=73409"},{"taxonomy":"woo-feed-brand","embeddable":true,"href":"https:\/\/watchdeluxe.it\/es\/wp-json\/wp\/v2\/woo-feed-brand?post=73409"}],"curies":[{"name":"wp","href":"https:\/\/api.w.org\/{rel}","templated":true}]}}