{"id":73315,"date":"2023-03-20T13:45:31","date_gmt":"2023-03-20T12:45:31","guid":{"rendered":"https:\/\/watchdeluxe.it\/prodotto\/pulsera-montblanc-unisex-de-plata-ref-101517\/"},"modified":"2026-04-03T10:53:59","modified_gmt":"2026-04-03T08:53:59","slug":"montblanc-plata-brazalete-unisex-ref-101517","status":"publish","type":"product","link":"https:\/\/watchdeluxe.it\/es\/prodotto\/montblanc-plata-brazalete-unisex-ref-101517\/","title":{"rendered":"MONTBLANC PULSERA PLATA UNISEX REF. 101517"},"content":{"rendered":"<p>MONTBLANC PULSERA PLATA UNISEX REF. 101517nnGarant\u00eda 2 a\u00f1os, color plata, novedad especial, estilo cl\u00e1sico, pulsera r\u00edgida, material joya plata 925, categor\u00eda joyer\u00eda, subcategor\u00eda pulseras, rango de precio m\u00e1s de 300 \u20ac, g\u00e9nero unisex, marca montblanc, colecci\u00f3n montblanc, funciones reloj -nn<\/p>\n<div class=\"text-muted\">n<\/p>\n<div id=\"productDetails\" class=\"row\">n<\/p>\n<div class=\"col-12 col-md-6 pe-3 d-flex pb-1\"><span class=\"col-auto tag_name\">marca<\/span> <span class=\"col-auto tag_value\"><br \/>\n  <a href=\"https:\/\/www.corsovinci.com\/collections\/montblanc\/marchio-montblanc\"><br \/>\n    <i>Montblanc<\/i><br \/>\n  <\/a><br \/>\n<\/span><\/div>\n<p>n<\/p>\n<div class=\"col-12 col-md-6 pe-3 d-flex pb-1\"><span class=\"col-auto tag_name\">colecci\u00f3n<\/span> <span class=\"col-auto tag_value\"><br \/>\n  <a href=\"https:\/\/www.corsovinci.com\/collections\/montblanc\/collezione-montblanc\"><br \/>\n    <i>Montblanc<\/i><br \/>\n  <\/a><br \/>\n<\/span><\/div>\n<p>n<\/p>\n<div class=\"col-12 col-md-6 pe-3 d-flex pb-1\"><span class=\"col-auto tag_name\">categor\u00eda<\/span> <span class=\"col-auto tag_value\"><br \/>\n  <a href=\"https:\/\/www.corsovinci.com\/collections\/montblanc\/categoria-gioielleria\"><br \/>\n    <i>Joyer\u00eda<\/i><br \/>\n  <\/a><br \/>\n<\/span><\/div>\n<p>n<\/p>\n<div class=\"col-12 col-md-6 pe-3 d-flex pb-1\"><span class=\"col-auto tag_name\">pulsera<\/span> <span class=\"col-auto tag_value\"><br \/>\n  <a href=\"https:\/\/www.corsovinci.com\/collections\/montblanc\/braccialetto-rigido\"><br \/>\n    <i>R\u00edgido<\/i><br \/>\n  <\/a><br \/>\n<\/span><\/div>\n<p>n<\/p>\n<div class=\"col-12 col-md-6 pe-3 d-flex pb-1\"><span class=\"col-auto tag_name\">subcategor\u00eda<\/span> <span class=\"col-auto tag_value\"><br \/>\n  <a href=\"https:\/\/www.corsovinci.com\/collections\/montblanc\/sottocategoria-bracciali\"><br \/>\n    <i>Pulseras<\/i><br \/>\n  <\/a><br \/>\n<\/span><\/div>\n<p>n<\/p>\n<div class=\"col-12 col-md-6 pe-3 d-flex pb-1\"><span class=\"col-auto tag_name\">color<\/span> <span class=\"col-auto tag_value\"><br \/>\n  <a href=\"https:\/\/www.corsovinci.com\/collections\/montblanc\/colore-argento\"><br \/>\n    <i>Plata<\/i><br \/>\n  <\/a><br \/>\n<\/span><\/div>\n<p>n<\/p>\n<div class=\"col-12 col-md-6 pe-3 d-flex pb-1\"><span class=\"col-auto tag_name\">g\u00e9nero<\/span> <span class=\"col-auto tag_value\"><br \/>\n  <a href=\"https:\/\/www.corsovinci.com\/collections\/montblanc\/genere-unisex\"><br \/>\n    <i>Unisex<\/i><br \/>\n  <\/a><br \/>\n<\/span><\/div>\n<p>n<\/p>\n<div class=\"col-12 col-md-6 pe-3 d-flex pb-1\"><span class=\"col-auto tag_name\">garant\u00eda<\/span> <span class=\"col-auto tag_value\"><br \/>\n  <a href=\"https:\/\/www.corsovinci.com\/collections\/montblanc\/garanzia-2-anni\"><br \/>\n    <i>2 a\u00f1os<\/i><br \/>\n  <\/a><br \/>\n<\/span><\/div>\n<p>n<\/p>\n<div class=\"col-12 col-md-6 pe-3 d-flex pb-1\"><span class=\"col-auto tag_name\">gama de precios<\/span> <span class=\"col-auto tag_value\"><br \/>\n  <a href=\"https:\/\/www.corsovinci.com\/collections\/montblanc\/fascia-di%20prezzo-oltre-%E2%82%AC-300\"><br \/>\n    <i>M\u00e1s de 300 euros<\/i><br \/>\n  <\/a><br \/>\n<\/span><\/div>\n<p>n<\/p>\n<div class=\"col-12 col-md-6 pe-3 d-flex pb-1\"><span class=\"col-auto tag_name\">material de la joya<\/span> <span class=\"col-auto tag_value\"><br \/>\n  <a href=\"https:\/\/www.corsovinci.com\/collections\/montblanc\/materiale-gioiello-argento-925\"><br \/>\n    <i>plata 925<\/i><br \/>\n  <\/a><br \/>\n<\/span><\/div>\n<p>n<\/p>\n<div class=\"col-12 col-md-6 pe-3 d-flex pb-1\"><span class=\"col-auto tag_name\">estilo<\/span> <span class=\"col-auto tag_value\"><br \/>\n  <a href=\"https:\/\/www.corsovinci.com\/collections\/montblanc\/stile-classico\"><br \/>\n    <i>Cl\u00e1sico<\/i><br \/>\n  <\/a><br \/>\n<\/span><\/div>\n<p>n<\/p>\n<div class=\"col-12 col-md-6 pe-3 d-flex pb-1\"><span class=\"col-auto tag_name\">especial<\/span> <span class=\"col-auto tag_value\"><br \/>\n  <a href=\"https:\/\/www.corsovinci.com\/collections\/montblanc\/speciale-novita\"><br \/>\n    <i>Noticias<\/i><br \/>\n  <\/a><br \/>\n<\/span><\/div>\n<p>n<\/p><\/div>\n<p>n<\/p><\/div>\n","protected":false},"excerpt":{"rendered":"<p>MONTBLANC PULSERA PLATA UNISEX REF. 101517nnGarant\u00eda 2 a\u00f1os, color plata, novedad especial, estilo cl\u00e1sico, pulsera r\u00edgida, material joya plata 925, categor\u00eda joyer\u00eda, subcategor\u00eda pulseras, rango de precio m\u00e1s de 300 \u20ac, g\u00e9nero unisex, marca montblanc, colecci\u00f3n montblanc, funciones reloj -nn n n marca Montblanc n colecci\u00f3n Montblanc n categor\u00eda Joyer\u00eda n pulsera R\u00edgido n subcategor\u00eda [&hellip;]<\/p>\n","protected":false},"featured_media":25249,"template":"","meta":{"_crdt_document":"","advanced_seo_description":"","jetpack_seo_html_title":"","jetpack_seo_noindex":false,"jetpack_post_was_ever_published":false},"product_brand":[],"product_cat":[2247],"product_tag":[3143],"berocket_brand":[],"woo-feed-brand":[],"class_list":{"0":"post-73315","1":"product","2":"type-product","3":"status-publish","4":"has-post-thumbnail","6":"product_cat-montblanc-es","7":"product_tag-pulsera","9":"first","10":"instock","11":"sale","12":"taxable","13":"shipping-taxable","14":"purchasable","15":"product-type-simple"},"bundled_by":[],"bundle_stock_status":"instock","bundle_stock_quantity":1,"bundle_virtual":false,"bundle_layout":"","bundle_add_to_cart_form_location":"","bundle_editable_in_cart":false,"bundle_sold_individually_context":"","bundle_item_grouping":"","bundle_min_size":"","bundle_max_size":"","bundle_price":[],"bundled_items":[],"bundle_sell_ids":[],"group_of_quantity":0,"min_quantity":0,"max_quantity":"","exclude_order_quantity_value_rules":"no","exclude_category_quantity_rules":"no","combine_variations":"no","exclude_global_add_ons":[],"addons":[],"jetpack_sharing_enabled":true,"jetpack_likes_enabled":true,"_links":{"self":[{"href":"https:\/\/watchdeluxe.it\/es\/wp-json\/wp\/v2\/product\/73315","targetHints":{"allow":["GET"]}}],"collection":[{"href":"https:\/\/watchdeluxe.it\/es\/wp-json\/wp\/v2\/product"}],"about":[{"href":"https:\/\/watchdeluxe.it\/es\/wp-json\/wp\/v2\/types\/product"}],"wp:featuredmedia":[{"embeddable":true,"href":"https:\/\/watchdeluxe.it\/es\/wp-json\/wp\/v2\/media\/25249"}],"wp:attachment":[{"href":"https:\/\/watchdeluxe.it\/es\/wp-json\/wp\/v2\/media?parent=73315"}],"wp:term":[{"taxonomy":"product_brand","embeddable":true,"href":"https:\/\/watchdeluxe.it\/es\/wp-json\/wp\/v2\/product_brand?post=73315"},{"taxonomy":"product_cat","embeddable":true,"href":"https:\/\/watchdeluxe.it\/es\/wp-json\/wp\/v2\/product_cat?post=73315"},{"taxonomy":"product_tag","embeddable":true,"href":"https:\/\/watchdeluxe.it\/es\/wp-json\/wp\/v2\/product_tag?post=73315"},{"taxonomy":"berocket_brand","embeddable":true,"href":"https:\/\/watchdeluxe.it\/es\/wp-json\/wp\/v2\/berocket_brand?post=73315"},{"taxonomy":"woo-feed-brand","embeddable":true,"href":"https:\/\/watchdeluxe.it\/es\/wp-json\/wp\/v2\/woo-feed-brand?post=73315"}],"curies":[{"name":"wp","href":"https:\/\/api.w.org\/{rel}","templated":true}]}}