{"id":73297,"date":"2023-03-20T13:45:30","date_gmt":"2023-03-20T12:45:30","guid":{"rendered":"https:\/\/watchdeluxe.it\/prodotto\/gemelos-de-caballero-montblanc-ref-104498\/"},"modified":"2026-04-06T01:16:03","modified_gmt":"2026-04-05T23:16:03","slug":"montblanc-gemelli-uomo-ref-104498","status":"publish","type":"product","link":"https:\/\/watchdeluxe.it\/es\/prodotto\/montblanc-gemelli-uomo-ref-104498\/","title":{"rendered":"MONTBLANC GEMELOS HOMBRE REF. 104498"},"content":{"rendered":"<p>MONTBLANC GEMELOS HOMBRE REF. 104498<\/p>\n<div class=\"col-12 col-md-6 pe-3 d-flex pb-1\"><span class=\"col-auto tag_name\">marca<\/span> <span class=\"col-auto tag_value\"><br \/>\n  <a href=\"https:\/\/www.corsovinci.com\/collections\/montblanc\/marchio-montblanc\"><br \/>\n    <i>Montblanc<\/i><br \/>\n  <\/a><br \/>\n<\/span><\/div>\n<div class=\"col-12 col-md-6 pe-3 d-flex pb-1\"><span class=\"col-auto tag_name\">colecci\u00f3n<\/span> <span class=\"col-auto tag_value\"><br \/>\n  <a href=\"https:\/\/www.corsovinci.com\/collections\/montblanc\/collezione-gemelli\"><br \/>\n    <i>Gemelos<\/i><br \/>\n  <\/a><br \/>\n<\/span><\/div>\n<div class=\"col-12 col-md-6 pe-3 d-flex pb-1\"><span class=\"col-auto tag_name\">categor\u00eda<\/span> <span class=\"col-auto tag_value\"><br \/>\n  <a href=\"https:\/\/www.corsovinci.com\/collections\/montblanc\/categoria-gioielleria\"><br \/>\n    <i>Joyer\u00eda<\/i><br \/>\n  <\/a><br \/>\n<\/span><\/div>\n<div class=\"col-12 col-md-6 pe-3 d-flex pb-1\"><span class=\"col-auto tag_name\">subcategor\u00eda<\/span> <span class=\"col-auto tag_value\"><br \/>\n  <a href=\"https:\/\/www.corsovinci.com\/collections\/montblanc\/sottocategoria-gemelli\"><br \/>\n    <i>Gemelos<\/i><br \/>\n  <\/a><br \/>\n<\/span><\/div>\n<div class=\"col-12 col-md-6 pe-3 d-flex pb-1\"><span class=\"col-auto tag_name\">color<\/span> <span class=\"col-auto tag_value\"><br \/>\n  <a href=\"https:\/\/www.corsovinci.com\/collections\/montblanc\/colore-acciaio\"><br \/>\n    <i>Acero<\/i><br \/>\n  <\/a><br \/>\n<\/span><\/div>\n<div class=\"col-12 col-md-6 pe-3 d-flex pb-1\"><span class=\"col-auto tag_name\">g\u00e9nero<\/span> <span class=\"col-auto tag_value\"><br \/>\n  <a href=\"https:\/\/www.corsovinci.com\/collections\/montblanc\/genere-uomo\"><br \/>\n    <i>Hombre<\/i><br \/>\n  <\/a><br \/>\n<\/span><\/div>\n<p><span class=\"col-auto tag_name\">material de la joya<\/span> <span class=\"col-auto tag_value\"><a href=\"https:\/\/www.corsovinci.com\/collections\/montblanc\/materiale-gioiello-ottone\"><i>Lat\u00f3n<\/i><\/a><\/span>.<\/p>\n","protected":false},"excerpt":{"rendered":"<p>MONTBLANC GEMELOS HOMBRE REF. 104498 marca Montblanc colecci\u00f3n Gemelos categor\u00eda Joyer\u00eda subcategor\u00eda Gemelos color Acero g\u00e9nero Hombre material de la joya Lat\u00f3n.<\/p>\n","protected":false},"featured_media":169891,"template":"","meta":{"_crdt_document":"","advanced_seo_description":"","jetpack_seo_html_title":"","jetpack_seo_noindex":false},"product_brand":[],"product_cat":[2247],"product_tag":[2443],"berocket_brand":[],"woo-feed-brand":[],"class_list":{"0":"post-73297","1":"product","2":"type-product","3":"status-publish","4":"has-post-thumbnail","6":"product_cat-montblanc-es","7":"product_tag-gemelos","9":"first","10":"instock","11":"sale","12":"taxable","13":"shipping-taxable","14":"purchasable","15":"product-type-simple"},"bundled_by":[],"bundle_stock_status":"instock","bundle_stock_quantity":1,"bundle_virtual":false,"bundle_layout":"","bundle_add_to_cart_form_location":"","bundle_editable_in_cart":false,"bundle_sold_individually_context":"","bundle_item_grouping":"","bundle_min_size":"","bundle_max_size":"","bundle_price":[],"bundled_items":[],"bundle_sell_ids":[],"group_of_quantity":0,"min_quantity":0,"max_quantity":"","exclude_order_quantity_value_rules":"no","exclude_category_quantity_rules":"no","combine_variations":"no","jetpack_sharing_enabled":true,"jetpack_likes_enabled":true,"_links":{"self":[{"href":"https:\/\/watchdeluxe.it\/es\/wp-json\/wp\/v2\/product\/73297","targetHints":{"allow":["GET"]}}],"collection":[{"href":"https:\/\/watchdeluxe.it\/es\/wp-json\/wp\/v2\/product"}],"about":[{"href":"https:\/\/watchdeluxe.it\/es\/wp-json\/wp\/v2\/types\/product"}],"wp:featuredmedia":[{"embeddable":true,"href":"https:\/\/watchdeluxe.it\/es\/wp-json\/wp\/v2\/media\/169891"}],"wp:attachment":[{"href":"https:\/\/watchdeluxe.it\/es\/wp-json\/wp\/v2\/media?parent=73297"}],"wp:term":[{"taxonomy":"product_brand","embeddable":true,"href":"https:\/\/watchdeluxe.it\/es\/wp-json\/wp\/v2\/product_brand?post=73297"},{"taxonomy":"product_cat","embeddable":true,"href":"https:\/\/watchdeluxe.it\/es\/wp-json\/wp\/v2\/product_cat?post=73297"},{"taxonomy":"product_tag","embeddable":true,"href":"https:\/\/watchdeluxe.it\/es\/wp-json\/wp\/v2\/product_tag?post=73297"},{"taxonomy":"berocket_brand","embeddable":true,"href":"https:\/\/watchdeluxe.it\/es\/wp-json\/wp\/v2\/berocket_brand?post=73297"},{"taxonomy":"woo-feed-brand","embeddable":true,"href":"https:\/\/watchdeluxe.it\/es\/wp-json\/wp\/v2\/woo-feed-brand?post=73297"}],"curies":[{"name":"wp","href":"https:\/\/api.w.org\/{rel}","templated":true}]}}