{"id":73018,"date":"2023-03-20T13:45:57","date_gmt":"2023-03-20T12:45:57","guid":{"rendered":"https:\/\/watchdeluxe.it\/prodotto\/cinturon-montblanc-de-cuero-marron-matizado-ref-129456\/"},"modified":"2026-04-06T05:58:51","modified_gmt":"2026-04-06T03:58:51","slug":"montblanc-cinturon-de-piel-ahumada-marron-ref-129456","status":"publish","type":"product","link":"https:\/\/watchdeluxe.it\/es\/prodotto\/montblanc-cinturon-de-piel-ahumada-marron-ref-129456\/","title":{"rendered":"CINTUR\u00d3N MONTBLANC DE PIEL MARR\u00d3N DEGRADADA ref. 129456"},"content":{"rendered":"<p>CINTUR\u00d3N MONTBLANC DE PIEL MARR\u00d3N DEGRADADA ref. 129456<\/p>\n<div class=\"product-shop\">\n<div class=\"custom-product-info\">\n<ul class=\"product-add-info\">\n<li class=\"open\"><span class=\"text-info\" style=\"display: inline-block\">Los extraordinarios art\u00edculos de piel de Montblanc son obra de los artesanos con m\u00e1s talento que utilizan materiales de la m\u00e1s alta calidad. Descubra el resultado de una aut\u00e9ntica artesan\u00eda y de una constante atenci\u00f3n al detalle. Hebilla rectangular de acero inoxidable acabado PVD negro. Correa autoajustable, 3,5 cm x 120 cm, de cuero liso matizado marr\u00f3n. Dise\u00f1ado para un look casual. COLECCI\u00d3N: Montblanc REF.: 129456 MATERIAL: piel de vacuno lisa sombreada en marr\u00f3n MECANISMO DE LA HEBILLA: pr\u00e1ctico mecanismo de ajuste de longitud FORMA: rectangular TAPA: acabado PVD negro POSICI\u00d3N DEL EMBLEMA: emblema Montblanc en trabilla met\u00e1lica COLOR: marr\u00f3n DIMENSIONES: 1200 x 35 x 5 mm<\/span><\/li>\n<\/ul>\n<\/div>\n<\/div>\n<div class=\"clearer\"><\/div>\n","protected":false},"excerpt":{"rendered":"<p>CINTUR\u00d3N MONTBLANC DE PIEL MARR\u00d3N DEGRADADA ref. 129456 Los extraordinarios art\u00edculos de piel de Montblanc son obra de los artesanos con m\u00e1s talento que utilizan materiales de la m\u00e1s alta calidad. Descubra el resultado de una aut\u00e9ntica artesan\u00eda y de una constante atenci\u00f3n al detalle. Hebilla rectangular de acero inoxidable acabado PVD negro. Correa autoajustable, [&hellip;]<\/p>\n","protected":false},"featured_media":164071,"template":"","meta":{"_crdt_document":"","advanced_seo_description":"","jetpack_seo_html_title":"","jetpack_seo_noindex":false},"product_brand":[],"product_cat":[2247],"product_tag":[2448],"berocket_brand":[],"woo-feed-brand":[],"class_list":{"0":"post-73018","1":"product","2":"type-product","3":"status-publish","4":"has-post-thumbnail","6":"product_cat-montblanc-es","7":"product_tag-cinturon","9":"first","10":"instock","11":"sale","12":"taxable","13":"shipping-taxable","14":"purchasable","15":"product-type-simple"},"bundled_by":[],"bundle_stock_status":"instock","bundle_stock_quantity":1,"bundle_virtual":false,"bundle_layout":"","bundle_add_to_cart_form_location":"","bundle_editable_in_cart":false,"bundle_sold_individually_context":"","bundle_item_grouping":"","bundle_min_size":"","bundle_max_size":"","bundle_price":[],"bundled_items":[],"bundle_sell_ids":[],"group_of_quantity":0,"min_quantity":0,"max_quantity":"","exclude_order_quantity_value_rules":"no","exclude_category_quantity_rules":"no","combine_variations":"no","exclude_global_add_ons":[],"addons":[],"jetpack_sharing_enabled":true,"jetpack_likes_enabled":true,"_links":{"self":[{"href":"https:\/\/watchdeluxe.it\/es\/wp-json\/wp\/v2\/product\/73018","targetHints":{"allow":["GET"]}}],"collection":[{"href":"https:\/\/watchdeluxe.it\/es\/wp-json\/wp\/v2\/product"}],"about":[{"href":"https:\/\/watchdeluxe.it\/es\/wp-json\/wp\/v2\/types\/product"}],"wp:featuredmedia":[{"embeddable":true,"href":"https:\/\/watchdeluxe.it\/es\/wp-json\/wp\/v2\/media\/164071"}],"wp:attachment":[{"href":"https:\/\/watchdeluxe.it\/es\/wp-json\/wp\/v2\/media?parent=73018"}],"wp:term":[{"taxonomy":"product_brand","embeddable":true,"href":"https:\/\/watchdeluxe.it\/es\/wp-json\/wp\/v2\/product_brand?post=73018"},{"taxonomy":"product_cat","embeddable":true,"href":"https:\/\/watchdeluxe.it\/es\/wp-json\/wp\/v2\/product_cat?post=73018"},{"taxonomy":"product_tag","embeddable":true,"href":"https:\/\/watchdeluxe.it\/es\/wp-json\/wp\/v2\/product_tag?post=73018"},{"taxonomy":"berocket_brand","embeddable":true,"href":"https:\/\/watchdeluxe.it\/es\/wp-json\/wp\/v2\/berocket_brand?post=73018"},{"taxonomy":"woo-feed-brand","embeddable":true,"href":"https:\/\/watchdeluxe.it\/es\/wp-json\/wp\/v2\/woo-feed-brand?post=73018"}],"curies":[{"name":"wp","href":"https:\/\/api.w.org\/{rel}","templated":true}]}}