{"id":72908,"date":"2023-03-20T13:46:02","date_gmt":"2023-03-20T12:46:02","guid":{"rendered":"https:\/\/watchdeluxe.it\/prodotto\/montblanc-solitaire-pluma-estilografica-legrand-meisterstuck-la-vuelta-al-mundo-en-80-dias-ref-126353\/"},"modified":"2026-04-06T05:47:24","modified_gmt":"2026-04-06T03:47:24","slug":"montblanc-pen-solitaire-legrand-meisterstuck-la-vuelta-al-mundo-en-80-dias-ref-126353","status":"publish","type":"product","link":"https:\/\/watchdeluxe.it\/es\/prodotto\/montblanc-pen-solitaire-legrand-meisterstuck-la-vuelta-al-mundo-en-80-dias-ref-126353\/","title":{"rendered":"Montblanc pluma estilogr\u00e1fica solitaire legrand MEISTERST\u00dcCK Around the World in 80 Days REF. 126353"},"content":{"rendered":"<p>Montblanc pluma estilogr\u00e1fica solitaire legrand MEISTERST\u00dcCK Around the World in 80 Days REF. 126353<\/p>\n<p>La pluma estilogr\u00e1fica Solitaire LeGrand en laca azul transl\u00facida con acabado d\u00e9grad\u00e9 representa la primera parte del viaje. Los protagonistas viajan en un barco de vapor de Londres a Bombay, atravesando el Mar Mediterr\u00e1neo y el Canal de Suez. La gorra y el cuerpo presentan elementos ic\u00f3nicos de la novela: olas de mar, naipes y un cartucho con un dise\u00f1o de barco de vapor grabado con l\u00e1ser. En la parte superior de la gorra est\u00e1 grabada la duraci\u00f3n del viaje, 18 d\u00edas de Londres a Bombay y 80 d\u00edas en total. El art\u00edculo de escritura se completa con un plum\u00edn de oro de 18 quilates hecho a mano en acabado bicolor rodio y champ\u00e1n, decorado con un globo aerost\u00e1tico y las fechas de inicio y fin del aventurero viaje.<\/p>\n","protected":false},"excerpt":{"rendered":"<p>Montblanc pluma estilogr\u00e1fica solitaire legrand MEISTERST\u00dcCK Around the World in 80 Days REF. 126353 La pluma estilogr\u00e1fica Solitaire LeGrand en laca azul transl\u00facida con acabado d\u00e9grad\u00e9 representa la primera parte del viaje. Los protagonistas viajan en un barco de vapor de Londres a Bombay, atravesando el Mar Mediterr\u00e1neo y el Canal de Suez. La gorra [&hellip;]<\/p>\n","protected":false},"featured_media":165638,"template":"","meta":{"_crdt_document":"","advanced_seo_description":"","jetpack_seo_html_title":"","jetpack_seo_noindex":false},"product_brand":[],"product_cat":[2244],"product_tag":[4006],"berocket_brand":[],"woo-feed-brand":[],"class_list":{"0":"post-72908","1":"product","2":"type-product","3":"status-publish","4":"has-post-thumbnail","6":"product_cat-montblanc-en","7":"product_tag-penne-en","9":"first","10":"instock","11":"sale","12":"taxable","13":"shipping-taxable","14":"purchasable","15":"product-type-simple"},"bundled_by":[],"bundle_stock_status":"instock","bundle_stock_quantity":1,"bundle_virtual":false,"bundle_layout":"","bundle_add_to_cart_form_location":"","bundle_editable_in_cart":false,"bundle_sold_individually_context":"","bundle_item_grouping":"","bundle_min_size":"","bundle_max_size":"","bundle_price":[],"bundled_items":[],"bundle_sell_ids":[],"group_of_quantity":0,"min_quantity":0,"max_quantity":"","exclude_order_quantity_value_rules":"no","exclude_category_quantity_rules":"no","combine_variations":"no","jetpack_sharing_enabled":true,"jetpack_likes_enabled":true,"_links":{"self":[{"href":"https:\/\/watchdeluxe.it\/es\/wp-json\/wp\/v2\/product\/72908","targetHints":{"allow":["GET"]}}],"collection":[{"href":"https:\/\/watchdeluxe.it\/es\/wp-json\/wp\/v2\/product"}],"about":[{"href":"https:\/\/watchdeluxe.it\/es\/wp-json\/wp\/v2\/types\/product"}],"wp:featuredmedia":[{"embeddable":true,"href":"https:\/\/watchdeluxe.it\/es\/wp-json\/wp\/v2\/media\/165638"}],"wp:attachment":[{"href":"https:\/\/watchdeluxe.it\/es\/wp-json\/wp\/v2\/media?parent=72908"}],"wp:term":[{"taxonomy":"product_brand","embeddable":true,"href":"https:\/\/watchdeluxe.it\/es\/wp-json\/wp\/v2\/product_brand?post=72908"},{"taxonomy":"product_cat","embeddable":true,"href":"https:\/\/watchdeluxe.it\/es\/wp-json\/wp\/v2\/product_cat?post=72908"},{"taxonomy":"product_tag","embeddable":true,"href":"https:\/\/watchdeluxe.it\/es\/wp-json\/wp\/v2\/product_tag?post=72908"},{"taxonomy":"berocket_brand","embeddable":true,"href":"https:\/\/watchdeluxe.it\/es\/wp-json\/wp\/v2\/berocket_brand?post=72908"},{"taxonomy":"woo-feed-brand","embeddable":true,"href":"https:\/\/watchdeluxe.it\/es\/wp-json\/wp\/v2\/woo-feed-brand?post=72908"}],"curies":[{"name":"wp","href":"https:\/\/api.w.org\/{rel}","templated":true}]}}