{"id":72842,"date":"2025-11-05T09:24:28","date_gmt":"2025-11-05T08:24:28","guid":{"rendered":"https:\/\/watchdeluxe.it\/prodotto\/estuche-montblanc-meisterstuck-azul-y-beige-ref-118309\/"},"modified":"2025-11-05T09:24:32","modified_gmt":"2025-11-05T08:24:32","slug":"estuche-montblanc-meisterstuck-azul-y-beige-ref-118309","status":"publish","type":"product","link":"https:\/\/watchdeluxe.it\/es\/prodotto\/estuche-montblanc-meisterstuck-azul-y-beige-ref-118309\/","title":{"rendered":"ESTUCHE MONTBLANC MEISTERSTUCK AZUL Y BEIGE ref. 118309"},"content":{"rendered":"<p>El malet\u00edn Meisterstuck es un emblema de estilo, un \u00fatil compa\u00f1ero de viaje en un mundo siempre cambiante y lleno de nuevos retos cada d\u00eda. El pr\u00e1ctico y elegante estuche Montblanc de 6 compartimentos presenta una combinaci\u00f3n de piel Meisterst\u00fcck azul y beige. Puede guardar tarjetas de cr\u00e9dito y billetes en las 6 aberturas y el bolsillo central.<\/p>\n<ul>\n<li>Referencia: 118309<\/li>\n<li>Marca: Montblanc<\/li>\n<li>Modelo: Meisterstuck<\/li>\n<li>Tipo: Malet\u00edn<\/li>\n<li>Material: cuero<\/li>\n<\/ul>\n","protected":false},"excerpt":{"rendered":"<p>El malet\u00edn Meisterstuck es un emblema de estilo, un \u00fatil compa\u00f1ero de viaje en un mundo siempre cambiante y lleno de nuevos retos cada d\u00eda. El pr\u00e1ctico y elegante estuche Montblanc de 6 compartimentos presenta una combinaci\u00f3n de piel Meisterst\u00fcck azul y beige. Puede guardar tarjetas de cr\u00e9dito y billetes en las 6 aberturas y [&hellip;]<\/p>\n","protected":false},"featured_media":65974,"template":"","meta":{"_crdt_document":"","advanced_seo_description":"","jetpack_seo_html_title":"","jetpack_seo_noindex":false},"product_brand":[],"product_cat":[1929],"product_tag":[1624,1786,1548,1496,1784],"berocket_brand":[],"woo-feed-brand":[],"class_list":{"0":"post-72842","1":"product","2":"type-product","3":"status-publish","4":"has-post-thumbnail","6":"product_cat-montblanc","7":"product_tag-custodia","8":"product_tag-meisterstuck","9":"product_tag-portadocumenti","10":"product_tag-porta-carte","11":"product_tag-portabiglietti","13":"first","14":"instock","15":"sale","16":"taxable","17":"shipping-taxable","18":"purchasable","19":"product-type-simple"},"bundled_by":[],"bundle_stock_status":"instock","bundle_stock_quantity":1,"bundle_virtual":false,"bundle_layout":"","bundle_add_to_cart_form_location":"","bundle_editable_in_cart":false,"bundle_sold_individually_context":"","bundle_item_grouping":"","bundle_min_size":"","bundle_max_size":"","bundle_price":[],"bundled_items":[],"bundle_sell_ids":[],"group_of_quantity":0,"min_quantity":0,"max_quantity":"","exclude_order_quantity_value_rules":"no","exclude_category_quantity_rules":"no","combine_variations":"no","exclude_global_add_ons":[],"addons":[],"jetpack_sharing_enabled":true,"jetpack_likes_enabled":true,"_links":{"self":[{"href":"https:\/\/watchdeluxe.it\/es\/wp-json\/wp\/v2\/product\/72842","targetHints":{"allow":["GET"]}}],"collection":[{"href":"https:\/\/watchdeluxe.it\/es\/wp-json\/wp\/v2\/product"}],"about":[{"href":"https:\/\/watchdeluxe.it\/es\/wp-json\/wp\/v2\/types\/product"}],"wp:featuredmedia":[{"embeddable":true,"href":"https:\/\/watchdeluxe.it\/es\/wp-json\/wp\/v2\/media\/65974"}],"wp:attachment":[{"href":"https:\/\/watchdeluxe.it\/es\/wp-json\/wp\/v2\/media?parent=72842"}],"wp:term":[{"taxonomy":"product_brand","embeddable":true,"href":"https:\/\/watchdeluxe.it\/es\/wp-json\/wp\/v2\/product_brand?post=72842"},{"taxonomy":"product_cat","embeddable":true,"href":"https:\/\/watchdeluxe.it\/es\/wp-json\/wp\/v2\/product_cat?post=72842"},{"taxonomy":"product_tag","embeddable":true,"href":"https:\/\/watchdeluxe.it\/es\/wp-json\/wp\/v2\/product_tag?post=72842"},{"taxonomy":"berocket_brand","embeddable":true,"href":"https:\/\/watchdeluxe.it\/es\/wp-json\/wp\/v2\/berocket_brand?post=72842"},{"taxonomy":"woo-feed-brand","embeddable":true,"href":"https:\/\/watchdeluxe.it\/es\/wp-json\/wp\/v2\/woo-feed-brand?post=72842"}],"curies":[{"name":"wp","href":"https:\/\/api.w.org\/{rel}","templated":true}]}}