{"id":72736,"date":"2023-03-20T13:46:40","date_gmt":"2023-03-20T12:46:40","guid":{"rendered":"https:\/\/watchdeluxe.it\/prodotto\/montblanc-pluma-estilografica-personajes-elvis-presley-edicion-limitada-1935-ref-125507\/"},"modified":"2026-01-21T15:54:58","modified_gmt":"2026-01-21T14:54:58","slug":"montblanc-stylographic-characters-elvis-presley-limited-edition-1935-ref-125507","status":"publish","type":"product","link":"https:\/\/watchdeluxe.it\/es\/prodotto\/montblanc-stylographic-characters-elvis-presley-limited-edition-1935-ref-125507\/","title":{"rendered":"Montblanc Pluma Estilogr\u00e1fica Personajes Elvis Presley Edici\u00f3n Limitada 1935 ref.125507"},"content":{"rendered":"<p><span class=\"value\" data-mce-fragment=\"1\">Elvis Presley, apodado &#8220;Rey del Rock&#8217;n Roll&#8221;, sigue siendo considerado uno de los mayores iconos culturales del siglo XX y s\u00edmbolo de toda una generaci\u00f3n. Nacido en 1935 en Tupelo, Mississippi, y trasladado a Memphis, Tennessee, Elvis Presley es recordado como uno de los m\u00fasicos y actores m\u00e1s famosos de la historia. La forma del art\u00edculo de escritura con acabado dorado y del clip recuerda la buj\u00eda de un motor de autom\u00f3vil, inspirada en la pasi\u00f3n de Elvis por los motores V8. El logotipo &#8220;EP&#8221; rinde homenaje a sus ic\u00f3nicas gafas de sol. La parte superior del capuch\u00f3n lleva la inscripci\u00f3n &#8220;ELVIS&#8221; dentro del emblema Montblanc lacado en blanco, mientras que el motivo del capuch\u00f3n acabado en platino rinde homenaje a uno de sus anillos de oro. La decoraci\u00f3n lacada en forma de \u00e1guila de la gorra est\u00e1 inspirada en la famosa capa que llev\u00f3 Elvis durante &#8220;Aloha Hawaii&#8221;, mientras que el cono lleva grabada una cita suya: &#8220;La ambici\u00f3n es un sue\u00f1o con un motor V8&#8221;.<\/span><\/p>\n<div id=\"info-panel-content\" class=\"mb-product__details__panel--columns__content columns_4 Category_1_MONTBLANC-2773\" data-percbadge=\"% OFF\" data-variant=\"11452292646922351\">\n<div class=\"column features\">\n<h3>Caracter\u00edsticas<\/h3>\n<p class=\"clip_description\"><strong class=\"key\">ClipClip<\/strong>acabado oro amarillo<\/p>\n<p class=\"barrel_description\"><strong class=\"key\">CuerpoCuerpo met\u00e1lico<\/strong>con acabado platino<\/p>\n<p class=\"cap_description\"><strong class=\"key\">TapaTapa de<\/strong>metal <strong class=\"key\">lacado<\/strong><\/p>\n<p class=\"brand_colour\"><strong class=\"key\">ColorGris<\/strong><\/p>\n<\/div>\n<div class=\"column writing_system\">\n<h3>Sistema de escritura<\/h3>\n<p class=\"writing_mode\"><strong class=\"key\">Sistema de escrituraEstilogr\u00e1fico<\/strong><\/p>\n<p class=\"nib_description\"><strong class=\"key\">Plum\u00ednPlum\u00edn artesanal<\/strong>de oro 750 \/ rodio 18 K con dise\u00f1o especial<\/p>\n<\/div>\n<div class=\"column refills\">\n<h3>Piezas de recambio<\/h3>\n<p class=\"brand_size\"><strong class=\"key\">TallaM<\/strong><\/p>\n<\/div>\n<div class=\"column dimensions\">\n<h3>Dimensiones<\/h3>\n<p class=\"length first\"><strong class=\"key\">Dimensiones146<\/strong>,5<\/p>\n<p class=\"width\">18.8<\/p>\n<p class=\"physicalweight\"><strong class=\"key\">Peso88<\/strong>,87<span class=\"unit\"> g<\/span><\/p>\n<\/div>\n<\/div>\n","protected":false},"excerpt":{"rendered":"<p>Elvis Presley, apodado &#8220;Rey del Rock&#8217;n Roll&#8221;, sigue siendo considerado uno de los mayores iconos culturales del siglo XX y s\u00edmbolo de toda una generaci\u00f3n. Nacido en 1935 en Tupelo, Mississippi, y trasladado a Memphis, Tennessee, Elvis Presley es recordado como uno de los m\u00fasicos y actores m\u00e1s famosos de la historia. La forma del [&hellip;]<\/p>\n","protected":false},"featured_media":148701,"template":"","meta":{"_crdt_document":"","advanced_seo_description":"","jetpack_seo_html_title":"","jetpack_seo_noindex":false,"jetpack_post_was_ever_published":false},"product_brand":[],"product_cat":[2247],"product_tag":[2258,3115],"berocket_brand":[],"woo-feed-brand":[],"class_list":{"0":"post-72736","1":"product","2":"type-product","3":"status-publish","4":"has-post-thumbnail","6":"product_cat-montblanc-es","7":"product_tag-boligrafos","8":"product_tag-pluma-estilografica","10":"first","11":"instock","12":"sale","13":"taxable","14":"shipping-taxable","15":"purchasable","16":"product-type-simple"},"bundled_by":[],"bundle_stock_status":"instock","bundle_stock_quantity":1,"bundle_virtual":false,"bundle_layout":"","bundle_add_to_cart_form_location":"","bundle_editable_in_cart":false,"bundle_sold_individually_context":"","bundle_item_grouping":"","bundle_min_size":"","bundle_max_size":"","bundle_price":[],"bundled_items":[],"bundle_sell_ids":[],"group_of_quantity":0,"min_quantity":0,"max_quantity":"","exclude_order_quantity_value_rules":"no","exclude_category_quantity_rules":"no","combine_variations":"no","exclude_global_add_ons":[],"addons":[],"jetpack_sharing_enabled":true,"jetpack_likes_enabled":true,"_links":{"self":[{"href":"https:\/\/watchdeluxe.it\/es\/wp-json\/wp\/v2\/product\/72736","targetHints":{"allow":["GET"]}}],"collection":[{"href":"https:\/\/watchdeluxe.it\/es\/wp-json\/wp\/v2\/product"}],"about":[{"href":"https:\/\/watchdeluxe.it\/es\/wp-json\/wp\/v2\/types\/product"}],"wp:featuredmedia":[{"embeddable":true,"href":"https:\/\/watchdeluxe.it\/es\/wp-json\/wp\/v2\/media\/148701"}],"wp:attachment":[{"href":"https:\/\/watchdeluxe.it\/es\/wp-json\/wp\/v2\/media?parent=72736"}],"wp:term":[{"taxonomy":"product_brand","embeddable":true,"href":"https:\/\/watchdeluxe.it\/es\/wp-json\/wp\/v2\/product_brand?post=72736"},{"taxonomy":"product_cat","embeddable":true,"href":"https:\/\/watchdeluxe.it\/es\/wp-json\/wp\/v2\/product_cat?post=72736"},{"taxonomy":"product_tag","embeddable":true,"href":"https:\/\/watchdeluxe.it\/es\/wp-json\/wp\/v2\/product_tag?post=72736"},{"taxonomy":"berocket_brand","embeddable":true,"href":"https:\/\/watchdeluxe.it\/es\/wp-json\/wp\/v2\/berocket_brand?post=72736"},{"taxonomy":"woo-feed-brand","embeddable":true,"href":"https:\/\/watchdeluxe.it\/es\/wp-json\/wp\/v2\/woo-feed-brand?post=72736"}],"curies":[{"name":"wp","href":"https:\/\/api.w.org\/{rel}","templated":true}]}}