{"id":72629,"date":"2023-03-20T13:46:49","date_gmt":"2023-03-20T12:46:49","guid":{"rendered":"https:\/\/watchdeluxe.it\/prodotto\/montblanc-meisterstuck-billetero-6-compartimentos-ref-126202\/"},"modified":"2026-04-06T05:39:58","modified_gmt":"2026-04-06T03:39:58","slug":"montblanc-wallet-meisterstuck-6-compartimentos-ref-126202","status":"publish","type":"product","link":"https:\/\/watchdeluxe.it\/es\/prodotto\/montblanc-wallet-meisterstuck-6-compartimentos-ref-126202\/","title":{"rendered":"Montblanc Meisterst\u00fcck Billetero 6 compartimentos ref.126202"},"content":{"rendered":"<p><span class=\"value\" data-mce-fragment=\"1\">Funcional y a la moda al mismo tiempo, esta cartera es ideal para llevar lo esencial. Con su tapicer\u00eda de cuero negro en el exterior y sus ranuras para tarjetas de cr\u00e9dito en varios tonos de gris en el interior, este accesorio es cl\u00e1sico y moderno a la vez<\/span><\/p>\n<div class=\"column material\">\n<h3>Material<\/h3>\n<p class=\"materials\"><strong class=\"key\">Material<\/strong>Piel bovina<\/p>\n<p class=\"leather\"><strong class=\"key\">PielPiel de vaqueta plena flor<\/strong>con efecto brillante Montblanc, curtido al cromo, te\u00f1ido pasante<\/p>\n<p class=\"brand_colour\"><strong class=\"key\">ColorNegro<\/strong><\/p>\n<p class=\"lining\"><strong class=\"key\">ForroForro de Jacquard<\/strong>con logotipo Montblanc<\/p>\n<\/div>\n<div class=\"column dimensions\">\n<h3>Dimensiones<\/h3>\n<p class=\"length first\"><strong class=\"key\">Dimensiones110<\/strong><\/p>\n<p class=\"width\">10<\/p>\n<p class=\"height\">85<\/p>\n<p class=\"emblem\"><strong class=\"key\">Acabado \/ EmblemaLos<\/strong>emblemas son centrados manualmente, uno a uno, por nuestros artesanos. El emblema est\u00e1 colocado en el centro, pero si se presiona manualmente con la m\u00e1quina adecuada podr\u00eda moverse o girar. Se trata de una caracter\u00edstica que no compromete la est\u00e9tica del producto, por lo que, seg\u00fan nuestra pol\u00edtica, no puede aceptarse como reclamaci\u00f3n.<\/p>\n<\/div>\n<p><span class=\"value\" data-mce-fragment=\"1\">tiempo.<\/span><\/p>\n","protected":false},"excerpt":{"rendered":"<p>Funcional y a la moda al mismo tiempo, esta cartera es ideal para llevar lo esencial. Con su tapicer\u00eda de cuero negro en el exterior y sus ranuras para tarjetas de cr\u00e9dito en varios tonos de gris en el interior, este accesorio es cl\u00e1sico y moderno a la vez Material MaterialPiel bovina PielPiel de vaqueta [&hellip;]<\/p>\n","protected":false},"featured_media":169747,"template":"","meta":{"_crdt_document":"","advanced_seo_description":"","jetpack_seo_html_title":"","jetpack_seo_noindex":false},"product_brand":[],"product_cat":[2247],"product_tag":[3109,2351],"berocket_brand":[],"woo-feed-brand":[],"class_list":{"0":"post-72629","1":"product","2":"type-product","3":"status-publish","4":"has-post-thumbnail","6":"product_cat-montblanc-es","7":"product_tag-cartera-es","8":"product_tag-cartera","10":"first","11":"instock","12":"sale","13":"taxable","14":"shipping-taxable","15":"purchasable","16":"product-type-simple"},"bundled_by":[],"bundle_stock_status":"instock","bundle_stock_quantity":1,"bundle_virtual":false,"bundle_layout":"","bundle_add_to_cart_form_location":"","bundle_editable_in_cart":false,"bundle_sold_individually_context":"","bundle_item_grouping":"","bundle_min_size":"","bundle_max_size":"","bundle_price":[],"bundled_items":[],"bundle_sell_ids":[],"group_of_quantity":0,"min_quantity":0,"max_quantity":"","exclude_order_quantity_value_rules":"no","exclude_category_quantity_rules":"no","combine_variations":"no","exclude_global_add_ons":[],"addons":[],"jetpack_sharing_enabled":true,"jetpack_likes_enabled":true,"_links":{"self":[{"href":"https:\/\/watchdeluxe.it\/es\/wp-json\/wp\/v2\/product\/72629","targetHints":{"allow":["GET"]}}],"collection":[{"href":"https:\/\/watchdeluxe.it\/es\/wp-json\/wp\/v2\/product"}],"about":[{"href":"https:\/\/watchdeluxe.it\/es\/wp-json\/wp\/v2\/types\/product"}],"wp:featuredmedia":[{"embeddable":true,"href":"https:\/\/watchdeluxe.it\/es\/wp-json\/wp\/v2\/media\/169747"}],"wp:attachment":[{"href":"https:\/\/watchdeluxe.it\/es\/wp-json\/wp\/v2\/media?parent=72629"}],"wp:term":[{"taxonomy":"product_brand","embeddable":true,"href":"https:\/\/watchdeluxe.it\/es\/wp-json\/wp\/v2\/product_brand?post=72629"},{"taxonomy":"product_cat","embeddable":true,"href":"https:\/\/watchdeluxe.it\/es\/wp-json\/wp\/v2\/product_cat?post=72629"},{"taxonomy":"product_tag","embeddable":true,"href":"https:\/\/watchdeluxe.it\/es\/wp-json\/wp\/v2\/product_tag?post=72629"},{"taxonomy":"berocket_brand","embeddable":true,"href":"https:\/\/watchdeluxe.it\/es\/wp-json\/wp\/v2\/berocket_brand?post=72629"},{"taxonomy":"woo-feed-brand","embeddable":true,"href":"https:\/\/watchdeluxe.it\/es\/wp-json\/wp\/v2\/woo-feed-brand?post=72629"}],"curies":[{"name":"wp","href":"https:\/\/api.w.org\/{rel}","templated":true}]}}