{"id":72555,"date":"2023-03-20T13:46:54","date_gmt":"2023-03-20T12:46:54","guid":{"rendered":"https:\/\/watchdeluxe.it\/prodotto\/montblanc-billetero-6-compartimentos-meisterstuck-soft-grain-ref-126250\/"},"modified":"2026-04-06T05:14:28","modified_gmt":"2026-04-06T03:14:28","slug":"montblanc-wallet-a-6-compartimentos-meisterstuck-soft-grain-ref-126250","status":"publish","type":"product","link":"https:\/\/watchdeluxe.it\/es\/prodotto\/montblanc-wallet-a-6-compartimentos-meisterstuck-soft-grain-ref-126250\/","title":{"rendered":"Montblanc Billetero 6 compartimentos Meisterst\u00fcck Soft Grain ref.126250"},"content":{"rendered":"<div class=\"column material\" data-mce-fragment=\"1\">\n<h3 data-mce-fragment=\"1\">Material<\/h3>\n<p class=\"materials\" data-mce-fragment=\"1\"><strong class=\"key\" data-mce-fragment=\"1\">Material<\/strong>Piel bovina<\/p>\n<p class=\"leather\" data-mce-fragment=\"1\"><strong class=\"key\" data-mce-fragment=\"1\">PielCombinaci\u00f3n de<\/strong>piel de vacuno plena flor granulada y lisa, curtida al cromo, te\u00f1ida en masa<\/p>\n<p class=\"brand_colour\" data-mce-fragment=\"1\"><strong class=\"key\" data-mce-fragment=\"1\">ColorNegro<\/strong><\/p>\n<p class=\"lining\" data-mce-fragment=\"1\"><strong class=\"key\" data-mce-fragment=\"1\">ForroForro de poliamida<\/strong>y algod\u00f3n<\/p>\n<\/div>\n<div class=\"column dimensions\" data-mce-fragment=\"1\">\n<h3 data-mce-fragment=\"1\">Dimensiones<\/h3>\n<p class=\"length first\" data-mce-fragment=\"1\"><strong class=\"key\" data-mce-fragment=\"1\">Dimensiones115<\/strong><\/p>\n<p class=\"width\" data-mce-fragment=\"1\">15<\/p>\n<p class=\"height\" data-mce-fragment=\"1\">85<\/p>\n<p class=\"emblem\" data-mce-fragment=\"1\"><strong class=\"key\" data-mce-fragment=\"1\">Acabado \/ EmblemaLos<\/strong>emblemas son centrados manualmente, uno a uno, por nuestros artesanos. El emblema est\u00e1 colocado en el centro, pero si se presiona manualmente con la m\u00e1quina adecuada podr\u00eda moverse o girar. Se trata de una caracter\u00edstica que no compromete la est\u00e9tica del producto, por lo que, seg\u00fan nuestra pol\u00edtica, no puede aceptarse como reclamaci\u00f3n.<\/p>\n<\/div>\n","protected":false},"excerpt":{"rendered":"<p>Material MaterialPiel bovina PielCombinaci\u00f3n depiel de vacuno plena flor granulada y lisa, curtida al cromo, te\u00f1ida en masa ColorNegro ForroForro de poliamiday algod\u00f3n Dimensiones Dimensiones115 15 85 Acabado \/ EmblemaLosemblemas son centrados manualmente, uno a uno, por nuestros artesanos. El emblema est\u00e1 colocado en el centro, pero si se presiona manualmente con la m\u00e1quina adecuada [&hellip;]<\/p>\n","protected":false},"featured_media":154818,"template":"","meta":{"_crdt_document":"","advanced_seo_description":"","jetpack_seo_html_title":"","jetpack_seo_noindex":false},"product_brand":[],"product_cat":[2247],"product_tag":[2351],"berocket_brand":[],"woo-feed-brand":[],"class_list":{"0":"post-72555","1":"product","2":"type-product","3":"status-publish","4":"has-post-thumbnail","6":"product_cat-montblanc-es","7":"product_tag-cartera","9":"first","10":"instock","11":"sale","12":"taxable","13":"shipping-taxable","14":"purchasable","15":"product-type-simple"},"bundled_by":[],"bundle_stock_status":"instock","bundle_stock_quantity":1,"bundle_virtual":false,"bundle_layout":"","bundle_add_to_cart_form_location":"","bundle_editable_in_cart":false,"bundle_sold_individually_context":"","bundle_item_grouping":"","bundle_min_size":"","bundle_max_size":"","bundle_price":[],"bundled_items":[],"bundle_sell_ids":[],"group_of_quantity":0,"min_quantity":0,"max_quantity":"","exclude_order_quantity_value_rules":"no","exclude_category_quantity_rules":"no","combine_variations":"no","exclude_global_add_ons":[],"addons":[],"jetpack_sharing_enabled":true,"jetpack_likes_enabled":true,"_links":{"self":[{"href":"https:\/\/watchdeluxe.it\/es\/wp-json\/wp\/v2\/product\/72555","targetHints":{"allow":["GET"]}}],"collection":[{"href":"https:\/\/watchdeluxe.it\/es\/wp-json\/wp\/v2\/product"}],"about":[{"href":"https:\/\/watchdeluxe.it\/es\/wp-json\/wp\/v2\/types\/product"}],"wp:featuredmedia":[{"embeddable":true,"href":"https:\/\/watchdeluxe.it\/es\/wp-json\/wp\/v2\/media\/154818"}],"wp:attachment":[{"href":"https:\/\/watchdeluxe.it\/es\/wp-json\/wp\/v2\/media?parent=72555"}],"wp:term":[{"taxonomy":"product_brand","embeddable":true,"href":"https:\/\/watchdeluxe.it\/es\/wp-json\/wp\/v2\/product_brand?post=72555"},{"taxonomy":"product_cat","embeddable":true,"href":"https:\/\/watchdeluxe.it\/es\/wp-json\/wp\/v2\/product_cat?post=72555"},{"taxonomy":"product_tag","embeddable":true,"href":"https:\/\/watchdeluxe.it\/es\/wp-json\/wp\/v2\/product_tag?post=72555"},{"taxonomy":"berocket_brand","embeddable":true,"href":"https:\/\/watchdeluxe.it\/es\/wp-json\/wp\/v2\/berocket_brand?post=72555"},{"taxonomy":"woo-feed-brand","embeddable":true,"href":"https:\/\/watchdeluxe.it\/es\/wp-json\/wp\/v2\/woo-feed-brand?post=72555"}],"curies":[{"name":"wp","href":"https:\/\/api.w.org\/{rel}","templated":true}]}}